{"id":233056,"date":"2023-04-21T13:08:33","date_gmt":"2023-04-21T17:08:33","guid":{"rendered":"https:\/\/www.avenuedesigncanada.com\/?post_type=product&#038;p=233056"},"modified":"2026-02-12T10:16:09","modified_gmt":"2026-02-12T15:16:09","slug":"chaise-a-bras-casa-paros-2","status":"publish","type":"product","link":"https:\/\/www.avenuedesigncanada.com\/fr\/product\/chaise-a-bras-casa-paros-2\/","title":{"rendered":"Chaise \u00e0 bras Casa Paros"},"content":{"rendered":"<p><em>La chaise \u00e0 accoudoirs Casa Paros pr\u00e9sente les caract\u00e9ristiques suivantes :<\/em><br \/>\nStructure en bois expos\u00e9 en finition Playa<br \/>\nPanneau vertical envelopp\u00e9 de corde torsad\u00e9e au centre du dossier de la structure de la chaise<br \/>\nSi\u00e8ge et dossier incurv\u00e9 rembourr\u00e9 \u00e0 l&rsquo;int\u00e9rieur et \u00e0 l&rsquo;ext\u00e9rieur<br \/>\nTissu : B638<br \/>\nPatins<\/p>\n<p>Vous avez des questions sur ce produit ? Nos concepteurs sont l\u00e0 pour vous aider. Appelez-nous au (514) 340-9351  <\/p>\n","protected":false},"excerpt":{"rendered":"<p>Un cadre en bois se plie et se courbe de chaque c\u00f4t\u00e9 de la chaise Casa Paros, tandis qu&rsquo;un d\u00e9tail de corde lac\u00e9 et torsad\u00e9 relie le cadre sur le panneau arri\u00e8re. Le dossier flottant et l&rsquo;assise recouverte offrent un grand confort, tandis que la finition Playa du bois met en valeur un style rustique moderne.<\/p>\n","protected":false},"featured_media":233064,"template":"","meta":{"_kad_blocks_custom_css":"","_kad_blocks_head_custom_js":"","_kad_blocks_body_custom_js":"","_kad_blocks_footer_custom_js":"","_kad_post_transparent":"","_kad_post_title":"","_kad_post_layout":"","_kad_post_sidebar_id":"","_kad_post_content_style":"","_kad_post_vertical_padding":"","_kad_post_feature":"","_kad_post_feature_position":"","_kad_post_header":false,"_kad_post_footer":false,"_kad_post_classname":""},"product_brand":[],"product_cat":[1302],"product_tag":[1851],"class_list":{"0":"post-233056","1":"product","2":"type-product","3":"status-publish","4":"has-post-thumbnail","6":"product_cat-chaises","7":"product_tag-barcelona-fr","9":"first","10":"instock","11":"taxable","12":"shipping-taxable","13":"product-type-simple","14":"entry","15":"content-bg","16":"loop-entry"},"taxonomy_info":{"product_cat":[{"value":1302,"label":"Chaises"}],"product_tag":[{"value":1851,"label":"BARCELONA"}]},"featured_image_src_large":["https:\/\/www.avenuedesigncanada.com\/wp-content\/uploads\/2023\/04\/317566_103-1024x1024.jpg",1024,1024,true],"author_info":[],"comment_info":"","_links":{"self":[{"href":"https:\/\/www.avenuedesigncanada.com\/fr\/wp-json\/wp\/v2\/product\/233056","targetHints":{"allow":["GET"]}}],"collection":[{"href":"https:\/\/www.avenuedesigncanada.com\/fr\/wp-json\/wp\/v2\/product"}],"about":[{"href":"https:\/\/www.avenuedesigncanada.com\/fr\/wp-json\/wp\/v2\/types\/product"}],"wp:featuredmedia":[{"embeddable":true,"href":"https:\/\/www.avenuedesigncanada.com\/fr\/wp-json\/wp\/v2\/media\/233064"}],"wp:attachment":[{"href":"https:\/\/www.avenuedesigncanada.com\/fr\/wp-json\/wp\/v2\/media?parent=233056"}],"wp:term":[{"taxonomy":"product_brand","embeddable":true,"href":"https:\/\/www.avenuedesigncanada.com\/fr\/wp-json\/wp\/v2\/product_brand?post=233056"},{"taxonomy":"product_cat","embeddable":true,"href":"https:\/\/www.avenuedesigncanada.com\/fr\/wp-json\/wp\/v2\/product_cat?post=233056"},{"taxonomy":"product_tag","embeddable":true,"href":"https:\/\/www.avenuedesigncanada.com\/fr\/wp-json\/wp\/v2\/product_tag?post=233056"}],"curies":[{"name":"wp","href":"https:\/\/api.w.org\/{rel}","templated":true}]}}