{"id":233092,"date":"2023-04-21T13:29:52","date_gmt":"2023-04-21T17:29:52","guid":{"rendered":"https:\/\/www.avenuedesigncanada.com\/?post_type=product&#038;p=233092"},"modified":"2026-02-12T10:16:10","modified_gmt":"2026-02-12T15:16:10","slug":"credence-casa-paros","status":"publish","type":"product","link":"https:\/\/www.avenuedesigncanada.com\/fr\/product\/credence-casa-paros\/","title":{"rendered":"Cr\u00e9dence Casa Paros"},"content":{"rendered":"<p><em>Le buffet Casa Paros pr\u00e9sente les caract\u00e9ristiques suivantes :<\/em><br \/>\nCaisse en bois et quatre pieds \u00e9vas\u00e9s en finition Playa<br \/>\nTrois portes \u00e0 ouverture progressive<br \/>\nFa\u00e7ades de porte en faux b\u00e9ton en r\u00e9sine moul\u00e9e dimensionnelle en finition Bedrock<br \/>\n\u00c9tag\u00e8re r\u00e9glable et amovible derri\u00e8re chaque porte<br \/>\nTablette inf\u00e9rieure en faux b\u00e9ton en finition Bedrock<br \/>\nPatins r\u00e9glables<br \/>\nKit anti-basculement inclus<br \/>\nNe convient pas pour une utilisation avec un t\u00e9l\u00e9viseur<\/p>\n<p>Vous avez des questions sur ce produit ? Nos concepteurs sont l\u00e0 pour vous aider. Appelez-nous au (514) 340-9351  <\/p>\n","protected":false},"excerpt":{"rendered":"<p>Les textures et les dimensions conf\u00e8rent au buffet Casa Paros un look unique. Trois portes \u00e0 fermeture douce en r\u00e9sine coul\u00e9e faux b\u00e9ton sont raffin\u00e9es en finition Bedrock. Le plateau et les pieds \u00e9vas\u00e9s sont en finition chaude Playa, et une tablette \u00e9galement en finition Bedrock. Derri\u00e8re chaque porte se trouvent des tablettes ajustables et amovibles.<\/p>\n","protected":false},"featured_media":233100,"template":"","meta":{"_kad_blocks_custom_css":"","_kad_blocks_head_custom_js":"","_kad_blocks_body_custom_js":"","_kad_blocks_footer_custom_js":"","_kad_post_transparent":"","_kad_post_title":"","_kad_post_layout":"","_kad_post_sidebar_id":"","_kad_post_content_style":"","_kad_post_vertical_padding":"","_kad_post_feature":"","_kad_post_feature_position":"","_kad_post_header":false,"_kad_post_footer":false,"_kad_post_classname":""},"product_brand":[],"product_cat":[1303],"product_tag":[1844],"class_list":{"0":"post-233092","1":"product","2":"type-product","3":"status-publish","4":"has-post-thumbnail","6":"product_cat-buffets","7":"product_tag-barcelona-cg-fr-2","9":"first","10":"instock","11":"taxable","12":"shipping-taxable","13":"product-type-simple","14":"entry","15":"content-bg","16":"loop-entry"},"taxonomy_info":{"product_cat":[{"value":1303,"label":"Buffets"}],"product_tag":[{"value":1844,"label":"BARCELONA - CG"}]},"featured_image_src_large":["https:\/\/www.avenuedesigncanada.com\/wp-content\/uploads\/2023\/04\/317131-1024x1024.jpg",1024,1024,true],"author_info":[],"comment_info":"","_links":{"self":[{"href":"https:\/\/www.avenuedesigncanada.com\/fr\/wp-json\/wp\/v2\/product\/233092","targetHints":{"allow":["GET"]}}],"collection":[{"href":"https:\/\/www.avenuedesigncanada.com\/fr\/wp-json\/wp\/v2\/product"}],"about":[{"href":"https:\/\/www.avenuedesigncanada.com\/fr\/wp-json\/wp\/v2\/types\/product"}],"wp:featuredmedia":[{"embeddable":true,"href":"https:\/\/www.avenuedesigncanada.com\/fr\/wp-json\/wp\/v2\/media\/233100"}],"wp:attachment":[{"href":"https:\/\/www.avenuedesigncanada.com\/fr\/wp-json\/wp\/v2\/media?parent=233092"}],"wp:term":[{"taxonomy":"product_brand","embeddable":true,"href":"https:\/\/www.avenuedesigncanada.com\/fr\/wp-json\/wp\/v2\/product_brand?post=233092"},{"taxonomy":"product_cat","embeddable":true,"href":"https:\/\/www.avenuedesigncanada.com\/fr\/wp-json\/wp\/v2\/product_cat?post=233092"},{"taxonomy":"product_tag","embeddable":true,"href":"https:\/\/www.avenuedesigncanada.com\/fr\/wp-json\/wp\/v2\/product_tag?post=233092"}],"curies":[{"name":"wp","href":"https:\/\/api.w.org\/{rel}","templated":true}]}}