{"id":234078,"date":"2023-04-25T14:23:35","date_gmt":"2023-04-25T18:23:35","guid":{"rendered":"https:\/\/www.avenuedesigncanada.com\/?post_type=product&#038;p=234078"},"modified":"2026-02-12T10:16:13","modified_gmt":"2026-02-12T15:16:13","slug":"table-console-casa-paros","status":"publish","type":"product","link":"https:\/\/www.avenuedesigncanada.com\/fr\/product\/table-console-casa-paros\/","title":{"rendered":"Table console Casa Paros"},"content":{"rendered":"<p>Bois massif et placage de ch\u00eane blanc en finition Playa<\/p>\n<p>Montants en m\u00e9tal en finition Anthracite<\/p>\n<p>Le plateau en bois sur\u00e9lev\u00e9 est surmont\u00e9 d&rsquo;une tablette fixe et de deux plateaux coulissants extensibles.<\/p>\n<p>Les plateaux ne sont pas amovibles<\/p>\n<p>Deux tiroirs \u00e0 fermeture douce avec tirettes m\u00e9talliques en finition Anthracite sous la tablette<\/p>\n<p>Base en bois<\/p>\n<p>Les mat\u00e9riaux tactiles discrets cr\u00e9ent un design original avec la table console Casa Paros. Deux plateaux coulissants extensibles et deux tiroirs flottent dans un cadre m\u00e9tallique. Le dessus et la base offrent deux autres tablettes en bois, le tout en finition Playa. La quincaillerie en m\u00e9tal moul\u00e9 compl\u00e8te le style organique et rustique.<\/p>\n","protected":false},"excerpt":{"rendered":"<p>Les mat\u00e9riaux tactiles discrets cr\u00e9ent un design original avec la table console Casa Paros. Deux plateaux coulissants extensibles et deux tiroirs flottent dans un cadre m\u00e9tallique. Le dessus et la base offrent deux autres tablettes en bois, le tout en finition Playa. La quincaillerie en m\u00e9tal moul\u00e9 compl\u00e8te le style organique et rustique.<\/p>\n","protected":false},"featured_media":234086,"template":"","meta":{"_kad_blocks_custom_css":"","_kad_blocks_head_custom_js":"","_kad_blocks_body_custom_js":"","_kad_blocks_footer_custom_js":"","_kad_post_transparent":"","_kad_post_title":"","_kad_post_layout":"","_kad_post_sidebar_id":"","_kad_post_content_style":"","_kad_post_vertical_padding":"","_kad_post_feature":"","_kad_post_feature_position":"","_kad_post_header":false,"_kad_post_footer":false,"_kad_post_classname":""},"product_brand":[],"product_cat":[1328],"product_tag":[1844],"class_list":{"0":"post-234078","1":"product","2":"type-product","3":"status-publish","4":"has-post-thumbnail","6":"product_cat-consoles","7":"product_tag-barcelona-cg-fr-2","9":"first","10":"instock","11":"taxable","12":"shipping-taxable","13":"product-type-simple","14":"entry","15":"content-bg","16":"loop-entry"},"taxonomy_info":{"product_cat":[{"value":1328,"label":"Consoles"}],"product_tag":[{"value":1844,"label":"BARCELONA - CG"}]},"featured_image_src_large":["https:\/\/www.avenuedesigncanada.com\/wp-content\/uploads\/2023\/04\/317912-1024x1024.jpg",1024,1024,true],"author_info":[],"comment_info":"","_links":{"self":[{"href":"https:\/\/www.avenuedesigncanada.com\/fr\/wp-json\/wp\/v2\/product\/234078","targetHints":{"allow":["GET"]}}],"collection":[{"href":"https:\/\/www.avenuedesigncanada.com\/fr\/wp-json\/wp\/v2\/product"}],"about":[{"href":"https:\/\/www.avenuedesigncanada.com\/fr\/wp-json\/wp\/v2\/types\/product"}],"wp:featuredmedia":[{"embeddable":true,"href":"https:\/\/www.avenuedesigncanada.com\/fr\/wp-json\/wp\/v2\/media\/234086"}],"wp:attachment":[{"href":"https:\/\/www.avenuedesigncanada.com\/fr\/wp-json\/wp\/v2\/media?parent=234078"}],"wp:term":[{"taxonomy":"product_brand","embeddable":true,"href":"https:\/\/www.avenuedesigncanada.com\/fr\/wp-json\/wp\/v2\/product_brand?post=234078"},{"taxonomy":"product_cat","embeddable":true,"href":"https:\/\/www.avenuedesigncanada.com\/fr\/wp-json\/wp\/v2\/product_cat?post=234078"},{"taxonomy":"product_tag","embeddable":true,"href":"https:\/\/www.avenuedesigncanada.com\/fr\/wp-json\/wp\/v2\/product_tag?post=234078"}],"curies":[{"name":"wp","href":"https:\/\/api.w.org\/{rel}","templated":true}]}}