{"id":234236,"date":"2022-09-26T11:25:01","date_gmt":"2022-09-26T15:25:01","guid":{"rendered":"https:\/\/www.avenuedesigncanada.com\/?post_type=product&#038;p=234236"},"modified":"2026-02-12T10:16:15","modified_gmt":"2026-02-12T15:16:15","slug":"sectionnel-blow","status":"publish","type":"product","link":"https:\/\/www.avenuedesigncanada.com\/fr\/product\/sectionnel-blow\/","title":{"rendered":"Sectionnel Blow"},"content":{"rendered":"<p><em>Les caract\u00e9ristiques du sectionnel d&rsquo;ext\u00e9rieur Blow:<\/em><\/p>\n<p>Base en aluminium thermolaqu\u00e9 en finition noire<\/p>\n<p>Tissu Sunbrella<\/p>\n<p>100% r\u00e9sistant aux intemp\u00e9ries<\/p>\n<p>Housses incluses<\/p>\n<p>Options<\/p>\n<p>Combinez la causeuse bras droit, la chaise lounge bras gauche et le pouf de la collection Blow pour cr\u00e9er votre sectionnel<\/p>\n<p>Choix de deux combinaisons de tissus : Lead Chin\u00e9 &amp; Sooty ou Sooty &amp; Lead Chin\u00e9<\/p>\n<p>Notre collection de meubles d\u2019ext\u00e9rieur est rembourr\u00e9e avec des tissus ou du cuir qui conviennent \u00e0 un usage ext\u00e9rieur.\u00a0Nos meubles ne sont pas con\u00e7us pour \u00eatre imperm\u00e9ables, mais ils laissent \u00e9chapper l\u2019eau le plus rapidement possible. En utilisant des mat\u00e9riaux qui respirent, nous assurons une circulation d\u2019air constante \u00e0 l\u2019int\u00e9rieur de nos meubles. Ainsi, apr\u00e8s une forte pluie, les meubles peuvent s\u00e9cher compl\u00e8tement apr\u00e8s 30 minutes.<\/p>\n<p>&nbsp;<\/p>\n","protected":false},"excerpt":{"rendered":"<p>Avez-vous des questions \u00e0 propos de ce produit ?<\/p>\n<p>Nos designers sont l\u00e0 pour vous aider.<\/p>\n<p><strong>Appelez-nous au (514) 340-9351<\/strong><\/p>\n","protected":false},"featured_media":158046,"template":"","meta":{"_kad_blocks_custom_css":"","_kad_blocks_head_custom_js":"","_kad_blocks_body_custom_js":"","_kad_blocks_footer_custom_js":"","_kad_post_transparent":"","_kad_post_title":"","_kad_post_layout":"","_kad_post_sidebar_id":"","_kad_post_content_style":"","_kad_post_vertical_padding":"","_kad_post_feature":"","_kad_post_feature_position":"","_kad_post_header":false,"_kad_post_footer":false,"_kad_post_classname":""},"product_brand":[],"product_cat":[1926],"product_tag":[1568],"class_list":{"0":"post-234236","1":"product","2":"type-product","3":"status-publish","4":"has-post-thumbnail","6":"product_cat-non-classifiee","7":"product_tag-donavilla-fr","9":"first","10":"instock","11":"purchasable","12":"product-type-variable","13":"entry","14":"content-bg","15":"loop-entry"},"taxonomy_info":{"product_cat":[{"value":1926,"label":"Non classifi\u00e9(e)"}],"product_tag":[{"value":1568,"label":"DONAVILLA"}]},"featured_image_src_large":["https:\/\/www.avenuedesigncanada.com\/wp-content\/uploads\/2022\/08\/28-1021x1024.jpg",1021,1024,true],"author_info":[],"comment_info":"","_links":{"self":[{"href":"https:\/\/www.avenuedesigncanada.com\/fr\/wp-json\/wp\/v2\/product\/234236","targetHints":{"allow":["GET"]}}],"collection":[{"href":"https:\/\/www.avenuedesigncanada.com\/fr\/wp-json\/wp\/v2\/product"}],"about":[{"href":"https:\/\/www.avenuedesigncanada.com\/fr\/wp-json\/wp\/v2\/types\/product"}],"wp:featuredmedia":[{"embeddable":true,"href":"https:\/\/www.avenuedesigncanada.com\/fr\/wp-json\/wp\/v2\/media\/158046"}],"wp:attachment":[{"href":"https:\/\/www.avenuedesigncanada.com\/fr\/wp-json\/wp\/v2\/media?parent=234236"}],"wp:term":[{"taxonomy":"product_brand","embeddable":true,"href":"https:\/\/www.avenuedesigncanada.com\/fr\/wp-json\/wp\/v2\/product_brand?post=234236"},{"taxonomy":"product_cat","embeddable":true,"href":"https:\/\/www.avenuedesigncanada.com\/fr\/wp-json\/wp\/v2\/product_cat?post=234236"},{"taxonomy":"product_tag","embeddable":true,"href":"https:\/\/www.avenuedesigncanada.com\/fr\/wp-json\/wp\/v2\/product_tag?post=234236"}],"curies":[{"name":"wp","href":"https:\/\/api.w.org\/{rel}","templated":true}]}}