{"id":234284,"date":"2023-04-26T15:05:36","date_gmt":"2023-04-26T19:05:36","guid":{"rendered":"https:\/\/www.avenuedesigncanada.com\/?post_type=product&#038;p=234284"},"modified":"2026-02-12T10:16:14","modified_gmt":"2026-02-12T15:16:14","slug":"table-de-chevet-coro","status":"publish","type":"product","link":"https:\/\/www.avenuedesigncanada.com\/fr\/product\/table-de-chevet-coro\/","title":{"rendered":"Table de chevet Coro"},"content":{"rendered":"<p><em>La table de nuit Coro pr\u00e9sente les caract\u00e9ristiques suivantes :<\/em><br \/>\nFinition Azucar<br \/>\nDeux tiroirs \u00e0 fermeture progressive<br \/>\nPoign\u00e9es de tiroir en acier inoxydable poli<br \/>\nPieds en acier inoxydable poli<br \/>\nChargeur USB \u00e0 deux ports \u00e0 l&rsquo;arri\u00e8re<br \/>\nPatins r\u00e9glables<br \/>\nKit anti-bascule et feuille d&rsquo;instructions inclus<\/p>\n<p>Avez-vous des questions \u00e0 propos de ce produit ? Nos designers sont l\u00e0 pour vous aider.  Appelez-nous au (514) 340-9351<\/p>\n","protected":false},"excerpt":{"rendered":"<p>La table de nuit Coro attire tous les regards avec son design g\u00e9om\u00e9trique moderne. La quincaillerie en acier inoxydable offre un aspect dimensionnel sur deux fa\u00e7ades de tiroirs en finition Azucar. Des pieds originaux sont fa\u00e7onn\u00e9s en acier inoxydable et une unit\u00e9 de chargement USB \u00e0 deux ports est incluse au dos de l&rsquo;\u00e9tui.<\/p>\n","protected":false},"featured_media":234286,"template":"","meta":{"_kad_blocks_custom_css":"","_kad_blocks_head_custom_js":"","_kad_blocks_body_custom_js":"","_kad_blocks_footer_custom_js":"","_kad_post_transparent":"","_kad_post_title":"","_kad_post_layout":"","_kad_post_sidebar_id":"","_kad_post_content_style":"","_kad_post_vertical_padding":"","_kad_post_feature":"","_kad_post_feature_position":"","_kad_post_header":false,"_kad_post_footer":false,"_kad_post_classname":""},"product_brand":[],"product_cat":[1299],"product_tag":[1844],"class_list":{"0":"post-234284","1":"product","2":"type-product","3":"status-publish","4":"has-post-thumbnail","6":"product_cat-tables-de-nuit","7":"product_tag-barcelona-cg-fr-2","9":"first","10":"instock","11":"taxable","12":"shipping-taxable","13":"product-type-simple","14":"entry","15":"content-bg","16":"loop-entry"},"taxonomy_info":{"product_cat":[{"value":1299,"label":"Tables de chevet"}],"product_tag":[{"value":1844,"label":"BARCELONA - CG"}]},"featured_image_src_large":["https:\/\/www.avenuedesigncanada.com\/wp-content\/uploads\/2023\/04\/316232-2-931x1024.jpg",931,1024,true],"author_info":[],"comment_info":"","_links":{"self":[{"href":"https:\/\/www.avenuedesigncanada.com\/fr\/wp-json\/wp\/v2\/product\/234284","targetHints":{"allow":["GET"]}}],"collection":[{"href":"https:\/\/www.avenuedesigncanada.com\/fr\/wp-json\/wp\/v2\/product"}],"about":[{"href":"https:\/\/www.avenuedesigncanada.com\/fr\/wp-json\/wp\/v2\/types\/product"}],"wp:featuredmedia":[{"embeddable":true,"href":"https:\/\/www.avenuedesigncanada.com\/fr\/wp-json\/wp\/v2\/media\/234286"}],"wp:attachment":[{"href":"https:\/\/www.avenuedesigncanada.com\/fr\/wp-json\/wp\/v2\/media?parent=234284"}],"wp:term":[{"taxonomy":"product_brand","embeddable":true,"href":"https:\/\/www.avenuedesigncanada.com\/fr\/wp-json\/wp\/v2\/product_brand?post=234284"},{"taxonomy":"product_cat","embeddable":true,"href":"https:\/\/www.avenuedesigncanada.com\/fr\/wp-json\/wp\/v2\/product_cat?post=234284"},{"taxonomy":"product_tag","embeddable":true,"href":"https:\/\/www.avenuedesigncanada.com\/fr\/wp-json\/wp\/v2\/product_tag?post=234284"}],"curies":[{"name":"wp","href":"https:\/\/api.w.org\/{rel}","templated":true}]}}