{"id":234711,"date":"2023-04-27T08:46:59","date_gmt":"2023-04-27T12:46:59","guid":{"rendered":"https:\/\/www.avenuedesigncanada.com\/?post_type=product&#038;p=234711"},"modified":"2026-02-12T10:16:17","modified_gmt":"2026-02-12T15:16:17","slug":"table-ronde-nova","status":"publish","type":"product","link":"https:\/\/www.avenuedesigncanada.com\/fr\/product\/table-ronde-nova\/","title":{"rendered":"Table \u00e0 diner  ronde Nova"},"content":{"rendered":"<p><em>La table \u00e0 manger Nova pr\u00e9sente les caract\u00e9ristiques suivantes :<\/em><\/p>\n<p>Plateau : verre rond \u00e9pais avec bords polis<br \/>\nBase : Acier inoxydable poli, compos\u00e9 de deux sections angulaires reli\u00e9es au centre par trois connecteurs m\u00e9talliques rectangulaires espac\u00e9s<br \/>\nPatins r\u00e9glables<br \/>\nLes sp\u00e9cifications peuvent \u00eatre modifi\u00e9es sans pr\u00e9avis.<\/p>\n<p>Vous avez des questions sur ce produit ? Nos concepteurs sont l\u00e0 pour vous aider. Appelez-nous au (514) 340-9351  <\/p>\n","protected":false},"excerpt":{"rendered":"<p>La table de salle \u00e0 manger Nova est une interpr\u00e9tation \u00e9l\u00e9gante du design industriel. Un plateau rond en verre est soutenu par deux sections angulaires en acier inoxydable qui sont reli\u00e9es au centre. C&rsquo;est un style parfaitement soign\u00e9 pour la vie moderne.<\/p>\n","protected":false},"featured_media":234713,"template":"","meta":{"_kad_blocks_custom_css":"","_kad_blocks_head_custom_js":"","_kad_blocks_body_custom_js":"","_kad_blocks_footer_custom_js":"","_kad_post_transparent":"","_kad_post_title":"","_kad_post_layout":"","_kad_post_sidebar_id":"","_kad_post_content_style":"","_kad_post_vertical_padding":"","_kad_post_feature":"","_kad_post_feature_position":"","_kad_post_header":false,"_kad_post_footer":false,"_kad_post_classname":""},"product_brand":[],"product_cat":[1306],"product_tag":[1844],"class_list":{"0":"post-234711","1":"product","2":"type-product","3":"status-publish","4":"has-post-thumbnail","6":"product_cat-tables-de-salle-a-manger","7":"product_tag-barcelona-cg-fr-2","9":"first","10":"instock","11":"taxable","12":"shipping-taxable","13":"product-type-simple","14":"entry","15":"content-bg","16":"loop-entry"},"taxonomy_info":{"product_cat":[{"value":1306,"label":"Tables"}],"product_tag":[{"value":1844,"label":"BARCELONA - CG"}]},"featured_image_src_large":["https:\/\/www.avenuedesigncanada.com\/wp-content\/uploads\/2023\/04\/K1867-1024x1024.jpg",1024,1024,true],"author_info":[],"comment_info":"","_links":{"self":[{"href":"https:\/\/www.avenuedesigncanada.com\/fr\/wp-json\/wp\/v2\/product\/234711","targetHints":{"allow":["GET"]}}],"collection":[{"href":"https:\/\/www.avenuedesigncanada.com\/fr\/wp-json\/wp\/v2\/product"}],"about":[{"href":"https:\/\/www.avenuedesigncanada.com\/fr\/wp-json\/wp\/v2\/types\/product"}],"wp:featuredmedia":[{"embeddable":true,"href":"https:\/\/www.avenuedesigncanada.com\/fr\/wp-json\/wp\/v2\/media\/234713"}],"wp:attachment":[{"href":"https:\/\/www.avenuedesigncanada.com\/fr\/wp-json\/wp\/v2\/media?parent=234711"}],"wp:term":[{"taxonomy":"product_brand","embeddable":true,"href":"https:\/\/www.avenuedesigncanada.com\/fr\/wp-json\/wp\/v2\/product_brand?post=234711"},{"taxonomy":"product_cat","embeddable":true,"href":"https:\/\/www.avenuedesigncanada.com\/fr\/wp-json\/wp\/v2\/product_cat?post=234711"},{"taxonomy":"product_tag","embeddable":true,"href":"https:\/\/www.avenuedesigncanada.com\/fr\/wp-json\/wp\/v2\/product_tag?post=234711"}],"curies":[{"name":"wp","href":"https:\/\/api.w.org\/{rel}","templated":true}]}}