{"id":235582,"date":"2023-05-02T12:19:41","date_gmt":"2023-05-02T16:19:41","guid":{"rendered":"https:\/\/www.avenuedesigncanada.com\/?post_type=product&#038;p=235582"},"modified":"2026-02-12T10:16:22","modified_gmt":"2026-02-12T15:16:22","slug":"table-de-chevet-harmony","status":"publish","type":"product","link":"https:\/\/www.avenuedesigncanada.com\/fr\/product\/table-de-chevet-harmony\/","title":{"rendered":"Table de chevet Harmony"},"content":{"rendered":"<p><em>La table de nuit Harmony pr\u00e9sente les caract\u00e9ristiques suivantes :<\/em><br \/>\n\u00c9rable massif et placage<br \/>\nDeux tiroirs<br \/>\nDisponible en teinture, peinture, peinture m\u00e9tallis\u00e9e, Artisan, MIY, Premium Leaf ou finitions combin\u00e9es<br \/>\nLes options de quincaillerie comprennent un bouton en agate grise ou en cristal blanc<br \/>\nMontr\u00e9 en finition Sea Salt avec un bouton en cristal blanc.<\/p>\n<p>Avez-vous des questions \u00e0 propos de ce produit ? Nos designers sont l\u00e0 pour vous aider.  Appelez-nous au (514) 340-9351<\/p>\n","protected":false},"excerpt":{"rendered":"<p>La table de nuit Harmony est fabriqu\u00e9e en \u00e9rable massif et placage et comporte deux tiroirs con\u00e7us pour un rangement raffin\u00e9 au chevet du lit. Disponible dans une large gamme de finitions, y compris la teinture, la peinture, la peinture m\u00e9tallique, Artisan, MIY, Premium Leaf, ou des options combin\u00e9es, elle offre une personnalisation exceptionnelle. Les choix de quincaillerie d\u00e9corative comprennent des boutons en agate grise ou en cristal blanc, ce qui permet d&rsquo;apporter une touche personnalis\u00e9e. Tel qu&rsquo;illustr\u00e9 dans une finition sel de mer avec des boutons en cristal blanc, cette pi\u00e8ce \u00e9l\u00e9gante apporte une pr\u00e9sence douce et sophistiqu\u00e9e \u00e0 la chambre \u00e0 coucher.   <\/p>\n","protected":false},"featured_media":235584,"template":"","meta":{"_kad_blocks_custom_css":"","_kad_blocks_head_custom_js":"","_kad_blocks_body_custom_js":"","_kad_blocks_footer_custom_js":"","_kad_post_transparent":"","_kad_post_title":"","_kad_post_layout":"","_kad_post_sidebar_id":"","_kad_post_content_style":"","_kad_post_vertical_padding":"","_kad_post_feature":"","_kad_post_feature_position":"","_kad_post_header":false,"_kad_post_footer":false,"_kad_post_classname":""},"product_brand":[],"product_cat":[1299],"product_tag":[1369],"class_list":{"0":"post-235582","1":"product","2":"type-product","3":"status-publish","4":"has-post-thumbnail","6":"product_cat-tables-de-nuit","7":"product_tag-theodore-fr","9":"first","10":"instock","11":"taxable","12":"shipping-taxable","13":"product-type-simple","14":"entry","15":"content-bg","16":"loop-entry"},"taxonomy_info":{"product_cat":[{"value":1299,"label":"Tables de chevet"}],"product_tag":[{"value":1369,"label":"THEODORE"}]},"featured_image_src_large":["https:\/\/www.avenuedesigncanada.com\/wp-content\/uploads\/2023\/05\/7002N3_LT-HO-1024x1024.jpg",1024,1024,true],"author_info":[],"comment_info":"","_links":{"self":[{"href":"https:\/\/www.avenuedesigncanada.com\/fr\/wp-json\/wp\/v2\/product\/235582","targetHints":{"allow":["GET"]}}],"collection":[{"href":"https:\/\/www.avenuedesigncanada.com\/fr\/wp-json\/wp\/v2\/product"}],"about":[{"href":"https:\/\/www.avenuedesigncanada.com\/fr\/wp-json\/wp\/v2\/types\/product"}],"wp:featuredmedia":[{"embeddable":true,"href":"https:\/\/www.avenuedesigncanada.com\/fr\/wp-json\/wp\/v2\/media\/235584"}],"wp:attachment":[{"href":"https:\/\/www.avenuedesigncanada.com\/fr\/wp-json\/wp\/v2\/media?parent=235582"}],"wp:term":[{"taxonomy":"product_brand","embeddable":true,"href":"https:\/\/www.avenuedesigncanada.com\/fr\/wp-json\/wp\/v2\/product_brand?post=235582"},{"taxonomy":"product_cat","embeddable":true,"href":"https:\/\/www.avenuedesigncanada.com\/fr\/wp-json\/wp\/v2\/product_cat?post=235582"},{"taxonomy":"product_tag","embeddable":true,"href":"https:\/\/www.avenuedesigncanada.com\/fr\/wp-json\/wp\/v2\/product_tag?post=235582"}],"curies":[{"name":"wp","href":"https:\/\/api.w.org\/{rel}","templated":true}]}}