{"id":235731,"date":"2023-05-03T08:34:05","date_gmt":"2023-05-03T12:34:05","guid":{"rendered":"https:\/\/www.avenuedesigncanada.com\/?post_type=product&#038;p=235731"},"modified":"2026-02-12T10:16:23","modified_gmt":"2026-02-12T15:16:23","slug":"cabinet-jazz","status":"publish","type":"product","link":"https:\/\/www.avenuedesigncanada.com\/fr\/product\/cabinet-jazz\/","title":{"rendered":"Cabinet Jazz"},"content":{"rendered":"<p> <em> La commode Jazz Door Chest pr\u00e9sente les caract\u00e9ristiques suivantes : <\/em><br \/>\n Solides et placages en \u00e9rable<\/p>\n<p>Une tablette ajustable derri\u00e8re les portes<\/p>\n<p>Deux portes \u00e0 ouverture par pression<\/p>\n<p>Options<\/p>\n<p>Teinture, peinture, peinture m\u00e9tallis\u00e9e, Artisan, MIY, Premium Leaf, combinaison de deux finitions<\/p>\n<p>Comme montr\u00e9:<\/p>\n<p>Fini: Casablanca.<\/p>\n<p>Vous avez des questions sur ce produit ?<\/p>\n<p>Nos concepteurs sont l\u00e0 pour vous aider. Appelez-nous au (514) 340-9351 <\/p>\n","protected":false},"excerpt":{"rendered":"<p>Fabriqu\u00e9 \u00e0 partir de solides et de placages d&rsquo;\u00e9rable de premi\u00e8re qualit\u00e9, ce meuble allie une \u00e9l\u00e9gance intemporelle \u00e0 un design fonctionnel. Dot\u00e9 de deux portes avec loquets pratiques et d&rsquo;une \u00e9tag\u00e8re r\u00e9glable derri\u00e8re les portes, il offre un espace de rangement polyvalent tout en conservant un aspect \u00e9l\u00e9gant et homog\u00e8ne. Disponible dans une gamme de finitions.  <\/p>\n","protected":false},"featured_media":235739,"template":"","meta":{"_kad_blocks_custom_css":"","_kad_blocks_head_custom_js":"","_kad_blocks_body_custom_js":"","_kad_blocks_footer_custom_js":"","_kad_post_transparent":"","_kad_post_title":"","_kad_post_layout":"","_kad_post_sidebar_id":"","_kad_post_content_style":"","_kad_post_vertical_padding":"","_kad_post_feature":"","_kad_post_feature_position":"","_kad_post_header":false,"_kad_post_footer":false,"_kad_post_classname":""},"product_brand":[],"product_cat":[1322],"product_tag":[1369],"class_list":{"0":"post-235731","1":"product","2":"type-product","3":"status-publish","4":"has-post-thumbnail","6":"product_cat-meubles-dappoint","7":"product_tag-theodore-fr","9":"first","10":"instock","11":"taxable","12":"shipping-taxable","13":"product-type-simple","14":"entry","15":"content-bg","16":"loop-entry"},"taxonomy_info":{"product_cat":[{"value":1322,"label":"Meubles d'appoint"}],"product_tag":[{"value":1369,"label":"THEODORE"}]},"featured_image_src_large":["https:\/\/www.avenuedesigncanada.com\/wp-content\/uploads\/2023\/05\/7015H_CB-HO-1024x1024.jpg",1024,1024,true],"author_info":[],"comment_info":"","_links":{"self":[{"href":"https:\/\/www.avenuedesigncanada.com\/fr\/wp-json\/wp\/v2\/product\/235731","targetHints":{"allow":["GET"]}}],"collection":[{"href":"https:\/\/www.avenuedesigncanada.com\/fr\/wp-json\/wp\/v2\/product"}],"about":[{"href":"https:\/\/www.avenuedesigncanada.com\/fr\/wp-json\/wp\/v2\/types\/product"}],"wp:featuredmedia":[{"embeddable":true,"href":"https:\/\/www.avenuedesigncanada.com\/fr\/wp-json\/wp\/v2\/media\/235739"}],"wp:attachment":[{"href":"https:\/\/www.avenuedesigncanada.com\/fr\/wp-json\/wp\/v2\/media?parent=235731"}],"wp:term":[{"taxonomy":"product_brand","embeddable":true,"href":"https:\/\/www.avenuedesigncanada.com\/fr\/wp-json\/wp\/v2\/product_brand?post=235731"},{"taxonomy":"product_cat","embeddable":true,"href":"https:\/\/www.avenuedesigncanada.com\/fr\/wp-json\/wp\/v2\/product_cat?post=235731"},{"taxonomy":"product_tag","embeddable":true,"href":"https:\/\/www.avenuedesigncanada.com\/fr\/wp-json\/wp\/v2\/product_tag?post=235731"}],"curies":[{"name":"wp","href":"https:\/\/api.w.org\/{rel}","templated":true}]}}