{"id":244132,"date":"2023-06-20T12:01:19","date_gmt":"2023-06-20T16:01:19","guid":{"rendered":"https:\/\/www.avenuedesigncanada.com\/?post_type=product&#038;p=244132"},"modified":"2026-02-12T10:16:28","modified_gmt":"2026-02-12T15:16:28","slug":"table-console-odis","status":"publish","type":"product","link":"https:\/\/www.avenuedesigncanada.com\/fr\/product\/table-console-odis\/","title":{"rendered":"Table console Odis"},"content":{"rendered":"<p><em>La table console Odis pr\u00e9sente les caract\u00e9ristiques suivantes :<\/em> <\/p>\n<p>Placage de ch\u00eane moka<br \/>\nFini bronze<\/p>\n<p>Vous avez des questions sur ce produit ?<br \/>\nNos designers sont l\u00e0 pour vous aider.<br \/>\nAppelez-nous au (514) 340-9351<\/p>\n","protected":false},"excerpt":{"rendered":"<p>La table console Odis est une pi\u00e8ce \u00e9tonnante fabriqu\u00e9e avec un placage de ch\u00eane moka et une finition en bronze fonc\u00e9. Son design unique met l&rsquo;accent sur l&rsquo;\u00e9quilibre et la sophistication, ce qui en fait un compl\u00e9ment id\u00e9al \u00e0 tout espace de vie. Avec sa surface spacieuse, id\u00e9ale pour exposer vos objets de d\u00e9coration pr\u00e9f\u00e9r\u00e9s, et son esth\u00e9tique moderne, la table console Odis ne manquera pas de rehausser l&rsquo;aspect de n&rsquo;importe quelle pi\u00e8ce.<\/p>\n","protected":false},"featured_media":244256,"template":"","meta":{"_kad_blocks_custom_css":"","_kad_blocks_head_custom_js":"","_kad_blocks_body_custom_js":"","_kad_blocks_footer_custom_js":"","_kad_post_transparent":"","_kad_post_title":"","_kad_post_layout":"","_kad_post_sidebar_id":"","_kad_post_content_style":"","_kad_post_vertical_padding":"","_kad_post_feature":"","_kad_post_feature_position":"","_kad_post_header":false,"_kad_post_footer":false,"_kad_post_classname":""},"product_brand":[],"product_cat":[1328],"product_tag":[1482],"class_list":{"0":"post-244132","1":"product","2":"type-product","3":"status-publish","4":"has-post-thumbnail","6":"product_cat-consoles","7":"product_tag-vreeland-fr-2","9":"first","10":"instock","11":"taxable","12":"shipping-taxable","13":"product-type-simple","14":"entry","15":"content-bg","16":"loop-entry"},"taxonomy_info":{"product_cat":[{"value":1328,"label":"Consoles"}],"product_tag":[{"value":1482,"label":"Vreeland"}]},"featured_image_src_large":["https:\/\/www.avenuedesigncanada.com\/wp-content\/uploads\/2023\/06\/117650_0_1_1-1024x1024.jpg",1024,1024,true],"author_info":[],"comment_info":"","_links":{"self":[{"href":"https:\/\/www.avenuedesigncanada.com\/fr\/wp-json\/wp\/v2\/product\/244132","targetHints":{"allow":["GET"]}}],"collection":[{"href":"https:\/\/www.avenuedesigncanada.com\/fr\/wp-json\/wp\/v2\/product"}],"about":[{"href":"https:\/\/www.avenuedesigncanada.com\/fr\/wp-json\/wp\/v2\/types\/product"}],"wp:featuredmedia":[{"embeddable":true,"href":"https:\/\/www.avenuedesigncanada.com\/fr\/wp-json\/wp\/v2\/media\/244256"}],"wp:attachment":[{"href":"https:\/\/www.avenuedesigncanada.com\/fr\/wp-json\/wp\/v2\/media?parent=244132"}],"wp:term":[{"taxonomy":"product_brand","embeddable":true,"href":"https:\/\/www.avenuedesigncanada.com\/fr\/wp-json\/wp\/v2\/product_brand?post=244132"},{"taxonomy":"product_cat","embeddable":true,"href":"https:\/\/www.avenuedesigncanada.com\/fr\/wp-json\/wp\/v2\/product_cat?post=244132"},{"taxonomy":"product_tag","embeddable":true,"href":"https:\/\/www.avenuedesigncanada.com\/fr\/wp-json\/wp\/v2\/product_tag?post=244132"}],"curies":[{"name":"wp","href":"https:\/\/api.w.org\/{rel}","templated":true}]}}