{"id":244365,"date":"2023-06-21T10:14:33","date_gmt":"2023-06-21T14:14:33","guid":{"rendered":"https:\/\/www.avenuedesigncanada.com\/?post_type=product&#038;p=244365"},"modified":"2026-02-12T10:16:31","modified_gmt":"2026-02-12T15:16:31","slug":"table-a-cafe-piemonte-cuivre-brosse","status":"publish","type":"product","link":"https:\/\/www.avenuedesigncanada.com\/fr\/product\/table-a-cafe-piemonte-cuivre-brosse\/","title":{"rendered":"Table \u00e0 caf\u00e9 Piemonte &#8211; Cuivre bross\u00e9"},"content":{"rendered":"<p><em>Les caract\u00e9ristiques de la table \u00e0 caf\u00e9 Piemonte:<\/em><\/p>\n<p>Base en finition cuivre bross\u00e9<br \/>\nPlateau en verre biseaut\u00e9 noir<\/p>\n<p>Dimensions :<br \/>\n35.43&Prime; dia x 14.96 \u00ab\u00a0h<br \/>\n23.62\u00a0\u00bb dia x 18.31 \u00ab\u00a0h<\/p>\n<p>Vous avez des questions sur ce produit ? Nos concepteurs sont l\u00e0 pour vous aider. Appelez-nous au (514) 340-9351  <\/p>\n","protected":false},"excerpt":{"rendered":"<p>Am\u00e9liorez votre espace de d\u00e9tente avec le set de 2 tables basses Piemonte. Le look r\u00e9tro et les courbes \u00e9l\u00e9gantes de ces deux tables gigognes se compl\u00e8tent parfaitement. Avec un plateau en verre noir biseaut\u00e9 et une base en finition cuivre bross\u00e9, ils constitueront un ajout chic au d\u00e9cor de votre salle de s\u00e9jour.<\/p>\n","protected":false},"featured_media":244348,"template":"","meta":{"_kad_blocks_custom_css":"","_kad_blocks_head_custom_js":"","_kad_blocks_body_custom_js":"","_kad_blocks_footer_custom_js":"","_kad_post_transparent":"","_kad_post_title":"","_kad_post_layout":"","_kad_post_sidebar_id":"","_kad_post_content_style":"","_kad_post_vertical_padding":"","_kad_post_feature":"","_kad_post_feature_position":"","_kad_post_header":false,"_kad_post_footer":false,"_kad_post_classname":""},"product_brand":[],"product_cat":[1327],"product_tag":[1482],"class_list":{"0":"post-244365","1":"product","2":"type-product","3":"status-publish","4":"has-post-thumbnail","6":"product_cat-salon-tables-a-cafe","7":"product_tag-vreeland-fr-2","9":"first","10":"instock","11":"taxable","12":"shipping-taxable","13":"product-type-simple","14":"entry","15":"content-bg","16":"loop-entry"},"taxonomy_info":{"product_cat":[{"value":1327,"label":"Tables \u00e0 caf\u00e9"}],"product_tag":[{"value":1482,"label":"Vreeland"}]},"featured_image_src_large":["https:\/\/www.avenuedesigncanada.com\/wp-content\/uploads\/2023\/06\/113299-1024x1024.jpg",1024,1024,true],"author_info":[],"comment_info":"","_links":{"self":[{"href":"https:\/\/www.avenuedesigncanada.com\/fr\/wp-json\/wp\/v2\/product\/244365","targetHints":{"allow":["GET"]}}],"collection":[{"href":"https:\/\/www.avenuedesigncanada.com\/fr\/wp-json\/wp\/v2\/product"}],"about":[{"href":"https:\/\/www.avenuedesigncanada.com\/fr\/wp-json\/wp\/v2\/types\/product"}],"wp:featuredmedia":[{"embeddable":true,"href":"https:\/\/www.avenuedesigncanada.com\/fr\/wp-json\/wp\/v2\/media\/244348"}],"wp:attachment":[{"href":"https:\/\/www.avenuedesigncanada.com\/fr\/wp-json\/wp\/v2\/media?parent=244365"}],"wp:term":[{"taxonomy":"product_brand","embeddable":true,"href":"https:\/\/www.avenuedesigncanada.com\/fr\/wp-json\/wp\/v2\/product_brand?post=244365"},{"taxonomy":"product_cat","embeddable":true,"href":"https:\/\/www.avenuedesigncanada.com\/fr\/wp-json\/wp\/v2\/product_cat?post=244365"},{"taxonomy":"product_tag","embeddable":true,"href":"https:\/\/www.avenuedesigncanada.com\/fr\/wp-json\/wp\/v2\/product_tag?post=244365"}],"curies":[{"name":"wp","href":"https:\/\/api.w.org\/{rel}","templated":true}]}}