{"id":248571,"date":"2023-08-08T11:11:43","date_gmt":"2023-08-08T15:11:43","guid":{"rendered":"https:\/\/www.avenuedesigncanada.com\/?post_type=product&#038;p=248571"},"modified":"2026-02-12T10:16:32","modified_gmt":"2026-02-12T15:16:32","slug":"classeur-axiom-2","status":"publish","type":"product","link":"https:\/\/www.avenuedesigncanada.com\/fr\/product\/classeur-axiom-2\/","title":{"rendered":"Classeur Axiom"},"content":{"rendered":"<p><em>Caract\u00e9ristiques des armoires Axiom : <\/em><\/p>\n<p>Un petit tiroir et un tiroir \u00e0 fili\u00e8res suspendues (dossiers de format lettre ou l\u00e9gal)<\/p>\n<p>Dos fini<\/p>\n<p>Roulettes<\/p>\n<p>Finition Linear Grey<\/p>\n<p>Avez-vous des questions \u00e0 propos de ce produit ?<\/p>\n<p>Nos designers sont l\u00e0 pour vous aider.<\/p>\n<p>Appelez-nous au (514) 340-9351<\/p>\n","protected":false},"excerpt":{"rendered":"<p>L&rsquo;armoire \u00e0 dossiers Axiom offre un grand espace de rangement derri\u00e8re une fa\u00e7ade sobre, ce qui la rend \u00e0 la fois tr\u00e8s fonctionnelle et \u00e9l\u00e9gante. Avec ses trois tiroirs spacieux, il permet de garder un espace de travail organis\u00e9 et d\u00e9gag\u00e9. La quincaillerie m\u00e9tallique \u00e9l\u00e9gante et le grain de bois lin\u00e9aire de la finition Linear Grey cr\u00e9ent un aspect de sophistication subtile.<\/p>\n","protected":false},"featured_media":248575,"template":"","meta":{"_kad_blocks_custom_css":"","_kad_blocks_head_custom_js":"","_kad_blocks_body_custom_js":"","_kad_blocks_footer_custom_js":"","_kad_post_transparent":"default","_kad_post_title":"","_kad_post_layout":"default","_kad_post_sidebar_id":"","_kad_post_content_style":"default","_kad_post_vertical_padding":"default","_kad_post_feature":"","_kad_post_feature_position":"","_kad_post_header":false,"_kad_post_footer":false,"_kad_post_classname":""},"product_brand":[],"product_cat":[1309],"product_tag":[1844],"class_list":{"0":"post-248571","1":"product","2":"type-product","3":"status-publish","4":"has-post-thumbnail","6":"product_cat-rangement-fr","7":"product_tag-barcelona-cg-fr-2","9":"first","10":"instock","11":"product-type-simple","12":"entry","13":"content-bg","14":"loop-entry"},"taxonomy_info":{"product_cat":[{"value":1309,"label":"Rangement"}],"product_tag":[{"value":1844,"label":"BARCELONA - CG"}]},"featured_image_src_large":["https:\/\/www.avenuedesigncanada.com\/wp-content\/uploads\/2023\/08\/D13505-1024x1024.jpg",1024,1024,true],"author_info":[],"comment_info":"","_links":{"self":[{"href":"https:\/\/www.avenuedesigncanada.com\/fr\/wp-json\/wp\/v2\/product\/248571","targetHints":{"allow":["GET"]}}],"collection":[{"href":"https:\/\/www.avenuedesigncanada.com\/fr\/wp-json\/wp\/v2\/product"}],"about":[{"href":"https:\/\/www.avenuedesigncanada.com\/fr\/wp-json\/wp\/v2\/types\/product"}],"wp:featuredmedia":[{"embeddable":true,"href":"https:\/\/www.avenuedesigncanada.com\/fr\/wp-json\/wp\/v2\/media\/248575"}],"wp:attachment":[{"href":"https:\/\/www.avenuedesigncanada.com\/fr\/wp-json\/wp\/v2\/media?parent=248571"}],"wp:term":[{"taxonomy":"product_brand","embeddable":true,"href":"https:\/\/www.avenuedesigncanada.com\/fr\/wp-json\/wp\/v2\/product_brand?post=248571"},{"taxonomy":"product_cat","embeddable":true,"href":"https:\/\/www.avenuedesigncanada.com\/fr\/wp-json\/wp\/v2\/product_cat?post=248571"},{"taxonomy":"product_tag","embeddable":true,"href":"https:\/\/www.avenuedesigncanada.com\/fr\/wp-json\/wp\/v2\/product_tag?post=248571"}],"curies":[{"name":"wp","href":"https:\/\/api.w.org\/{rel}","templated":true}]}}