{"id":248583,"date":"2023-08-08T11:25:49","date_gmt":"2023-08-08T15:25:49","guid":{"rendered":"https:\/\/www.avenuedesigncanada.com\/?post_type=product&#038;p=248583"},"modified":"2026-02-12T10:16:32","modified_gmt":"2026-02-12T15:16:32","slug":"lit-a-panneaux-prado","status":"publish","type":"product","link":"https:\/\/www.avenuedesigncanada.com\/fr\/product\/lit-a-panneaux-prado\/","title":{"rendered":"Lit \u00e0 panneaux Prado"},"content":{"rendered":"<p><em>Caract\u00e9ristiques du lit \u00e0 panneaux Prado :<\/em><\/p>\n<p>La t\u00eate de lit pr\u00e9sente une alternance de panneaux recouverts et de panneaux plats en tissu B104, ainsi que des extr\u00e9mit\u00e9s et des pieds en bois en finition Porcini.<\/p>\n<p>Le rembourrage s&rsquo;enroule autour du rail sup\u00e9rieur arrondi.<\/p>\n<p>Pied de lit et panneaux lat\u00e9raux enti\u00e8rement recouverts de tissu B104 avec pieds en bois apparent en finition Porcini.<\/p>\n<p>Standard avec cinq lattes de bois avec des pieds de support centraux doubles ajustables.<\/p>\n<p>Options<\/p>\n<p><em>Note:<\/em> La t\u00eate de lit ne peut pas \u00eatre utilisi\u00e9e seule. Doit \u00eatre command\u00e9 avec le pied de lit\/les panneaux lat\u00e9raux.<\/p>\n<p>Format Queen, L: 67.75 P: 95 H: 59 in<\/p>\n<p>Format King, L: 83.75 P: 95 H: 59 in<\/p>\n<p>Avez-vous des questions \u00e0 propos de ce produit ?<\/p>\n<p>Nos designers sont l\u00e0 pour vous aider. Appelez-nous au (514) 340-9351<\/p>\n","protected":false},"excerpt":{"rendered":"<p>Le lit \u00e0 panneaux Prado se distingue par des bandes profondes sur la t\u00eate de lit recouverte, bord\u00e9es par des panneaux de bois en Porcini. Le pied de lit et les montants lat\u00e9raux sont \u00e9galement recouverts, avec des pieds en bois apparents dans la finition Porcini.<\/p>\n","protected":false},"featured_media":248588,"template":"","meta":{"_kad_blocks_custom_css":"","_kad_blocks_head_custom_js":"","_kad_blocks_body_custom_js":"","_kad_blocks_footer_custom_js":"","_kad_post_transparent":"default","_kad_post_title":"","_kad_post_layout":"default","_kad_post_sidebar_id":"","_kad_post_content_style":"default","_kad_post_vertical_padding":"default","_kad_post_feature":"","_kad_post_feature_position":"","_kad_post_header":false,"_kad_post_footer":false,"_kad_post_classname":""},"product_brand":[],"product_cat":[1296],"product_tag":[1851],"class_list":{"0":"post-248583","1":"product","2":"type-product","3":"status-publish","4":"has-post-thumbnail","6":"product_cat-lits","7":"product_tag-barcelona-fr","9":"first","10":"instock","11":"taxable","12":"shipping-taxable","13":"product-type-simple","14":"entry","15":"content-bg","16":"loop-entry"},"taxonomy_info":{"product_cat":[{"value":1296,"label":"Lits"}],"product_tag":[{"value":1851,"label":"BARCELONA"}]},"featured_image_src_large":["https:\/\/www.avenuedesigncanada.com\/wp-content\/uploads\/2023\/08\/K1886-1024x1024.jpg",1024,1024,true],"author_info":[],"comment_info":"","_links":{"self":[{"href":"https:\/\/www.avenuedesigncanada.com\/fr\/wp-json\/wp\/v2\/product\/248583","targetHints":{"allow":["GET"]}}],"collection":[{"href":"https:\/\/www.avenuedesigncanada.com\/fr\/wp-json\/wp\/v2\/product"}],"about":[{"href":"https:\/\/www.avenuedesigncanada.com\/fr\/wp-json\/wp\/v2\/types\/product"}],"wp:featuredmedia":[{"embeddable":true,"href":"https:\/\/www.avenuedesigncanada.com\/fr\/wp-json\/wp\/v2\/media\/248588"}],"wp:attachment":[{"href":"https:\/\/www.avenuedesigncanada.com\/fr\/wp-json\/wp\/v2\/media?parent=248583"}],"wp:term":[{"taxonomy":"product_brand","embeddable":true,"href":"https:\/\/www.avenuedesigncanada.com\/fr\/wp-json\/wp\/v2\/product_brand?post=248583"},{"taxonomy":"product_cat","embeddable":true,"href":"https:\/\/www.avenuedesigncanada.com\/fr\/wp-json\/wp\/v2\/product_cat?post=248583"},{"taxonomy":"product_tag","embeddable":true,"href":"https:\/\/www.avenuedesigncanada.com\/fr\/wp-json\/wp\/v2\/product_tag?post=248583"}],"curies":[{"name":"wp","href":"https:\/\/api.w.org\/{rel}","templated":true}]}}