{"id":248612,"date":"2023-08-08T12:15:15","date_gmt":"2023-08-08T16:15:15","guid":{"rendered":"https:\/\/www.avenuedesigncanada.com\/?post_type=product&#038;p=248612"},"modified":"2026-02-12T10:16:33","modified_gmt":"2026-02-12T15:16:33","slug":"table-de-chevet-prado","status":"publish","type":"product","link":"https:\/\/www.avenuedesigncanada.com\/fr\/product\/table-de-chevet-prado\/","title":{"rendered":"Table de chevet Prado"},"content":{"rendered":"<p><em>La table de nuit Prado pr\u00e9sente les caract\u00e9ristiques suivantes :<\/em><br \/>\nBo\u00eete \u00e0 tiroirs en bois avec un tiroir \u00e0 fermeture progressive en finition Porcini<br \/>\nPieds en aluminium moul\u00e9 textur\u00e9 en finition Graphite brillant<br \/>\nDos enti\u00e8rement fini<br \/>\nSyst\u00e8me de chargement USB \u00e0 deux ports \u00e0 l&rsquo;arri\u00e8re de la bo\u00eete<br \/>\nPatins r\u00e9glables<br \/>\nKit anti-bascule et feuille d&rsquo;instructions inclus<br \/>\nNon con\u00e7u pour l&rsquo;utilisation avec un t\u00e9l\u00e9viseur.<\/p>\n<p>Avez-vous des questions \u00e0 propos de ce produit ? Nos designers sont l\u00e0 pour vous aider.  Appelez-nous au (514) 340-9351<\/p>\n","protected":false},"excerpt":{"rendered":"<p>La finition Porcini profonde de la table de nuit Prado est \u00e9quilibr\u00e9e par l&rsquo;\u00e9clat des pieds en aluminium moul\u00e9 et textur\u00e9. Le caisson semble flotter entre les supports et offre un seul tiroir. Un syst\u00e8me de chargement USB \u00e0 deux ports est inclus au dos du caissson.<\/p>\n","protected":false},"featured_media":248622,"template":"","meta":{"_kad_blocks_custom_css":"","_kad_blocks_head_custom_js":"","_kad_blocks_body_custom_js":"","_kad_blocks_footer_custom_js":"","_kad_post_transparent":"","_kad_post_title":"","_kad_post_layout":"","_kad_post_sidebar_id":"","_kad_post_content_style":"","_kad_post_vertical_padding":"","_kad_post_feature":"","_kad_post_feature_position":"","_kad_post_header":false,"_kad_post_footer":false,"_kad_post_classname":""},"product_brand":[],"product_cat":[1299],"product_tag":[1844],"class_list":{"0":"post-248612","1":"product","2":"type-product","3":"status-publish","4":"has-post-thumbnail","6":"product_cat-tables-de-nuit","7":"product_tag-barcelona-cg-fr-2","9":"first","10":"instock","11":"taxable","12":"shipping-taxable","13":"product-type-simple","14":"entry","15":"content-bg","16":"loop-entry"},"taxonomy_info":{"product_cat":[{"value":1299,"label":"Tables de chevet"}],"product_tag":[{"value":1844,"label":"BARCELONA - CG"}]},"featured_image_src_large":["https:\/\/www.avenuedesigncanada.com\/wp-content\/uploads\/2023\/08\/324218B-1024x1024.jpg",1024,1024,true],"author_info":[],"comment_info":"","_links":{"self":[{"href":"https:\/\/www.avenuedesigncanada.com\/fr\/wp-json\/wp\/v2\/product\/248612","targetHints":{"allow":["GET"]}}],"collection":[{"href":"https:\/\/www.avenuedesigncanada.com\/fr\/wp-json\/wp\/v2\/product"}],"about":[{"href":"https:\/\/www.avenuedesigncanada.com\/fr\/wp-json\/wp\/v2\/types\/product"}],"wp:featuredmedia":[{"embeddable":true,"href":"https:\/\/www.avenuedesigncanada.com\/fr\/wp-json\/wp\/v2\/media\/248622"}],"wp:attachment":[{"href":"https:\/\/www.avenuedesigncanada.com\/fr\/wp-json\/wp\/v2\/media?parent=248612"}],"wp:term":[{"taxonomy":"product_brand","embeddable":true,"href":"https:\/\/www.avenuedesigncanada.com\/fr\/wp-json\/wp\/v2\/product_brand?post=248612"},{"taxonomy":"product_cat","embeddable":true,"href":"https:\/\/www.avenuedesigncanada.com\/fr\/wp-json\/wp\/v2\/product_cat?post=248612"},{"taxonomy":"product_tag","embeddable":true,"href":"https:\/\/www.avenuedesigncanada.com\/fr\/wp-json\/wp\/v2\/product_tag?post=248612"}],"curies":[{"name":"wp","href":"https:\/\/api.w.org\/{rel}","templated":true}]}}