{"id":249386,"date":"2023-08-15T11:14:27","date_gmt":"2023-08-15T15:14:27","guid":{"rendered":"https:\/\/www.avenuedesigncanada.com\/?post_type=product&#038;p=249386"},"modified":"2026-02-12T10:16:35","modified_gmt":"2026-02-12T15:16:35","slug":"commode-prado","status":"publish","type":"product","link":"https:\/\/www.avenuedesigncanada.com\/fr\/product\/commode-prado\/","title":{"rendered":"Commode Prado"},"content":{"rendered":"<p>Avez-vous des questions \u00e0 propos de ce produit ?<\/p>\n<p>Nos designers sont l\u00e0 pour vous aider. <strong>Appelez-nous au (514) 340-9351<\/strong><\/p>\n","protected":false},"excerpt":{"rendered":"<p><em><strong>Les caract\u00e9ristiques de la commode Prado<\/strong><\/em> <em style=\"font-size: inherit\"><strong>:<\/strong><\/em><\/p>\n<p>Placages de fr\u00eane et de ch\u00eane en finition Porcini<\/p>\n<p>Neuf tiroirs \u00e0 fermeture douce : six tiroirs plus larges \u00e0 gauche et \u00e0 droite et trois tiroirs \u00e9troits au centre.<\/p>\n<p>Poign\u00e9es de tiroirs en m\u00e9tal textur\u00e9 et cadre m\u00e9tallique encastr\u00e9 autour de chacun des trois ensemble de tiroirs en finition Bright Graphite.<\/p>\n<p>Quatre pieds et deux pieds centraux en finition Porcini<\/p>\n<p>Patins ajustables<\/p>\n<p>Kit anti-bascule<\/p>\n<p>Ne convient pas pour une t\u00e9l\u00e9vision<\/p>\n<p>La finition Porcini de la commode Prado est \u00e9quilibr\u00e9e par l&rsquo;\u00e9clat des d\u00e9tails m\u00e9talliques. Neuf tiroirs offrent un grand espace de rangement, les trois tiroirs centraux \u00e9tant plus petits. Chacun des ensembles de tiroirs est soulign\u00e9e par des cadres m\u00e9talliques encastr\u00e9s en finition Bright Graphite.<\/p>\n","protected":false},"featured_media":249396,"template":"","meta":{"_kad_blocks_custom_css":"","_kad_blocks_head_custom_js":"","_kad_blocks_body_custom_js":"","_kad_blocks_footer_custom_js":"","_kad_post_transparent":"","_kad_post_title":"","_kad_post_layout":"","_kad_post_sidebar_id":"","_kad_post_content_style":"","_kad_post_vertical_padding":"","_kad_post_feature":"","_kad_post_feature_position":"","_kad_post_header":false,"_kad_post_footer":false,"_kad_post_classname":""},"product_brand":[],"product_cat":[1298],"product_tag":[1844],"class_list":{"0":"post-249386","1":"product","2":"type-product","3":"status-publish","4":"has-post-thumbnail","6":"product_cat-commodes","7":"product_tag-barcelona-cg-fr-2","9":"first","10":"instock","11":"taxable","12":"shipping-taxable","13":"product-type-simple","14":"entry","15":"content-bg","16":"loop-entry"},"taxonomy_info":{"product_cat":[{"value":1298,"label":"Commodes"}],"product_tag":[{"value":1844,"label":"BARCELONA - CG"}]},"featured_image_src_large":["https:\/\/www.avenuedesigncanada.com\/wp-content\/uploads\/2023\/08\/324052B-1024x1024.jpg",1024,1024,true],"author_info":[],"comment_info":"","_links":{"self":[{"href":"https:\/\/www.avenuedesigncanada.com\/fr\/wp-json\/wp\/v2\/product\/249386","targetHints":{"allow":["GET"]}}],"collection":[{"href":"https:\/\/www.avenuedesigncanada.com\/fr\/wp-json\/wp\/v2\/product"}],"about":[{"href":"https:\/\/www.avenuedesigncanada.com\/fr\/wp-json\/wp\/v2\/types\/product"}],"wp:featuredmedia":[{"embeddable":true,"href":"https:\/\/www.avenuedesigncanada.com\/fr\/wp-json\/wp\/v2\/media\/249396"}],"wp:attachment":[{"href":"https:\/\/www.avenuedesigncanada.com\/fr\/wp-json\/wp\/v2\/media?parent=249386"}],"wp:term":[{"taxonomy":"product_brand","embeddable":true,"href":"https:\/\/www.avenuedesigncanada.com\/fr\/wp-json\/wp\/v2\/product_brand?post=249386"},{"taxonomy":"product_cat","embeddable":true,"href":"https:\/\/www.avenuedesigncanada.com\/fr\/wp-json\/wp\/v2\/product_cat?post=249386"},{"taxonomy":"product_tag","embeddable":true,"href":"https:\/\/www.avenuedesigncanada.com\/fr\/wp-json\/wp\/v2\/product_tag?post=249386"}],"curies":[{"name":"wp","href":"https:\/\/api.w.org\/{rel}","templated":true}]}}