{"id":249449,"date":"2023-08-15T12:39:54","date_gmt":"2023-08-15T16:39:54","guid":{"rendered":"https:\/\/www.avenuedesigncanada.com\/?post_type=product&#038;p=249449"},"modified":"2026-02-12T10:16:36","modified_gmt":"2026-02-12T15:16:36","slug":"table-ronde-prado-2","status":"publish","type":"product","link":"https:\/\/www.avenuedesigncanada.com\/fr\/product\/table-ronde-prado-2\/","title":{"rendered":"Table \u00e0 diner  ronde Prado"},"content":{"rendered":"<p><em>La table \u00e0 manger Prado <\/em><em style=\"font-size: inherit\">caract\u00e9ristiques :<\/em><\/p>\n<p>Dessus de table en fr\u00eane massif et placage de ch\u00eane blanc, finition Porcini<br \/>\nQuatre pieds en aluminium moul\u00e9 textur\u00e9, finition Graphite brillant<br \/>\nUne feuille de 20&Prime;, finition Porcini<br \/>\nPatins r\u00e9glables<\/p>\n<p>Vous avez des questions sur ce produit ? Nos concepteurs sont l\u00e0 pour vous aider. Appelez-nous au (514) 340-9351  <\/p>\n","protected":false},"excerpt":{"rendered":"<p>Le m\u00e9lange de mat\u00e9riaux et de textures conf\u00e8re \u00e0 la table de salle \u00e0 manger Prado un aspect rustique et moderne. Quatre pieds en aluminium moul\u00e9 en finition Bright Graphite soutiennent et entourent le plateau en bois rond en finition Porcini. La table prend une forme ovale lorsqu&rsquo;on y ajoute une rallonge.<\/p>\n","protected":false},"featured_media":249451,"template":"","meta":{"_kad_blocks_custom_css":"","_kad_blocks_head_custom_js":"","_kad_blocks_body_custom_js":"","_kad_blocks_footer_custom_js":"","_kad_post_transparent":"","_kad_post_title":"","_kad_post_layout":"","_kad_post_sidebar_id":"","_kad_post_content_style":"","_kad_post_vertical_padding":"","_kad_post_feature":"","_kad_post_feature_position":"","_kad_post_header":false,"_kad_post_footer":false,"_kad_post_classname":""},"product_brand":[],"product_cat":[1306],"product_tag":[1844],"class_list":{"0":"post-249449","1":"product","2":"type-product","3":"status-publish","4":"has-post-thumbnail","6":"product_cat-tables-de-salle-a-manger","7":"product_tag-barcelona-cg-fr-2","9":"first","10":"instock","11":"taxable","12":"shipping-taxable","13":"product-type-simple","14":"entry","15":"content-bg","16":"loop-entry"},"taxonomy_info":{"product_cat":[{"value":1306,"label":"Tables"}],"product_tag":[{"value":1844,"label":"BARCELONA - CG"}]},"featured_image_src_large":["https:\/\/www.avenuedesigncanada.com\/wp-content\/uploads\/2023\/08\/324221B-1024x1024.jpg",1024,1024,true],"author_info":[],"comment_info":"","_links":{"self":[{"href":"https:\/\/www.avenuedesigncanada.com\/fr\/wp-json\/wp\/v2\/product\/249449","targetHints":{"allow":["GET"]}}],"collection":[{"href":"https:\/\/www.avenuedesigncanada.com\/fr\/wp-json\/wp\/v2\/product"}],"about":[{"href":"https:\/\/www.avenuedesigncanada.com\/fr\/wp-json\/wp\/v2\/types\/product"}],"wp:featuredmedia":[{"embeddable":true,"href":"https:\/\/www.avenuedesigncanada.com\/fr\/wp-json\/wp\/v2\/media\/249451"}],"wp:attachment":[{"href":"https:\/\/www.avenuedesigncanada.com\/fr\/wp-json\/wp\/v2\/media?parent=249449"}],"wp:term":[{"taxonomy":"product_brand","embeddable":true,"href":"https:\/\/www.avenuedesigncanada.com\/fr\/wp-json\/wp\/v2\/product_brand?post=249449"},{"taxonomy":"product_cat","embeddable":true,"href":"https:\/\/www.avenuedesigncanada.com\/fr\/wp-json\/wp\/v2\/product_cat?post=249449"},{"taxonomy":"product_tag","embeddable":true,"href":"https:\/\/www.avenuedesigncanada.com\/fr\/wp-json\/wp\/v2\/product_tag?post=249449"}],"curies":[{"name":"wp","href":"https:\/\/api.w.org\/{rel}","templated":true}]}}