{"id":249754,"date":"2023-08-17T17:19:55","date_gmt":"2023-08-17T21:19:55","guid":{"rendered":"https:\/\/www.avenuedesigncanada.com\/?post_type=product&#038;p=249754"},"modified":"2026-02-12T10:16:39","modified_gmt":"2026-02-12T15:16:39","slug":"buffet-prado","status":"publish","type":"product","link":"https:\/\/www.avenuedesigncanada.com\/fr\/product\/buffet-prado\/","title":{"rendered":"Buffet Prado"},"content":{"rendered":"<p><em>  Le Pardo Buufet pr\u00e9sente les caract\u00e9ristiques suivantes ?em&gt;<br \/>\nBois massif de fr\u00eane et placage de ch\u00eane blanc au fini fauve avec design \u00e0 caissons en r\u00e9sine moul\u00e9e sur les tiroirs centraux et cadre m\u00e9tallique encastr\u00e9 au fini graphite brillant autour des portes<br \/>\nDeux portes \u00e0 charni\u00e8res dissimul\u00e9es push-to-open et trois tiroirs centraux \u00e0 fermeture progressive avec poign\u00e9es en m\u00e9tal au fini graphite brillant  Deux portes \u00e0 charni\u00e8res dissimul\u00e9es \u00e0 ouverture par pouss\u00e9e et trois tiroirs centraux \u00e0 fermeture progressive avec poign\u00e9es m\u00e9talliques en finition graphite brillant<br \/>\nLe tiroir sup\u00e9rieur est dot\u00e9 d&rsquo;un insert pour couverts en tissu Guardian brun<br \/>\nDerri\u00e8re chaque porte se trouvent deux \u00e9tag\u00e8res r\u00e9glables\/amovibles<br \/>\nQuatre pieds et deux pieds de support centraux<br \/>\nPatins r\u00e9glables<br \/>\nKit anti-basculement<br \/>\nNe convient pas \u00e0 une utilisation avec un t\u00e9l\u00e9viseur<\/p>\n<p>Options<br \/>\nPropos\u00e9 dans une s\u00e9lection d&rsquo;options de tissus disponibles<br \/>\nVous avez des questions sur ce produit ? Nos designers sont l\u00e0 pour vous aider. Appelez-nous au (514) 340-9351  <\/p>\n","protected":false},"excerpt":{"rendered":"<p>Le buffet Prado offre une beaut\u00e9 architecturale avec une section centrale \u00e0 caissons qui comporte trois tiroirs. Chaque c\u00f4t\u00e9 est dot\u00e9 d&rsquo;une porte \u00e0 ouverture par pression et d&rsquo;un cadre m\u00e9tallique encastr\u00e9 en Bright Graphite. Derri\u00e8re chaque porte gauche et droite se trouvent deux tablettes ajustables et amovibles, l&rsquo;ensemble du buffet est en finition Tawny.<\/p>\n","protected":false},"featured_media":249766,"template":"","meta":{"_kad_blocks_custom_css":"","_kad_blocks_head_custom_js":"","_kad_blocks_body_custom_js":"","_kad_blocks_footer_custom_js":"","_kad_post_transparent":"","_kad_post_title":"","_kad_post_layout":"","_kad_post_sidebar_id":"","_kad_post_content_style":"","_kad_post_vertical_padding":"","_kad_post_feature":"","_kad_post_feature_position":"","_kad_post_header":false,"_kad_post_footer":false,"_kad_post_classname":""},"product_brand":[],"product_cat":[1303],"product_tag":[1844],"class_list":{"0":"post-249754","1":"product","2":"type-product","3":"status-publish","4":"has-post-thumbnail","6":"product_cat-buffets","7":"product_tag-barcelona-cg-fr-2","9":"first","10":"instock","11":"taxable","12":"shipping-taxable","13":"product-type-simple","14":"entry","15":"content-bg","16":"loop-entry"},"taxonomy_info":{"product_cat":[{"value":1303,"label":"Buffets"}],"product_tag":[{"value":1844,"label":"BARCELONA - CG"}]},"featured_image_src_large":["https:\/\/www.avenuedesigncanada.com\/wp-content\/uploads\/2023\/08\/324132A-1024x1024.jpg",1024,1024,true],"author_info":[],"comment_info":"","_links":{"self":[{"href":"https:\/\/www.avenuedesigncanada.com\/fr\/wp-json\/wp\/v2\/product\/249754","targetHints":{"allow":["GET"]}}],"collection":[{"href":"https:\/\/www.avenuedesigncanada.com\/fr\/wp-json\/wp\/v2\/product"}],"about":[{"href":"https:\/\/www.avenuedesigncanada.com\/fr\/wp-json\/wp\/v2\/types\/product"}],"wp:featuredmedia":[{"embeddable":true,"href":"https:\/\/www.avenuedesigncanada.com\/fr\/wp-json\/wp\/v2\/media\/249766"}],"wp:attachment":[{"href":"https:\/\/www.avenuedesigncanada.com\/fr\/wp-json\/wp\/v2\/media?parent=249754"}],"wp:term":[{"taxonomy":"product_brand","embeddable":true,"href":"https:\/\/www.avenuedesigncanada.com\/fr\/wp-json\/wp\/v2\/product_brand?post=249754"},{"taxonomy":"product_cat","embeddable":true,"href":"https:\/\/www.avenuedesigncanada.com\/fr\/wp-json\/wp\/v2\/product_cat?post=249754"},{"taxonomy":"product_tag","embeddable":true,"href":"https:\/\/www.avenuedesigncanada.com\/fr\/wp-json\/wp\/v2\/product_tag?post=249754"}],"curies":[{"name":"wp","href":"https:\/\/api.w.org\/{rel}","templated":true}]}}