{"id":249770,"date":"2023-08-17T17:39:32","date_gmt":"2023-08-17T21:39:32","guid":{"rendered":"https:\/\/www.avenuedesigncanada.com\/?post_type=product&#038;p=249770"},"modified":"2026-02-12T10:16:39","modified_gmt":"2026-02-12T15:16:39","slug":"buffet-prado-2","status":"publish","type":"product","link":"https:\/\/www.avenuedesigncanada.com\/fr\/product\/buffet-prado-2\/","title":{"rendered":"Buffet Prado"},"content":{"rendered":"<p><em>Le buffet Prado pr\u00e9sente les caract\u00e9ristiques suivantes :<\/em><br \/>\nSolides en fr\u00eane et placage de ch\u00eane coup\u00e9 en quatre au fini Porcini<br \/>\nPortes centrales en aluminium moul\u00e9 textur\u00e9 au fini Bright Graphite<br \/>\nQuatre portes \u00e0 charni\u00e8res dissimul\u00e9es s&rsquo;ouvrant par pouss\u00e9e, y compris les portes d&rsquo;extr\u00e9mit\u00e9 incurv\u00e9es<br \/>\nTablettes incurv\u00e9es r\u00e9glables et amovibles<br \/>\nTiroir central \u00e0 fermeture douce avec d\u00e9coupe pour tirer la main<br \/>\nCoussin de tiroir envelopp\u00e9 de tissu Guardian<br \/>\nPlusieurs pieds de soutien au fini Porcini assorti<br \/>\nPatins r\u00e9glables<br \/>\nTrousse anti-basculement incluse<\/p>\n<p>Vous avez des questions sur ce produit ? Nos concepteurs sont l\u00e0 pour vous aider. Appelez-nous au (514) 340-9351  <\/p>\n","protected":false},"excerpt":{"rendered":"<p>Le buffet Prado donne une nouvelle forme \u00e0 l&rsquo;id\u00e9e de rusticit\u00e9 moderne. Deux portes centrales brillent avec des fa\u00e7ades envelopp\u00e9es d&rsquo;aluminium moul\u00e9 textur\u00e9 dans une finition Graphite brillant. Derri\u00e8re ces portes centrales se trouvent des tablettes ajustables et un tiroir. Les portes incurv\u00e9es situ\u00e9es aux deux extr\u00e9mit\u00e9s du buffet s&rsquo;ouvrent pour r\u00e9v\u00e9ler plus de rangement. Le buffet entier est en finition Porcini.<\/p>\n","protected":false},"featured_media":249782,"template":"","meta":{"_kad_blocks_custom_css":"","_kad_blocks_head_custom_js":"","_kad_blocks_body_custom_js":"","_kad_blocks_footer_custom_js":"","_kad_post_transparent":"","_kad_post_title":"","_kad_post_layout":"","_kad_post_sidebar_id":"","_kad_post_content_style":"","_kad_post_vertical_padding":"","_kad_post_feature":"","_kad_post_feature_position":"","_kad_post_header":false,"_kad_post_footer":false,"_kad_post_classname":""},"product_brand":[],"product_cat":[1303],"product_tag":[1844],"class_list":{"0":"post-249770","1":"product","2":"type-product","3":"status-publish","4":"has-post-thumbnail","6":"product_cat-buffets","7":"product_tag-barcelona-cg-fr-2","9":"first","10":"instock","11":"taxable","12":"shipping-taxable","13":"product-type-simple","14":"entry","15":"content-bg","16":"loop-entry"},"taxonomy_info":{"product_cat":[{"value":1303,"label":"Buffets"}],"product_tag":[{"value":1844,"label":"BARCELONA - CG"}]},"featured_image_src_large":["https:\/\/www.avenuedesigncanada.com\/wp-content\/uploads\/2023\/08\/324131B-1024x1024.jpg",1024,1024,true],"author_info":[],"comment_info":"","_links":{"self":[{"href":"https:\/\/www.avenuedesigncanada.com\/fr\/wp-json\/wp\/v2\/product\/249770","targetHints":{"allow":["GET"]}}],"collection":[{"href":"https:\/\/www.avenuedesigncanada.com\/fr\/wp-json\/wp\/v2\/product"}],"about":[{"href":"https:\/\/www.avenuedesigncanada.com\/fr\/wp-json\/wp\/v2\/types\/product"}],"wp:featuredmedia":[{"embeddable":true,"href":"https:\/\/www.avenuedesigncanada.com\/fr\/wp-json\/wp\/v2\/media\/249782"}],"wp:attachment":[{"href":"https:\/\/www.avenuedesigncanada.com\/fr\/wp-json\/wp\/v2\/media?parent=249770"}],"wp:term":[{"taxonomy":"product_brand","embeddable":true,"href":"https:\/\/www.avenuedesigncanada.com\/fr\/wp-json\/wp\/v2\/product_brand?post=249770"},{"taxonomy":"product_cat","embeddable":true,"href":"https:\/\/www.avenuedesigncanada.com\/fr\/wp-json\/wp\/v2\/product_cat?post=249770"},{"taxonomy":"product_tag","embeddable":true,"href":"https:\/\/www.avenuedesigncanada.com\/fr\/wp-json\/wp\/v2\/product_tag?post=249770"}],"curies":[{"name":"wp","href":"https:\/\/api.w.org\/{rel}","templated":true}]}}