{"id":249861,"date":"2023-08-18T14:10:51","date_gmt":"2023-08-18T18:10:51","guid":{"rendered":"https:\/\/www.avenuedesigncanada.com\/?post_type=product&#038;p=249861"},"modified":"2026-02-12T10:16:40","modified_gmt":"2026-02-12T15:16:40","slug":"table-de-bout-prado","status":"publish","type":"product","link":"https:\/\/www.avenuedesigncanada.com\/fr\/product\/table-de-bout-prado\/","title":{"rendered":"Table de bout Prado"},"content":{"rendered":"<p><em>La table d&rsquo;appoint Prado pr\u00e9sente les caract\u00e9ristiques suivantes :<\/em><\/p>\n<p>Plateau et tablette en b\u00e9ton arm\u00e9 de verre coul\u00e9 au fini Buff<br \/>\n Deux panneaux de pied en bois courb\u00e9 au fini Porcini<br \/>\nPatins r\u00e9glables<\/p>\n<p>Vous avez des questions sur ce produit ?<br \/>\nNos designers sont l\u00e0 pour vous aider.<br \/>\nAppelez-nous au (514) 340-9351<\/p>\n","protected":false},"excerpt":{"rendered":"<p>La table d&rsquo;appoint Prado offre une nouvelle approche du design rustique moderne. Deux panneaux de bois incurv\u00e9s en finition Porcini entourent et soutiennent un plateau rond et une tablette inf\u00e9rieure en b\u00e9ton coul\u00e9 renforc\u00e9 de verre . Les finitions textur\u00e9es et l&rsquo;\u00e9quilibre entre les finitions claires et fonc\u00e9es cr\u00e9ent un magnifique style contemporain.<\/p>\n","protected":false},"featured_media":249863,"template":"","meta":{"_kad_blocks_custom_css":"","_kad_blocks_head_custom_js":"","_kad_blocks_body_custom_js":"","_kad_blocks_footer_custom_js":"","_kad_post_transparent":"","_kad_post_title":"","_kad_post_layout":"","_kad_post_sidebar_id":"","_kad_post_content_style":"","_kad_post_vertical_padding":"","_kad_post_feature":"","_kad_post_feature_position":"","_kad_post_header":false,"_kad_post_footer":false,"_kad_post_classname":""},"product_brand":[],"product_cat":[1323],"product_tag":[1844],"class_list":{"0":"post-249861","1":"product","2":"type-product","3":"status-publish","4":"has-post-thumbnail","6":"product_cat-salon-tables-dappoint","7":"product_tag-barcelona-cg-fr-2","9":"first","10":"instock","11":"taxable","12":"shipping-taxable","13":"product-type-simple","14":"entry","15":"content-bg","16":"loop-entry"},"taxonomy_info":{"product_cat":[{"value":1323,"label":"Tables d'appoint"}],"product_tag":[{"value":1844,"label":"BARCELONA - CG"}]},"featured_image_src_large":["https:\/\/www.avenuedesigncanada.com\/wp-content\/uploads\/2023\/08\/324126B-1024x1024.jpg",1024,1024,true],"author_info":[],"comment_info":"","_links":{"self":[{"href":"https:\/\/www.avenuedesigncanada.com\/fr\/wp-json\/wp\/v2\/product\/249861","targetHints":{"allow":["GET"]}}],"collection":[{"href":"https:\/\/www.avenuedesigncanada.com\/fr\/wp-json\/wp\/v2\/product"}],"about":[{"href":"https:\/\/www.avenuedesigncanada.com\/fr\/wp-json\/wp\/v2\/types\/product"}],"wp:featuredmedia":[{"embeddable":true,"href":"https:\/\/www.avenuedesigncanada.com\/fr\/wp-json\/wp\/v2\/media\/249863"}],"wp:attachment":[{"href":"https:\/\/www.avenuedesigncanada.com\/fr\/wp-json\/wp\/v2\/media?parent=249861"}],"wp:term":[{"taxonomy":"product_brand","embeddable":true,"href":"https:\/\/www.avenuedesigncanada.com\/fr\/wp-json\/wp\/v2\/product_brand?post=249861"},{"taxonomy":"product_cat","embeddable":true,"href":"https:\/\/www.avenuedesigncanada.com\/fr\/wp-json\/wp\/v2\/product_cat?post=249861"},{"taxonomy":"product_tag","embeddable":true,"href":"https:\/\/www.avenuedesigncanada.com\/fr\/wp-json\/wp\/v2\/product_tag?post=249861"}],"curies":[{"name":"wp","href":"https:\/\/api.w.org\/{rel}","templated":true}]}}