{"id":250707,"date":"2023-08-24T09:42:47","date_gmt":"2023-08-24T13:42:47","guid":{"rendered":"https:\/\/www.avenuedesigncanada.com\/?post_type=product&#038;p=250707"},"modified":"2026-02-12T10:16:42","modified_gmt":"2026-02-12T15:16:42","slug":"console-media-prado","status":"publish","type":"product","link":"https:\/\/www.avenuedesigncanada.com\/fr\/product\/console-media-prado\/","title":{"rendered":"Console m\u00e9dia Prado"},"content":{"rendered":"<p><em>La cr\u00e9dence de divertissement Prado pr\u00e9sente les caract\u00e9ristiques suivantes :<\/em><\/p>\n<p>Bois massif de fr\u00eane, placage de ch\u00eane blanc et rev\u00eatement en r\u00e9sine moul\u00e9e au fini fauve<br \/>\nCompartiment ouvert de chaque c\u00f4t\u00e9 de la cr\u00e9dence avec une tablette r\u00e9glable\/amovible<br \/>\nDeux portes centrales \u00e0 fermeture souple avec rev\u00eatement en r\u00e9sine moul\u00e9e au design caissonn\u00e9 sur les fa\u00e7ades<br \/>\nDerri\u00e8re les portes se trouvent deux tablettes r\u00e9glables\/amovibles, des \u00e9vents et un trou pour passe-partout couvert<br \/>\nTrois pieds centraux<br \/>\nPatins r\u00e9glables<br \/>\nKit anti-basculement<br \/>\nConvient pour une utilisation avec un t\u00e9l\u00e9viseur<br \/>\n.<\/p>\n<p>Vous avez des questions sur ce produit ?<br \/>\nNos designers sont l\u00e0 pour vous aider.<br \/>\nAppelez-nous au (514) 340-9351<\/p>\n","protected":false},"excerpt":{"rendered":"<p>La cr\u00e9dence Prado offre une beaut\u00e9 architecturale avec une section centrale \u00e0 caissons qui comporte deux portes \u00e0 fermeture douce. De chaque c\u00f4t\u00e9 se trouvent des espaces ouverts, chacune dot\u00e9e d&rsquo;une tablette ajustable et amovible. Derri\u00e8re les portes centrales se trouvent des tablettes ajustables et amovibles, l&rsquo;ensemble de la cr\u00e9dence \u00e9tant fini en Tawny.<\/p>\n","protected":false},"featured_media":250718,"template":"","meta":{"_kad_blocks_custom_css":"","_kad_blocks_head_custom_js":"","_kad_blocks_body_custom_js":"","_kad_blocks_footer_custom_js":"","_kad_post_transparent":"","_kad_post_title":"","_kad_post_layout":"","_kad_post_sidebar_id":"","_kad_post_content_style":"","_kad_post_vertical_padding":"","_kad_post_feature":"","_kad_post_feature_position":"","_kad_post_header":false,"_kad_post_footer":false,"_kad_post_classname":""},"product_brand":[],"product_cat":[1326],"product_tag":[1844],"class_list":{"0":"post-250707","1":"product","2":"type-product","3":"status-publish","4":"has-post-thumbnail","6":"product_cat-cabinets-media","7":"product_tag-barcelona-cg-fr-2","9":"first","10":"instock","11":"taxable","12":"shipping-taxable","13":"product-type-simple","14":"entry","15":"content-bg","16":"loop-entry"},"taxonomy_info":{"product_cat":[{"value":1326,"label":"Meubles Media"}],"product_tag":[{"value":1844,"label":"BARCELONA - CG"}]},"featured_image_src_large":["https:\/\/www.avenuedesigncanada.com\/wp-content\/uploads\/2023\/08\/324890A-1024x1024.jpg",1024,1024,true],"author_info":[],"comment_info":"","_links":{"self":[{"href":"https:\/\/www.avenuedesigncanada.com\/fr\/wp-json\/wp\/v2\/product\/250707","targetHints":{"allow":["GET"]}}],"collection":[{"href":"https:\/\/www.avenuedesigncanada.com\/fr\/wp-json\/wp\/v2\/product"}],"about":[{"href":"https:\/\/www.avenuedesigncanada.com\/fr\/wp-json\/wp\/v2\/types\/product"}],"wp:featuredmedia":[{"embeddable":true,"href":"https:\/\/www.avenuedesigncanada.com\/fr\/wp-json\/wp\/v2\/media\/250718"}],"wp:attachment":[{"href":"https:\/\/www.avenuedesigncanada.com\/fr\/wp-json\/wp\/v2\/media?parent=250707"}],"wp:term":[{"taxonomy":"product_brand","embeddable":true,"href":"https:\/\/www.avenuedesigncanada.com\/fr\/wp-json\/wp\/v2\/product_brand?post=250707"},{"taxonomy":"product_cat","embeddable":true,"href":"https:\/\/www.avenuedesigncanada.com\/fr\/wp-json\/wp\/v2\/product_cat?post=250707"},{"taxonomy":"product_tag","embeddable":true,"href":"https:\/\/www.avenuedesigncanada.com\/fr\/wp-json\/wp\/v2\/product_tag?post=250707"}],"curies":[{"name":"wp","href":"https:\/\/api.w.org\/{rel}","templated":true}]}}