{"id":250746,"date":"2023-08-24T10:13:56","date_gmt":"2023-08-24T14:13:56","guid":{"rendered":"https:\/\/www.avenuedesigncanada.com\/?post_type=product&#038;p=250746"},"modified":"2026-02-12T10:16:43","modified_gmt":"2026-02-12T15:16:43","slug":"bureau-prado","status":"publish","type":"product","link":"https:\/\/www.avenuedesigncanada.com\/fr\/product\/bureau-prado\/","title":{"rendered":"Bureau Prado"},"content":{"rendered":"<p><em>Les caract\u00e9ristiques du bureau Prado <\/em><em style=\"font-size: inherit;\">:<\/em><\/p>\n<p>Caisson de tiroir en placage de bois finition Tawny avec extr\u00e9mit\u00e9s en b\u00e9ton moul\u00e9 renforc\u00e9 de verre, courb\u00e9es et angulaires, finition Buff.<\/p>\n<p>Un trou passe-fil avec couvercle sur le bureau et un tiroir \u00e0 fa\u00e7ade tombante<\/p>\n<p>Une prise de courant avec deux prises et deux ports USB situ\u00e9s sur le c\u00f4t\u00e9 droit du tiroir et accessibles en dessous<\/p>\n<p>Patins ajustables<\/p>\n<p>Avez-vous des questions \u00e0 propos de ce produit ?<\/p>\n<p>Nos designers sont l\u00e0 pour vous aider. Appelez-nous au (514) 340-9351<\/p>\n","protected":false},"excerpt":{"rendered":"<p>Le bureau moderne Prado se compose d&rsquo;une structure audacieuse en bois et en b\u00e9ton. Les pieds angulaires et semi-circulaires font une d\u00e9claration \u00e9l\u00e9gante en b\u00e9ton renforc\u00e9 de verre moul\u00e9 en finition Buff. Ils supportent un plateau central en bois dans la finition Tawny avec un tiroir central. Une prise de courant avec deux prises et deux ports USB est accessible \u00e0 l&rsquo;abri des regards, sous le bureau.<\/p>\n","protected":false},"featured_media":250754,"template":"","meta":{"_kad_blocks_custom_css":"","_kad_blocks_head_custom_js":"","_kad_blocks_body_custom_js":"","_kad_blocks_footer_custom_js":"","_kad_post_transparent":"default","_kad_post_title":"","_kad_post_layout":"default","_kad_post_sidebar_id":"","_kad_post_content_style":"default","_kad_post_vertical_padding":"default","_kad_post_feature":"","_kad_post_feature_position":"","_kad_post_header":false,"_kad_post_footer":false,"_kad_post_classname":""},"product_brand":[],"product_cat":[1310],"product_tag":[1844],"class_list":{"0":"post-250746","1":"product","2":"type-product","3":"status-publish","4":"has-post-thumbnail","6":"product_cat-bureaux","7":"product_tag-barcelona-cg-fr-2","9":"first","10":"instock","11":"taxable","12":"shipping-taxable","13":"product-type-simple","14":"entry","15":"content-bg","16":"loop-entry"},"taxonomy_info":{"product_cat":[{"value":1310,"label":"Bureaux"}],"product_tag":[{"value":1844,"label":"BARCELONA - CG"}]},"featured_image_src_large":["https:\/\/www.avenuedesigncanada.com\/wp-content\/uploads\/2023\/08\/D23514A-1024x1024.jpg",1024,1024,true],"author_info":[],"comment_info":"","_links":{"self":[{"href":"https:\/\/www.avenuedesigncanada.com\/fr\/wp-json\/wp\/v2\/product\/250746","targetHints":{"allow":["GET"]}}],"collection":[{"href":"https:\/\/www.avenuedesigncanada.com\/fr\/wp-json\/wp\/v2\/product"}],"about":[{"href":"https:\/\/www.avenuedesigncanada.com\/fr\/wp-json\/wp\/v2\/types\/product"}],"wp:featuredmedia":[{"embeddable":true,"href":"https:\/\/www.avenuedesigncanada.com\/fr\/wp-json\/wp\/v2\/media\/250754"}],"wp:attachment":[{"href":"https:\/\/www.avenuedesigncanada.com\/fr\/wp-json\/wp\/v2\/media?parent=250746"}],"wp:term":[{"taxonomy":"product_brand","embeddable":true,"href":"https:\/\/www.avenuedesigncanada.com\/fr\/wp-json\/wp\/v2\/product_brand?post=250746"},{"taxonomy":"product_cat","embeddable":true,"href":"https:\/\/www.avenuedesigncanada.com\/fr\/wp-json\/wp\/v2\/product_cat?post=250746"},{"taxonomy":"product_tag","embeddable":true,"href":"https:\/\/www.avenuedesigncanada.com\/fr\/wp-json\/wp\/v2\/product_tag?post=250746"}],"curies":[{"name":"wp","href":"https:\/\/api.w.org\/{rel}","templated":true}]}}