{"id":250766,"date":"2023-08-24T10:45:48","date_gmt":"2023-08-24T14:45:48","guid":{"rendered":"https:\/\/www.avenuedesigncanada.com\/?post_type=product&#038;p=250766"},"modified":"2026-02-12T10:16:43","modified_gmt":"2026-02-12T15:16:43","slug":"lit-a-panneaux-aventura","status":"publish","type":"product","link":"https:\/\/www.avenuedesigncanada.com\/fr\/product\/lit-a-panneaux-aventura\/","title":{"rendered":"Lit \u00e0 panneaux Aventura"},"content":{"rendered":"<p><em>Les caract\u00e9ristiques du lit \u00e0 panneaux Aventura:<\/em><\/p>\n<p>T\u00eate de lit : Cadre en bois avec panneau rembourr\u00e9 avec deux coutures.<\/p>\n<p>Pied de lit : Cadre en bois avec panneau rembourr\u00e9.<\/p>\n<p>Panneaux lat\u00e9raux en bois<\/p>\n<p>Tissu B640<\/p>\n<p>Pieds en bois finition Playa<\/p>\n<p>Tous les bois apparents sont en finition Marcona<\/p>\n<p>Cinq lattes de bois avec doubles pieds centraux ajustables<\/p>\n<p>Options<\/p>\n<p><em>Note:<\/em> La t\u00eate de lit ne peut pas \u00eatre utilisi\u00e9e seule. Doit \u00eatre command\u00e9 avec le pied de lit\/les panneaux lat\u00e9raux.<\/p>\n<p>Format queen, L: 67.25 P: 88.75 H: 64 po<\/p>\n<p>Format King, L: 83.25 P: 88.75 H: 64 po<\/p>\n<p>Avez-vous des questions \u00e0 propos de ce produit ?<\/p>\n<p>Nos designers sont l\u00e0 pour vous aider. Appelez-nous au (514) 340-9351<\/p>\n","protected":false},"excerpt":{"rendered":"<p>Le lit \u00e0 panneaux Aventura s&rsquo;appuie sur des formes famili\u00e8res avec une touche de fra\u00eecheur et de modernit\u00e9 pour un look \u00e0 la fois lumineux et d\u00e9contract\u00e9. Des panneaux recouverts en creux soulignent la t\u00eate de lit et le pied de lit bas. Le cadre en bois fini Marcona ajoute de la dimension et un style rustique.<\/p>\n","protected":false},"featured_media":250780,"template":"","meta":{"_kad_blocks_custom_css":"","_kad_blocks_head_custom_js":"","_kad_blocks_body_custom_js":"","_kad_blocks_footer_custom_js":"","_kad_post_transparent":"default","_kad_post_title":"","_kad_post_layout":"default","_kad_post_sidebar_id":"","_kad_post_content_style":"default","_kad_post_vertical_padding":"default","_kad_post_feature":"","_kad_post_feature_position":"","_kad_post_header":false,"_kad_post_footer":false,"_kad_post_classname":""},"product_brand":[],"product_cat":[1296],"product_tag":[1851],"class_list":{"0":"post-250766","1":"product","2":"type-product","3":"status-publish","4":"has-post-thumbnail","6":"product_cat-lits","7":"product_tag-barcelona-fr","9":"first","10":"instock","11":"taxable","12":"shipping-taxable","13":"product-type-simple","14":"entry","15":"content-bg","16":"loop-entry"},"taxonomy_info":{"product_cat":[{"value":1296,"label":"Lits"}],"product_tag":[{"value":1851,"label":"BARCELONA"}]},"featured_image_src_large":["https:\/\/www.avenuedesigncanada.com\/wp-content\/uploads\/2023\/08\/K1906-1024x1024.jpg",1024,1024,true],"author_info":[],"comment_info":"","_links":{"self":[{"href":"https:\/\/www.avenuedesigncanada.com\/fr\/wp-json\/wp\/v2\/product\/250766","targetHints":{"allow":["GET"]}}],"collection":[{"href":"https:\/\/www.avenuedesigncanada.com\/fr\/wp-json\/wp\/v2\/product"}],"about":[{"href":"https:\/\/www.avenuedesigncanada.com\/fr\/wp-json\/wp\/v2\/types\/product"}],"wp:featuredmedia":[{"embeddable":true,"href":"https:\/\/www.avenuedesigncanada.com\/fr\/wp-json\/wp\/v2\/media\/250780"}],"wp:attachment":[{"href":"https:\/\/www.avenuedesigncanada.com\/fr\/wp-json\/wp\/v2\/media?parent=250766"}],"wp:term":[{"taxonomy":"product_brand","embeddable":true,"href":"https:\/\/www.avenuedesigncanada.com\/fr\/wp-json\/wp\/v2\/product_brand?post=250766"},{"taxonomy":"product_cat","embeddable":true,"href":"https:\/\/www.avenuedesigncanada.com\/fr\/wp-json\/wp\/v2\/product_cat?post=250766"},{"taxonomy":"product_tag","embeddable":true,"href":"https:\/\/www.avenuedesigncanada.com\/fr\/wp-json\/wp\/v2\/product_tag?post=250766"}],"curies":[{"name":"wp","href":"https:\/\/api.w.org\/{rel}","templated":true}]}}