{"id":251320,"date":"2023-08-31T13:48:27","date_gmt":"2023-08-31T17:48:27","guid":{"rendered":"https:\/\/www.avenuedesigncanada.com\/?post_type=product&#038;p=251320"},"modified":"2026-02-12T10:16:45","modified_gmt":"2026-02-12T15:16:45","slug":"table-a-diner-aventura-2","status":"publish","type":"product","link":"https:\/\/www.avenuedesigncanada.com\/fr\/product\/table-a-diner-aventura-2\/","title":{"rendered":"Table \u00e0 diner  Aventura"},"content":{"rendered":"<p><em>La table \u00e0 manger Aventura <\/em><em style=\"font-size: inherit\">caract\u00e9ristiques :<\/em><\/p>\n<p>Dessus : Bois massif et placage de ch\u00eane blanc, finition Marcona.<\/p>\n<p>Une rallonge de 20 pouces<\/p>\n<p>L&rsquo;ajout d&rsquo;une feuille transforme la table ronde en table ovale.<\/p>\n<p>Base : Aluminium moul\u00e9 textur\u00e9 avec d\u00e9coupes<\/p>\n<p>Finition Frosted Nickel<\/p>\n<p>Patins ajustables<\/p>\n<p>Vous avez des questions sur ce produit ? Nos concepteurs sont l\u00e0 pour vous aider. Appelez-nous au (514) 340-9351  <\/p>\n","protected":false},"excerpt":{"rendered":"<p>La table de salle \u00e0 manger Aventura montre son inspiration architecturale du milieu du si\u00e8cle dans une base en aluminium moul\u00e9 textur\u00e9 avec des d\u00e9coupes qui ressemblent aux parpaings de Palm Springs. La finition Frosted Nickel de la base s&rsquo;harmonise parfaitement avec le plateau en bois Marcona, qui se d\u00e9ploie en une forme ovale avec une rallonge de 20 pouces.<\/p>\n","protected":false},"featured_media":251322,"template":"","meta":{"_kad_blocks_custom_css":"","_kad_blocks_head_custom_js":"","_kad_blocks_body_custom_js":"","_kad_blocks_footer_custom_js":"","_kad_post_transparent":"","_kad_post_title":"","_kad_post_layout":"","_kad_post_sidebar_id":"","_kad_post_content_style":"","_kad_post_vertical_padding":"","_kad_post_feature":"","_kad_post_feature_position":"","_kad_post_header":false,"_kad_post_footer":false,"_kad_post_classname":""},"product_brand":[],"product_cat":[1306],"product_tag":[1844],"class_list":{"0":"post-251320","1":"product","2":"type-product","3":"status-publish","4":"has-post-thumbnail","6":"product_cat-tables-de-salle-a-manger","7":"product_tag-barcelona-cg-fr-2","9":"first","10":"instock","11":"taxable","12":"shipping-taxable","13":"product-type-simple","14":"entry","15":"content-bg","16":"loop-entry"},"taxonomy_info":{"product_cat":[{"value":1306,"label":"Tables"}],"product_tag":[{"value":1844,"label":"BARCELONA - CG"}]},"featured_image_src_large":["https:\/\/www.avenuedesigncanada.com\/wp-content\/uploads\/2023\/08\/K1859-1024x1024.jpg",1024,1024,true],"author_info":[],"comment_info":"","_links":{"self":[{"href":"https:\/\/www.avenuedesigncanada.com\/fr\/wp-json\/wp\/v2\/product\/251320","targetHints":{"allow":["GET"]}}],"collection":[{"href":"https:\/\/www.avenuedesigncanada.com\/fr\/wp-json\/wp\/v2\/product"}],"about":[{"href":"https:\/\/www.avenuedesigncanada.com\/fr\/wp-json\/wp\/v2\/types\/product"}],"wp:featuredmedia":[{"embeddable":true,"href":"https:\/\/www.avenuedesigncanada.com\/fr\/wp-json\/wp\/v2\/media\/251322"}],"wp:attachment":[{"href":"https:\/\/www.avenuedesigncanada.com\/fr\/wp-json\/wp\/v2\/media?parent=251320"}],"wp:term":[{"taxonomy":"product_brand","embeddable":true,"href":"https:\/\/www.avenuedesigncanada.com\/fr\/wp-json\/wp\/v2\/product_brand?post=251320"},{"taxonomy":"product_cat","embeddable":true,"href":"https:\/\/www.avenuedesigncanada.com\/fr\/wp-json\/wp\/v2\/product_cat?post=251320"},{"taxonomy":"product_tag","embeddable":true,"href":"https:\/\/www.avenuedesigncanada.com\/fr\/wp-json\/wp\/v2\/product_tag?post=251320"}],"curies":[{"name":"wp","href":"https:\/\/api.w.org\/{rel}","templated":true}]}}