{"id":251338,"date":"2023-08-31T14:04:40","date_gmt":"2023-08-31T18:04:40","guid":{"rendered":"https:\/\/www.avenuedesigncanada.com\/?post_type=product&#038;p=251338"},"modified":"2026-02-12T10:16:45","modified_gmt":"2026-02-12T15:16:45","slug":"chaise-a-bras-aventura","status":"publish","type":"product","link":"https:\/\/www.avenuedesigncanada.com\/fr\/product\/chaise-a-bras-aventura\/","title":{"rendered":"Chaise \u00e0 bras Aventura"},"content":{"rendered":"<p><em>La chaise \u00e0 bras Aventura pr\u00e9sente les caract\u00e9ristiques suivantes :<\/em><\/p>\n<p>Cadre en bois apparent, dossier ovale incurv\u00e9 et travers en forme de \u00ab\u00a0H\u00a0\u00bb en finition Marcona.<\/p>\n<p>Assise rembourr\u00e9e<\/p>\n<p>Tissu: B640<\/p>\n<p>Patins<\/p>\n<p>Vous avez des questions sur ce produit ? Nos concepteurs sont l\u00e0 pour vous aider. Appelez-nous au (514) 340-9351  <\/p>\n","protected":false},"excerpt":{"rendered":"<p>Le dossier incurv\u00e9 et le cadre en bois fa\u00e7onn\u00e9 soulignent l&rsquo;inspiration midcentury de la chaise \u00e0 bras Aventura. Les accoudoirs offrent un repose-main arrondi unique, tandis que les pieds arri\u00e8re s&rsquo;\u00e9tirent jusqu&rsquo;\u00e0 rejoindre le dossier. Une assise recouverte ajoute au confort, et le cadre en bois prend une tournure chaleureuse dans notre finition Marcona.<\/p>\n","protected":false},"featured_media":251349,"template":"","meta":{"_kad_blocks_custom_css":"","_kad_blocks_head_custom_js":"","_kad_blocks_body_custom_js":"","_kad_blocks_footer_custom_js":"","_kad_post_transparent":"","_kad_post_title":"","_kad_post_layout":"","_kad_post_sidebar_id":"","_kad_post_content_style":"","_kad_post_vertical_padding":"","_kad_post_feature":"","_kad_post_feature_position":"","_kad_post_header":false,"_kad_post_footer":false,"_kad_post_classname":""},"product_brand":[],"product_cat":[1302],"product_tag":[1851],"class_list":{"0":"post-251338","1":"product","2":"type-product","3":"status-publish","4":"has-post-thumbnail","6":"product_cat-chaises","7":"product_tag-barcelona-fr","9":"first","10":"instock","11":"taxable","12":"shipping-taxable","13":"product-type-simple","14":"entry","15":"content-bg","16":"loop-entry"},"taxonomy_info":{"product_cat":[{"value":1302,"label":"Chaises"}],"product_tag":[{"value":1851,"label":"BARCELONA"}]},"featured_image_src_large":["https:\/\/www.avenuedesigncanada.com\/wp-content\/uploads\/2023\/08\/318556_103-1024x1024.jpg",1024,1024,true],"author_info":[],"comment_info":"","_links":{"self":[{"href":"https:\/\/www.avenuedesigncanada.com\/fr\/wp-json\/wp\/v2\/product\/251338","targetHints":{"allow":["GET"]}}],"collection":[{"href":"https:\/\/www.avenuedesigncanada.com\/fr\/wp-json\/wp\/v2\/product"}],"about":[{"href":"https:\/\/www.avenuedesigncanada.com\/fr\/wp-json\/wp\/v2\/types\/product"}],"wp:featuredmedia":[{"embeddable":true,"href":"https:\/\/www.avenuedesigncanada.com\/fr\/wp-json\/wp\/v2\/media\/251349"}],"wp:attachment":[{"href":"https:\/\/www.avenuedesigncanada.com\/fr\/wp-json\/wp\/v2\/media?parent=251338"}],"wp:term":[{"taxonomy":"product_brand","embeddable":true,"href":"https:\/\/www.avenuedesigncanada.com\/fr\/wp-json\/wp\/v2\/product_brand?post=251338"},{"taxonomy":"product_cat","embeddable":true,"href":"https:\/\/www.avenuedesigncanada.com\/fr\/wp-json\/wp\/v2\/product_cat?post=251338"},{"taxonomy":"product_tag","embeddable":true,"href":"https:\/\/www.avenuedesigncanada.com\/fr\/wp-json\/wp\/v2\/product_tag?post=251338"}],"curies":[{"name":"wp","href":"https:\/\/api.w.org\/{rel}","templated":true}]}}