{"id":252543,"date":"2023-09-13T13:58:07","date_gmt":"2023-09-13T17:58:07","guid":{"rendered":"https:\/\/www.avenuedesigncanada.com\/?post_type=product&#038;p=252543"},"modified":"2026-02-12T10:16:47","modified_gmt":"2026-02-12T15:16:47","slug":"buffet-aventura-2","status":"publish","type":"product","link":"https:\/\/www.avenuedesigncanada.com\/fr\/product\/buffet-aventura-2\/","title":{"rendered":"Buffet Aventura"},"content":{"rendered":"<p><em>Le buffet Aventura <\/em><em style=\"font-size: inherit;\">caract\u00e9ristiques :<\/em><\/p>\n<p>Bois massif et placage de ch\u00eane blanc en finition Marcona<\/p>\n<p>Devanture courbe<\/p>\n<p>Quatre portes \u00e0 ouverture par pouss\u00e9e et fermeture douce : deux portes centrales et une porte simple \u00e0 chaque extr\u00e9mit\u00e9.<\/p>\n<p>Chaque porte est dot\u00e9e d&rsquo;une fa\u00e7ade convexe en r\u00e9sine moul\u00e9e, avec des coins en onglet et un centre ovale.<\/p>\n<p>Derri\u00e8re les portes gauche et droite se trouvent deux tablettes ajustables\/amovibles.<\/p>\n<p>Derri\u00e8re les portes centrales se trouvent une tablette fixe, un tiroir \u00e0 fermeture douce avec une d\u00e9coupe et une insertion pour l&rsquo;argenterie en tissu Guardian marron, ainsi que de l&rsquo;espace au-dessus et au-dessous du tiroir.<\/p>\n<p>Patins ajustables<\/p>\n<p>Kit anti-bascule et feuille d&rsquo;instructions<\/p>\n<p>Ne convient pas pour une t\u00e9l\u00e9vision<\/p>\n<p>Vous avez des questions sur ce produit ? Nos concepteurs sont l\u00e0 pour vous aider. Appelez-nous au (514) 340-9351  <\/p>\n","protected":false},"excerpt":{"rendered":"<p>Les fa\u00e7ades de porte Cameo mettent en valeur les formes et les dimensions qui sont les points forts de la collection Aventura. Ce buffet en arc de cercle offre \u00e9galement des lignes \u00e9pur\u00e9es et une finition Marcona rustique \u00e9tonnante. Quatre portes \u00e0 ouverture par pression et fermeture douce dissimulent des tablettes ajustables et amovibles ainsi qu&rsquo;un tiroir central.<\/p>\n","protected":false},"featured_media":252559,"template":"","meta":{"_kad_blocks_custom_css":"","_kad_blocks_head_custom_js":"","_kad_blocks_body_custom_js":"","_kad_blocks_footer_custom_js":"","_kad_post_transparent":"","_kad_post_title":"","_kad_post_layout":"","_kad_post_sidebar_id":"","_kad_post_content_style":"","_kad_post_vertical_padding":"","_kad_post_feature":"","_kad_post_feature_position":"","_kad_post_header":false,"_kad_post_footer":false,"_kad_post_classname":""},"product_brand":[],"product_cat":[1303],"product_tag":[1844],"class_list":{"0":"post-252543","1":"product","2":"type-product","3":"status-publish","4":"has-post-thumbnail","6":"product_cat-buffets","7":"product_tag-barcelona-cg-fr-2","9":"first","10":"instock","11":"taxable","12":"shipping-taxable","13":"product-type-simple","14":"entry","15":"content-bg","16":"loop-entry"},"taxonomy_info":{"product_cat":[{"value":1303,"label":"Buffets"}],"product_tag":[{"value":1844,"label":"BARCELONA - CG"}]},"featured_image_src_large":["https:\/\/www.avenuedesigncanada.com\/wp-content\/uploads\/2023\/09\/318134-1024x1024.jpg",1024,1024,true],"author_info":[],"comment_info":"","_links":{"self":[{"href":"https:\/\/www.avenuedesigncanada.com\/fr\/wp-json\/wp\/v2\/product\/252543","targetHints":{"allow":["GET"]}}],"collection":[{"href":"https:\/\/www.avenuedesigncanada.com\/fr\/wp-json\/wp\/v2\/product"}],"about":[{"href":"https:\/\/www.avenuedesigncanada.com\/fr\/wp-json\/wp\/v2\/types\/product"}],"wp:featuredmedia":[{"embeddable":true,"href":"https:\/\/www.avenuedesigncanada.com\/fr\/wp-json\/wp\/v2\/media\/252559"}],"wp:attachment":[{"href":"https:\/\/www.avenuedesigncanada.com\/fr\/wp-json\/wp\/v2\/media?parent=252543"}],"wp:term":[{"taxonomy":"product_brand","embeddable":true,"href":"https:\/\/www.avenuedesigncanada.com\/fr\/wp-json\/wp\/v2\/product_brand?post=252543"},{"taxonomy":"product_cat","embeddable":true,"href":"https:\/\/www.avenuedesigncanada.com\/fr\/wp-json\/wp\/v2\/product_cat?post=252543"},{"taxonomy":"product_tag","embeddable":true,"href":"https:\/\/www.avenuedesigncanada.com\/fr\/wp-json\/wp\/v2\/product_tag?post=252543"}],"curies":[{"name":"wp","href":"https:\/\/api.w.org\/{rel}","templated":true}]}}