{"id":252825,"date":"2023-09-15T10:33:54","date_gmt":"2023-09-15T14:33:54","guid":{"rendered":"https:\/\/www.avenuedesigncanada.com\/?post_type=product&#038;p=252825"},"modified":"2026-02-12T10:16:50","modified_gmt":"2026-02-12T15:16:50","slug":"table-de-bout-aventura","status":"publish","type":"product","link":"https:\/\/www.avenuedesigncanada.com\/fr\/product\/table-de-bout-aventura\/","title":{"rendered":"Table de bout Aventura"},"content":{"rendered":"<p><em>Les caract\u00e9ristiques de la table de bout Aventura:<\/em><\/p>\n<p>Bois massif et placage de ch\u00eane blanc en finition Marcona<\/p>\n<p>Quatre poteaux de soutien en r\u00e9sine moul\u00e9e sculpt\u00e9e en finition Marcona<\/p>\n<p>Les sommets des poteaux sont visibles sur la surface de la table<\/p>\n<p>Deux tablettes et un plateau plat<\/p>\n<p>Patins ajustables<\/p>\n<p>Vous avez des questions sur ce produit ?<br \/>\nNos concepteurs sont l\u00e0 pour vous aider.<br \/>\nAppelez-nous au (514) 340-9351<\/p>\n","protected":false},"excerpt":{"rendered":"<p>La table de bout Aventura est mise en valeur par des poteaux en r\u00e9sine moul\u00e9e de forme unique qui soutiennent le plateau et deux tablettes, tout en \u00e9tant visibles sur la surface du plateau. Le mod\u00e8le aux c\u00f4t\u00e9s ouverts est fini dans un Marcona chaud et rustique.<\/p>\n<p>&nbsp;<\/p>\n","protected":false},"featured_media":252834,"template":"","meta":{"_kad_blocks_custom_css":"","_kad_blocks_head_custom_js":"","_kad_blocks_body_custom_js":"","_kad_blocks_footer_custom_js":"","_kad_post_transparent":"","_kad_post_title":"","_kad_post_layout":"","_kad_post_sidebar_id":"","_kad_post_content_style":"","_kad_post_vertical_padding":"","_kad_post_feature":"","_kad_post_feature_position":"","_kad_post_header":false,"_kad_post_footer":false,"_kad_post_classname":""},"product_brand":[],"product_cat":[1323],"product_tag":[1844],"class_list":{"0":"post-252825","1":"product","2":"type-product","3":"status-publish","4":"has-post-thumbnail","6":"product_cat-salon-tables-dappoint","7":"product_tag-barcelona-cg-fr-2","9":"first","10":"instock","11":"taxable","12":"shipping-taxable","13":"product-type-simple","14":"entry","15":"content-bg","16":"loop-entry"},"taxonomy_info":{"product_cat":[{"value":1323,"label":"Tables d'appoint"}],"product_tag":[{"value":1844,"label":"BARCELONA - CG"}]},"featured_image_src_large":["https:\/\/www.avenuedesigncanada.com\/wp-content\/uploads\/2023\/09\/318121-1024x1024.jpg",1024,1024,true],"author_info":[],"comment_info":"","_links":{"self":[{"href":"https:\/\/www.avenuedesigncanada.com\/fr\/wp-json\/wp\/v2\/product\/252825","targetHints":{"allow":["GET"]}}],"collection":[{"href":"https:\/\/www.avenuedesigncanada.com\/fr\/wp-json\/wp\/v2\/product"}],"about":[{"href":"https:\/\/www.avenuedesigncanada.com\/fr\/wp-json\/wp\/v2\/types\/product"}],"wp:featuredmedia":[{"embeddable":true,"href":"https:\/\/www.avenuedesigncanada.com\/fr\/wp-json\/wp\/v2\/media\/252834"}],"wp:attachment":[{"href":"https:\/\/www.avenuedesigncanada.com\/fr\/wp-json\/wp\/v2\/media?parent=252825"}],"wp:term":[{"taxonomy":"product_brand","embeddable":true,"href":"https:\/\/www.avenuedesigncanada.com\/fr\/wp-json\/wp\/v2\/product_brand?post=252825"},{"taxonomy":"product_cat","embeddable":true,"href":"https:\/\/www.avenuedesigncanada.com\/fr\/wp-json\/wp\/v2\/product_cat?post=252825"},{"taxonomy":"product_tag","embeddable":true,"href":"https:\/\/www.avenuedesigncanada.com\/fr\/wp-json\/wp\/v2\/product_tag?post=252825"}],"curies":[{"name":"wp","href":"https:\/\/api.w.org\/{rel}","templated":true}]}}