{"id":252849,"date":"2023-09-15T10:54:29","date_gmt":"2023-09-15T14:54:29","guid":{"rendered":"https:\/\/www.avenuedesigncanada.com\/?post_type=product&#038;p=252849"},"modified":"2026-02-12T10:16:50","modified_gmt":"2026-02-12T15:16:50","slug":"table-de-bout-aventura-2","status":"publish","type":"product","link":"https:\/\/www.avenuedesigncanada.com\/fr\/product\/table-de-bout-aventura-2\/","title":{"rendered":"Table de bout Aventura"},"content":{"rendered":"<p><em>La table d&rsquo;appoint Aventura pr\u00e9sente les caract\u00e9ristiques suivantes :<\/em><\/p>\n<p>Dessus en bois encastr\u00e9 au fini Marcona<\/p>\n<p>Fini nickel givr\u00e9 sur base en fonte d&rsquo;aluminium textur\u00e9e avec brancards et pieds fusel\u00e9s<\/p>\n<p>Patins r\u00e9glables<\/p>\n<p>Vous avez des questions au sujet de ce produit ?<br \/>\nNos designers sont l\u00e0 pour vous aider.<br \/>\nAppelez-nous au (514) 340-9351<\/p>\n","protected":false},"excerpt":{"rendered":"<p>Un cercle de bois bord\u00e9 de fonte d&rsquo;aluminium flotte au-dessus d&rsquo;un anneau satellite en m\u00e9tal sur la table d&rsquo;appoint Aventura. Les pieds \u00e9vas\u00e9s sont form\u00e9s en aluminium moul\u00e9 textur\u00e9 pour un look rustique d\u00e9contract\u00e9. Le plateau en ch\u00eane encastr\u00e9 est fini en Marcona.<\/p>\n<p>&nbsp;<\/p>\n","protected":false},"featured_media":252861,"template":"","meta":{"_kad_blocks_custom_css":"","_kad_blocks_head_custom_js":"","_kad_blocks_body_custom_js":"","_kad_blocks_footer_custom_js":"","_kad_post_transparent":"","_kad_post_title":"","_kad_post_layout":"","_kad_post_sidebar_id":"","_kad_post_content_style":"","_kad_post_vertical_padding":"","_kad_post_feature":"","_kad_post_feature_position":"","_kad_post_header":false,"_kad_post_footer":false,"_kad_post_classname":""},"product_brand":[],"product_cat":[1323],"product_tag":[1844],"class_list":{"0":"post-252849","1":"product","2":"type-product","3":"status-publish","4":"has-post-thumbnail","6":"product_cat-salon-tables-dappoint","7":"product_tag-barcelona-cg-fr-2","9":"first","10":"instock","11":"taxable","12":"shipping-taxable","13":"product-type-simple","14":"entry","15":"content-bg","16":"loop-entry"},"taxonomy_info":{"product_cat":[{"value":1323,"label":"Tables d'appoint"}],"product_tag":[{"value":1844,"label":"BARCELONA - CG"}]},"featured_image_src_large":["https:\/\/www.avenuedesigncanada.com\/wp-content\/uploads\/2023\/09\/318125-1024x1024.jpg",1024,1024,true],"author_info":[],"comment_info":"","_links":{"self":[{"href":"https:\/\/www.avenuedesigncanada.com\/fr\/wp-json\/wp\/v2\/product\/252849","targetHints":{"allow":["GET"]}}],"collection":[{"href":"https:\/\/www.avenuedesigncanada.com\/fr\/wp-json\/wp\/v2\/product"}],"about":[{"href":"https:\/\/www.avenuedesigncanada.com\/fr\/wp-json\/wp\/v2\/types\/product"}],"wp:featuredmedia":[{"embeddable":true,"href":"https:\/\/www.avenuedesigncanada.com\/fr\/wp-json\/wp\/v2\/media\/252861"}],"wp:attachment":[{"href":"https:\/\/www.avenuedesigncanada.com\/fr\/wp-json\/wp\/v2\/media?parent=252849"}],"wp:term":[{"taxonomy":"product_brand","embeddable":true,"href":"https:\/\/www.avenuedesigncanada.com\/fr\/wp-json\/wp\/v2\/product_brand?post=252849"},{"taxonomy":"product_cat","embeddable":true,"href":"https:\/\/www.avenuedesigncanada.com\/fr\/wp-json\/wp\/v2\/product_cat?post=252849"},{"taxonomy":"product_tag","embeddable":true,"href":"https:\/\/www.avenuedesigncanada.com\/fr\/wp-json\/wp\/v2\/product_tag?post=252849"}],"curies":[{"name":"wp","href":"https:\/\/api.w.org\/{rel}","templated":true}]}}