{"id":252872,"date":"2023-09-15T11:08:28","date_gmt":"2023-09-15T15:08:28","guid":{"rendered":"https:\/\/www.avenuedesigncanada.com\/?post_type=product&#038;p=252872"},"modified":"2026-02-12T10:16:50","modified_gmt":"2026-02-12T15:16:50","slug":"table-dappoint-aventura","status":"publish","type":"product","link":"https:\/\/www.avenuedesigncanada.com\/fr\/product\/table-dappoint-aventura\/","title":{"rendered":"Table d&rsquo;appoint Aventura"},"content":{"rendered":"<p><em>La table d&rsquo;appoint Aventura pr\u00e9sente les caract\u00e9ristiques suivantes :<\/em><\/p>\n<p>Bois massif et placage de ch\u00eane blanc au fini Marcona sur le dessus et le dos du bois<\/p>\n<p>Fini nickel givr\u00e9 sur le panneau arri\u00e8re int\u00e9rieur et la tablette inf\u00e9rieure en aluminium moul\u00e9 textur\u00e9<\/p>\n<p>Patins r\u00e9glables<\/p>\n<p>Vous avez des questions sur ce produit ?<br \/>\nNos designers sont l\u00e0 pour vous aider.<br \/>\nAppelez-nous au (514) 340-9351<\/p>\n","protected":false},"excerpt":{"rendered":"<p>Le style californien cool prend forme dans les superpositions de m\u00e9tal en aluminium moul\u00e9 de la table d&rsquo;appoint Aventura. Des carr\u00e9s ajour\u00e9s de forme libre au dos et \u00e0 la base de la table en forme de C r\u00e9v\u00e8lent le cadre en bois dans notre finition Marcona.<\/p>\n<p>&nbsp;<\/p>\n","protected":false},"featured_media":252884,"template":"","meta":{"_kad_blocks_custom_css":"","_kad_blocks_head_custom_js":"","_kad_blocks_body_custom_js":"","_kad_blocks_footer_custom_js":"","_kad_post_transparent":"","_kad_post_title":"","_kad_post_layout":"","_kad_post_sidebar_id":"","_kad_post_content_style":"","_kad_post_vertical_padding":"","_kad_post_feature":"","_kad_post_feature_position":"","_kad_post_header":false,"_kad_post_footer":false,"_kad_post_classname":""},"product_brand":[],"product_cat":[1323],"product_tag":[1844],"class_list":{"0":"post-252872","1":"product","2":"type-product","3":"status-publish","4":"has-post-thumbnail","6":"product_cat-salon-tables-dappoint","7":"product_tag-barcelona-cg-fr-2","9":"first","10":"instock","11":"taxable","12":"shipping-taxable","13":"product-type-simple","14":"entry","15":"content-bg","16":"loop-entry"},"taxonomy_info":{"product_cat":[{"value":1323,"label":"Tables d'appoint"}],"product_tag":[{"value":1844,"label":"BARCELONA - CG"}]},"featured_image_src_large":["https:\/\/www.avenuedesigncanada.com\/wp-content\/uploads\/2023\/09\/318112-1024x1024.jpg",1024,1024,true],"author_info":[],"comment_info":"","_links":{"self":[{"href":"https:\/\/www.avenuedesigncanada.com\/fr\/wp-json\/wp\/v2\/product\/252872","targetHints":{"allow":["GET"]}}],"collection":[{"href":"https:\/\/www.avenuedesigncanada.com\/fr\/wp-json\/wp\/v2\/product"}],"about":[{"href":"https:\/\/www.avenuedesigncanada.com\/fr\/wp-json\/wp\/v2\/types\/product"}],"wp:featuredmedia":[{"embeddable":true,"href":"https:\/\/www.avenuedesigncanada.com\/fr\/wp-json\/wp\/v2\/media\/252884"}],"wp:attachment":[{"href":"https:\/\/www.avenuedesigncanada.com\/fr\/wp-json\/wp\/v2\/media?parent=252872"}],"wp:term":[{"taxonomy":"product_brand","embeddable":true,"href":"https:\/\/www.avenuedesigncanada.com\/fr\/wp-json\/wp\/v2\/product_brand?post=252872"},{"taxonomy":"product_cat","embeddable":true,"href":"https:\/\/www.avenuedesigncanada.com\/fr\/wp-json\/wp\/v2\/product_cat?post=252872"},{"taxonomy":"product_tag","embeddable":true,"href":"https:\/\/www.avenuedesigncanada.com\/fr\/wp-json\/wp\/v2\/product_tag?post=252872"}],"curies":[{"name":"wp","href":"https:\/\/api.w.org\/{rel}","templated":true}]}}