{"id":252898,"date":"2023-09-15T11:28:33","date_gmt":"2023-09-15T15:28:33","guid":{"rendered":"https:\/\/www.avenuedesigncanada.com\/?post_type=product&#038;p=252898"},"modified":"2026-02-12T10:16:51","modified_gmt":"2026-02-12T15:16:51","slug":"table-dappoint-aventura-2","status":"publish","type":"product","link":"https:\/\/www.avenuedesigncanada.com\/fr\/product\/table-dappoint-aventura-2\/","title":{"rendered":"Table d&rsquo;appoint Aventura"},"content":{"rendered":"<p><em>Les caract\u00e9ristiques de la table d&rsquo;appoint Aventura:<\/em><\/p>\n<p>Plateau en fausse pierre en finition Tusk<br \/>\nBase et brancards en m\u00e9tal textur\u00e9 en finition Frosted Nickel<br \/>\nLes pieds se r\u00e9tr\u00e9cissent l\u00e9g\u00e8rement<br \/>\nPatins r\u00e9glables<\/p>\n<p>La texture est \u00e0 l&rsquo;honneur sur la table d&rsquo;appoint Aventura. Les pieds en m\u00e9tal tactile s&rsquo;\u00e9largissent vers le bas, tout en entourant et en soutenant un plateau en fausse pierre dans une finition Tusk.<\/p>\n<p>&nbsp;<br \/>\nVous avez des questions sur ce produit ?<br \/>\nNos concepteurs sont l\u00e0 pour vous aider.<br \/>\nAppelez-nous au (514) 340-9351<\/p>\n","protected":false},"excerpt":{"rendered":"<p>La table d&rsquo;appoint Aventura pr\u00e9sente des textures tactiles avec un plateau en fausse pierre en finition Tusk, soutenu par des pieds m\u00e9talliques l\u00e9g\u00e8rement effil\u00e9s en nickel givr\u00e9. La combinaison des finitions et des angles subtils cr\u00e9e un look raffin\u00e9 et contemporain, parfait pour tout espace de vie. <\/p>\n","protected":false},"featured_media":252902,"template":"","meta":{"_kad_blocks_custom_css":"","_kad_blocks_head_custom_js":"","_kad_blocks_body_custom_js":"","_kad_blocks_footer_custom_js":"","_kad_post_transparent":"","_kad_post_title":"","_kad_post_layout":"","_kad_post_sidebar_id":"","_kad_post_content_style":"","_kad_post_vertical_padding":"","_kad_post_feature":"","_kad_post_feature_position":"","_kad_post_header":false,"_kad_post_footer":false,"_kad_post_classname":""},"product_brand":[],"product_cat":[1323],"product_tag":[1844],"class_list":{"0":"post-252898","1":"product","2":"type-product","3":"status-publish","4":"has-post-thumbnail","6":"product_cat-salon-tables-dappoint","7":"product_tag-barcelona-cg-fr-2","9":"first","10":"instock","11":"taxable","12":"shipping-taxable","13":"product-type-simple","14":"entry","15":"content-bg","16":"loop-entry"},"taxonomy_info":{"product_cat":[{"value":1323,"label":"Tables d'appoint"}],"product_tag":[{"value":1844,"label":"BARCELONA - CG"}]},"featured_image_src_large":["https:\/\/www.avenuedesigncanada.com\/wp-content\/uploads\/2023\/09\/318123-1024x1024.jpg",1024,1024,true],"author_info":[],"comment_info":"","_links":{"self":[{"href":"https:\/\/www.avenuedesigncanada.com\/fr\/wp-json\/wp\/v2\/product\/252898","targetHints":{"allow":["GET"]}}],"collection":[{"href":"https:\/\/www.avenuedesigncanada.com\/fr\/wp-json\/wp\/v2\/product"}],"about":[{"href":"https:\/\/www.avenuedesigncanada.com\/fr\/wp-json\/wp\/v2\/types\/product"}],"wp:featuredmedia":[{"embeddable":true,"href":"https:\/\/www.avenuedesigncanada.com\/fr\/wp-json\/wp\/v2\/media\/252902"}],"wp:attachment":[{"href":"https:\/\/www.avenuedesigncanada.com\/fr\/wp-json\/wp\/v2\/media?parent=252898"}],"wp:term":[{"taxonomy":"product_brand","embeddable":true,"href":"https:\/\/www.avenuedesigncanada.com\/fr\/wp-json\/wp\/v2\/product_brand?post=252898"},{"taxonomy":"product_cat","embeddable":true,"href":"https:\/\/www.avenuedesigncanada.com\/fr\/wp-json\/wp\/v2\/product_cat?post=252898"},{"taxonomy":"product_tag","embeddable":true,"href":"https:\/\/www.avenuedesigncanada.com\/fr\/wp-json\/wp\/v2\/product_tag?post=252898"}],"curies":[{"name":"wp","href":"https:\/\/api.w.org\/{rel}","templated":true}]}}