{"id":253278,"date":"2023-09-18T11:12:45","date_gmt":"2023-09-18T15:12:45","guid":{"rendered":"https:\/\/www.avenuedesigncanada.com\/?post_type=product&#038;p=253278"},"modified":"2026-02-12T10:16:52","modified_gmt":"2026-02-12T15:16:52","slug":"bureau-aventura","status":"publish","type":"product","link":"https:\/\/www.avenuedesigncanada.com\/fr\/product\/bureau-aventura\/","title":{"rendered":"Bureau Aventura"},"content":{"rendered":"<p><em>Les caract\u00e9ristiques du bureau Aventura:<\/em><\/p>\n<p>Plateau en bois massif et placage de ch\u00eane blanc, finition Marcona.<\/p>\n<p>Trois tiroirs \u00e0 fa\u00e7ades pyramidale dimensionnelle<\/p>\n<p>Poign\u00e9es de tiroirs \u00e0 languettes m\u00e9talliques en finition Frosted Nickel<\/p>\n<p>Base en fonte d&rsquo;aluminium avec tendeurs en finition Frosted Nickel<\/p>\n<p>Les pieds s&rsquo;\u00e9vasent vers l&rsquo;ext\u00e9rieur \u00e0 la base<\/p>\n<p>Trou de passe-fil couvert dans le plateau du bureau<\/p>\n<p>Bloc d&rsquo;alimentation avec deux ports USB et deux prises de courant<\/p>\n<p>Les sp\u00e9cifications peuvent \u00eatre modifi\u00e9es sans pr\u00e9avis<\/p>\n<p>Le bureau est enti\u00e8rement fini sur tous les c\u00f4t\u00e9s<\/p>\n<p>Patins ajustables<\/p>\n<p><span style=\"font-weight: 400;\">Vous avez des questions sur ce produit ?<\/p>\n<p><\/span><span style=\"font-weight: 400;\">Nos designers sont l\u00e0 pour vous aider.<\/span> Appelez-nous au (514) 340-935.<\/p>\n","protected":false},"excerpt":{"rendered":"<p>Un magnifique pi\u00e8tement en aluminium textur\u00e9 supporte un plateau en bois sur le bureau Aventura. Les formes dimensionnelles des trois fa\u00e7ades des tiroirs du bureau compl\u00e8tent les pieds fusel\u00e9s. Une unit\u00e9 d&rsquo;alimentation situ\u00e9e sur le dessus offre une fonction avec deux ports USB et deux prises de courant.<\/p>\n<p>&nbsp;<\/p>\n","protected":false},"featured_media":253288,"template":"","meta":{"_kad_blocks_custom_css":"","_kad_blocks_head_custom_js":"","_kad_blocks_body_custom_js":"","_kad_blocks_footer_custom_js":"","_kad_post_transparent":"default","_kad_post_title":"","_kad_post_layout":"default","_kad_post_sidebar_id":"","_kad_post_content_style":"default","_kad_post_vertical_padding":"default","_kad_post_feature":"","_kad_post_feature_position":"","_kad_post_header":false,"_kad_post_footer":false,"_kad_post_classname":""},"product_brand":[],"product_cat":[1310],"product_tag":[1844],"class_list":{"0":"post-253278","1":"product","2":"type-product","3":"status-publish","4":"has-post-thumbnail","6":"product_cat-bureaux","7":"product_tag-barcelona-cg-fr-2","9":"first","10":"instock","11":"taxable","12":"shipping-taxable","13":"product-type-simple","14":"entry","15":"content-bg","16":"loop-entry"},"taxonomy_info":{"product_cat":[{"value":1310,"label":"Bureaux"}],"product_tag":[{"value":1844,"label":"BARCELONA - CG"}]},"featured_image_src_large":["https:\/\/www.avenuedesigncanada.com\/wp-content\/uploads\/2023\/09\/D21514-1024x1024.jpg",1024,1024,true],"author_info":[],"comment_info":"","_links":{"self":[{"href":"https:\/\/www.avenuedesigncanada.com\/fr\/wp-json\/wp\/v2\/product\/253278","targetHints":{"allow":["GET"]}}],"collection":[{"href":"https:\/\/www.avenuedesigncanada.com\/fr\/wp-json\/wp\/v2\/product"}],"about":[{"href":"https:\/\/www.avenuedesigncanada.com\/fr\/wp-json\/wp\/v2\/types\/product"}],"wp:featuredmedia":[{"embeddable":true,"href":"https:\/\/www.avenuedesigncanada.com\/fr\/wp-json\/wp\/v2\/media\/253288"}],"wp:attachment":[{"href":"https:\/\/www.avenuedesigncanada.com\/fr\/wp-json\/wp\/v2\/media?parent=253278"}],"wp:term":[{"taxonomy":"product_brand","embeddable":true,"href":"https:\/\/www.avenuedesigncanada.com\/fr\/wp-json\/wp\/v2\/product_brand?post=253278"},{"taxonomy":"product_cat","embeddable":true,"href":"https:\/\/www.avenuedesigncanada.com\/fr\/wp-json\/wp\/v2\/product_cat?post=253278"},{"taxonomy":"product_tag","embeddable":true,"href":"https:\/\/www.avenuedesigncanada.com\/fr\/wp-json\/wp\/v2\/product_tag?post=253278"}],"curies":[{"name":"wp","href":"https:\/\/api.w.org\/{rel}","templated":true}]}}