{"id":253292,"date":"2023-09-18T11:30:55","date_gmt":"2023-09-18T15:30:55","guid":{"rendered":"https:\/\/www.avenuedesigncanada.com\/?post_type=product&#038;p=253292"},"modified":"2026-02-12T10:16:52","modified_gmt":"2026-02-12T15:16:52","slug":"lit-a-panneaux-stratum","status":"publish","type":"product","link":"https:\/\/www.avenuedesigncanada.com\/fr\/product\/lit-a-panneaux-stratum\/","title":{"rendered":"Lit \u00e0 panneaux Stratum"},"content":{"rendered":"<p><em>Les caract\u00e9ristiques du lit \u00e0 panneaux Stratum:<\/em><\/p>\n<p>T\u00eate de lit inclin\u00e9e et rembourr\u00e9e, c\u00f4t\u00e9s et pied de lit rembourr\u00e9s en tissu B581 et pieds en bois apparents en finition Mist.<\/p>\n<p>Standard avec cinq lattes de bois avec des pieds de support centraux ajustables.<\/p>\n<p>Options<\/p>\n<p><em>Note:<\/em> La t\u00eate de lit ne peut pas \u00eatre utilisi\u00e9e seule. Doit \u00eatre command\u00e9 avec le pied de lit\/les panneaux lat\u00e9raux.<\/p>\n<p>Grand lit, L: 69.75 P: 93.75 H: 55.75&Prime;<\/p>\n<p>Tr\u00e8s grand lit, L: 85.75 P: 93.75 H: 55.75&Prime;<\/p>\n<p><span style=\"font-weight: 400;\">Vous avez des questions sur ce produit ?<\/p>\n<p><\/span><span style=\"font-weight: 400;\">Nos designers sont l\u00e0 pour vous aider.<\/span> Appelez-nous au (514) 340-9351.<\/p>\n<p>&nbsp;<\/p>\n","protected":false},"excerpt":{"rendered":"<p>Le lit panneau Stratum est enti\u00e8rement rembourr\u00e9 avec un cadre moderniste et une t\u00eate de lit l\u00e9g\u00e8rement inclin\u00e9e. Les lignes \u00e9pur\u00e9es offrent un confort optimal et reposent sur des pieds en bois apparents en finition Mist.<\/p>\n<p>&nbsp;<\/p>\n","protected":false},"featured_media":253302,"template":"","meta":{"_kad_blocks_custom_css":"","_kad_blocks_head_custom_js":"","_kad_blocks_body_custom_js":"","_kad_blocks_footer_custom_js":"","_kad_post_transparent":"default","_kad_post_title":"","_kad_post_layout":"default","_kad_post_sidebar_id":"","_kad_post_content_style":"default","_kad_post_vertical_padding":"default","_kad_post_feature":"","_kad_post_feature_position":"","_kad_post_header":false,"_kad_post_footer":false,"_kad_post_classname":""},"product_brand":[],"product_cat":[1296],"product_tag":[1851],"class_list":{"0":"post-253292","1":"product","2":"type-product","3":"status-publish","4":"has-post-thumbnail","6":"product_cat-lits","7":"product_tag-barcelona-fr","9":"first","10":"instock","11":"taxable","12":"shipping-taxable","13":"product-type-simple","14":"entry","15":"content-bg","16":"loop-entry"},"taxonomy_info":{"product_cat":[{"value":1296,"label":"Lits"}],"product_tag":[{"value":1851,"label":"BARCELONA"}]},"featured_image_src_large":["https:\/\/www.avenuedesigncanada.com\/wp-content\/uploads\/2023\/09\/K1893-1-1024x1024.jpg",1024,1024,true],"author_info":[],"comment_info":"","_links":{"self":[{"href":"https:\/\/www.avenuedesigncanada.com\/fr\/wp-json\/wp\/v2\/product\/253292","targetHints":{"allow":["GET"]}}],"collection":[{"href":"https:\/\/www.avenuedesigncanada.com\/fr\/wp-json\/wp\/v2\/product"}],"about":[{"href":"https:\/\/www.avenuedesigncanada.com\/fr\/wp-json\/wp\/v2\/types\/product"}],"wp:featuredmedia":[{"embeddable":true,"href":"https:\/\/www.avenuedesigncanada.com\/fr\/wp-json\/wp\/v2\/media\/253302"}],"wp:attachment":[{"href":"https:\/\/www.avenuedesigncanada.com\/fr\/wp-json\/wp\/v2\/media?parent=253292"}],"wp:term":[{"taxonomy":"product_brand","embeddable":true,"href":"https:\/\/www.avenuedesigncanada.com\/fr\/wp-json\/wp\/v2\/product_brand?post=253292"},{"taxonomy":"product_cat","embeddable":true,"href":"https:\/\/www.avenuedesigncanada.com\/fr\/wp-json\/wp\/v2\/product_cat?post=253292"},{"taxonomy":"product_tag","embeddable":true,"href":"https:\/\/www.avenuedesigncanada.com\/fr\/wp-json\/wp\/v2\/product_tag?post=253292"}],"curies":[{"name":"wp","href":"https:\/\/api.w.org\/{rel}","templated":true}]}}