{"id":253314,"date":"2023-09-18T12:01:46","date_gmt":"2023-09-18T16:01:46","guid":{"rendered":"https:\/\/www.avenuedesigncanada.com\/?post_type=product&#038;p=253314"},"modified":"2026-02-12T10:16:53","modified_gmt":"2026-02-12T15:16:53","slug":"table-de-chevet-stratum","status":"publish","type":"product","link":"https:\/\/www.avenuedesigncanada.com\/fr\/product\/table-de-chevet-stratum\/","title":{"rendered":"Table de chevet Stratum"},"content":{"rendered":"<p><em>Les caract\u00e9ristiques de la table de chevet Stratum:<\/em><\/p>\n<p>Solides en fr\u00eane et placage d&rsquo;ing\u00e9nierie en finition Mist avec poign\u00e9es de tiroir en m\u00e9tal et cadres d&rsquo;extr\u00e9mit\u00e9 en finition Polished Nickel<br \/>\nDeux tiroirs \u00e0 fermeture progressive<br \/>\nChargeur USB \u00e0 deux ports<br \/>\nPatins r\u00e9glables<br \/>\nKit anti-basculement<br \/>\nNe convient pas \u00e0 l&rsquo;utilisation d&rsquo;un t\u00e9l\u00e9viseur.<\/p>\n<p>Avez-vous des questions \u00e0 propos de ce produit ? Nos designers sont l\u00e0 pour vous aider.  Appelez-nous au (514) 340-9351<\/p>\n","protected":false},"excerpt":{"rendered":"<p>La table de nuit Stratum offre un peu de glamour avec l&rsquo;\u00e9clat du m\u00e9tal poli des cadres ouverts et de la quincaillerie \u00e9l\u00e9gante. La finition Mist fait ressortir le magnifique grain du bois. Deux portes \u00e0 fermeture douce offrent un espace de rangement, tandis qu&rsquo;une unit\u00e9 de chargement USB \u00e0 deux ports situ\u00e9e \u00e0 l&rsquo;arri\u00e8re est fonctionnelle.<\/p>\n<p>&nbsp;<\/p>\n","protected":false},"featured_media":253316,"template":"","meta":{"_kad_blocks_custom_css":"","_kad_blocks_head_custom_js":"","_kad_blocks_body_custom_js":"","_kad_blocks_footer_custom_js":"","_kad_post_transparent":"","_kad_post_title":"","_kad_post_layout":"","_kad_post_sidebar_id":"","_kad_post_content_style":"","_kad_post_vertical_padding":"","_kad_post_feature":"","_kad_post_feature_position":"","_kad_post_header":false,"_kad_post_footer":false,"_kad_post_classname":""},"product_brand":[],"product_cat":[1299],"product_tag":[1844],"class_list":{"0":"post-253314","1":"product","2":"type-product","3":"status-publish","4":"has-post-thumbnail","6":"product_cat-tables-de-nuit","7":"product_tag-barcelona-cg-fr-2","9":"first","10":"instock","11":"taxable","12":"shipping-taxable","13":"product-type-simple","14":"entry","15":"content-bg","16":"loop-entry"},"taxonomy_info":{"product_cat":[{"value":1299,"label":"Tables de chevet"}],"product_tag":[{"value":1844,"label":"BARCELONA - CG"}]},"featured_image_src_large":["https:\/\/www.avenuedesigncanada.com\/wp-content\/uploads\/2023\/09\/325228-1024x1024.jpg",1024,1024,true],"author_info":[],"comment_info":"","_links":{"self":[{"href":"https:\/\/www.avenuedesigncanada.com\/fr\/wp-json\/wp\/v2\/product\/253314","targetHints":{"allow":["GET"]}}],"collection":[{"href":"https:\/\/www.avenuedesigncanada.com\/fr\/wp-json\/wp\/v2\/product"}],"about":[{"href":"https:\/\/www.avenuedesigncanada.com\/fr\/wp-json\/wp\/v2\/types\/product"}],"wp:featuredmedia":[{"embeddable":true,"href":"https:\/\/www.avenuedesigncanada.com\/fr\/wp-json\/wp\/v2\/media\/253316"}],"wp:attachment":[{"href":"https:\/\/www.avenuedesigncanada.com\/fr\/wp-json\/wp\/v2\/media?parent=253314"}],"wp:term":[{"taxonomy":"product_brand","embeddable":true,"href":"https:\/\/www.avenuedesigncanada.com\/fr\/wp-json\/wp\/v2\/product_brand?post=253314"},{"taxonomy":"product_cat","embeddable":true,"href":"https:\/\/www.avenuedesigncanada.com\/fr\/wp-json\/wp\/v2\/product_cat?post=253314"},{"taxonomy":"product_tag","embeddable":true,"href":"https:\/\/www.avenuedesigncanada.com\/fr\/wp-json\/wp\/v2\/product_tag?post=253314"}],"curies":[{"name":"wp","href":"https:\/\/api.w.org\/{rel}","templated":true}]}}