{"id":253413,"date":"2023-09-20T10:48:37","date_gmt":"2023-09-20T14:48:37","guid":{"rendered":"https:\/\/www.avenuedesigncanada.com\/?post_type=product&#038;p=253413"},"modified":"2026-02-12T10:16:54","modified_gmt":"2026-02-12T15:16:54","slug":"table-a-diner-stratum","status":"publish","type":"product","link":"https:\/\/www.avenuedesigncanada.com\/fr\/product\/table-a-diner-stratum\/","title":{"rendered":"Table \u00e0 diner  Stratum"},"content":{"rendered":"<p><em>Les caract\u00e9ristiques de la table \u00e0 d\u00eener Stratum:<\/em><\/p>\n<p>Bois massif de fr\u00eane et placage d&rsquo;ing\u00e9nierie au fini Mist avec bordure int\u00e9rieure en m\u00e9tal au fini Polished Nickel sur le dessus de la table ; base en fausse pierre au fini Fossil<br \/>\nDeux feuilles de 20&Prime;, \u00e9galement avec cadre au fini Polished Nickel<br \/>\nBase ouverte<br \/>\nPatins r\u00e9glables<\/p>\n<p>Vous avez des questions sur ce produit ? Nos concepteurs sont l\u00e0 pour vous aider. Appelez-nous au (514) 340-9351  <\/p>\n","protected":false},"excerpt":{"rendered":"<p>La table de salle \u00e0 manger Stratum allie une sensibilit\u00e9 moderne \u00e0 un soup\u00e7on de glamour. Le dessus, en finition Mist, est mis en valeur par une insertion en nickel poli. Le pi\u00e8tement ouvert de la table, avec ses supports angulaires, est fini en fausse pierre Fossil.<\/p>\n<p>&nbsp;<\/p>\n","protected":false},"featured_media":253425,"template":"","meta":{"_kad_blocks_custom_css":"","_kad_blocks_head_custom_js":"","_kad_blocks_body_custom_js":"","_kad_blocks_footer_custom_js":"","_kad_post_transparent":"","_kad_post_title":"","_kad_post_layout":"","_kad_post_sidebar_id":"","_kad_post_content_style":"","_kad_post_vertical_padding":"","_kad_post_feature":"","_kad_post_feature_position":"","_kad_post_header":false,"_kad_post_footer":false,"_kad_post_classname":""},"product_brand":[],"product_cat":[1306],"product_tag":[1844],"class_list":{"0":"post-253413","1":"product","2":"type-product","3":"status-publish","4":"has-post-thumbnail","6":"product_cat-tables-de-salle-a-manger","7":"product_tag-barcelona-cg-fr-2","9":"first","10":"instock","11":"taxable","12":"shipping-taxable","13":"product-type-simple","14":"entry","15":"content-bg","16":"loop-entry"},"taxonomy_info":{"product_cat":[{"value":1306,"label":"Tables"}],"product_tag":[{"value":1844,"label":"BARCELONA - CG"}]},"featured_image_src_large":["https:\/\/www.avenuedesigncanada.com\/wp-content\/uploads\/2023\/09\/325224-1024x1024.jpg",1024,1024,true],"author_info":[],"comment_info":"","_links":{"self":[{"href":"https:\/\/www.avenuedesigncanada.com\/fr\/wp-json\/wp\/v2\/product\/253413","targetHints":{"allow":["GET"]}}],"collection":[{"href":"https:\/\/www.avenuedesigncanada.com\/fr\/wp-json\/wp\/v2\/product"}],"about":[{"href":"https:\/\/www.avenuedesigncanada.com\/fr\/wp-json\/wp\/v2\/types\/product"}],"wp:featuredmedia":[{"embeddable":true,"href":"https:\/\/www.avenuedesigncanada.com\/fr\/wp-json\/wp\/v2\/media\/253425"}],"wp:attachment":[{"href":"https:\/\/www.avenuedesigncanada.com\/fr\/wp-json\/wp\/v2\/media?parent=253413"}],"wp:term":[{"taxonomy":"product_brand","embeddable":true,"href":"https:\/\/www.avenuedesigncanada.com\/fr\/wp-json\/wp\/v2\/product_brand?post=253413"},{"taxonomy":"product_cat","embeddable":true,"href":"https:\/\/www.avenuedesigncanada.com\/fr\/wp-json\/wp\/v2\/product_cat?post=253413"},{"taxonomy":"product_tag","embeddable":true,"href":"https:\/\/www.avenuedesigncanada.com\/fr\/wp-json\/wp\/v2\/product_tag?post=253413"}],"curies":[{"name":"wp","href":"https:\/\/api.w.org\/{rel}","templated":true}]}}