{"id":253549,"date":"2023-09-21T11:02:41","date_gmt":"2023-09-21T15:02:41","guid":{"rendered":"https:\/\/www.avenuedesigncanada.com\/?post_type=product&#038;p=253549"},"modified":"2026-02-12T10:16:56","modified_gmt":"2026-02-12T15:16:56","slug":"buffet-stratum","status":"publish","type":"product","link":"https:\/\/www.avenuedesigncanada.com\/fr\/product\/buffet-stratum\/","title":{"rendered":"Buffet Stratum"},"content":{"rendered":"<p><em>Les caract\u00e9ristiques du buffet Stratum:<\/em><\/p>\n<p>Fausse pierre en finition Fossil avec motif sculpt\u00e9 sur les fa\u00e7ades de porte en r\u00e9sine moul\u00e9e<\/p>\n<p>Int\u00e9rieur blanc<\/p>\n<p>Trois portes \u00e0 ouverture par pression et fermeture douce<\/p>\n<p>Derri\u00e8re chaque porte gauche et droite se trouvent une tablette fixe et un tiroir central \u00e0 fermeture douce avec d\u00e9coupe, ainsi qu&rsquo;un compartiment ouvert au-dessus et en dessous<\/p>\n<p>le tiroir<\/p>\n<p>Tiroir de gauche : coussin en tissu Guardian noir et tiroir de droite : plateau \u00e0 argenterie en tissu Guardian noir<\/p>\n<p>Derri\u00e8re la porte centrale se trouvent deux tablettes ajustables\/amovibles, quatre trous d&rsquo;a\u00e9ration et un trou de passe-fil couvert dans le panneau arri\u00e8re<\/p>\n<p>Deux pieds en acier incurv\u00e9s en finition Nickel poli<\/p>\n<p>Patins ajustables<\/p>\n<p>Kit anti-bascule<\/p>\n<p>Ne convient pas pour une t\u00e9l\u00e9vision<\/p>\n<p>Vous avez des questions sur ce produit ? Nos concepteurs sont l\u00e0 pour vous aider. Appelez-nous au (514) 340-9351  <\/p>\n","protected":false},"excerpt":{"rendered":"<p>Les fa\u00e7ades des portes du buffet Stratum en r\u00e9sine moul\u00e9e sculpt\u00e9e pr\u00e9sentent un motif complexe inspir\u00e9 du mouvement des champs de bl\u00e9. Derri\u00e8re trois portes \u00e0 fermeture douce se trouvent des tablettes, des trous d&rsquo;a\u00e9ration et des tiroirs. Les c\u00f4t\u00e9s et le dessus sont en fausse pierre blanc fossile, et la base repose sur deux panneaux en acier au fini nickel poli.<\/p>\n","protected":false},"featured_media":253551,"template":"","meta":{"_kad_blocks_custom_css":"","_kad_blocks_head_custom_js":"","_kad_blocks_body_custom_js":"","_kad_blocks_footer_custom_js":"","_kad_post_transparent":"","_kad_post_title":"","_kad_post_layout":"","_kad_post_sidebar_id":"","_kad_post_content_style":"","_kad_post_vertical_padding":"","_kad_post_feature":"","_kad_post_feature_position":"","_kad_post_header":false,"_kad_post_footer":false,"_kad_post_classname":""},"product_brand":[],"product_cat":[1303],"product_tag":[1844],"class_list":{"0":"post-253549","1":"product","2":"type-product","3":"status-publish","4":"has-post-thumbnail","6":"product_cat-buffets","7":"product_tag-barcelona-cg-fr-2","9":"first","10":"instock","11":"taxable","12":"shipping-taxable","13":"product-type-simple","14":"entry","15":"content-bg","16":"loop-entry"},"taxonomy_info":{"product_cat":[{"value":1303,"label":"Buffets"}],"product_tag":[{"value":1844,"label":"BARCELONA - CG"}]},"featured_image_src_large":["https:\/\/www.avenuedesigncanada.com\/wp-content\/uploads\/2023\/09\/325132-1024x1024.jpg",1024,1024,true],"author_info":[],"comment_info":"","_links":{"self":[{"href":"https:\/\/www.avenuedesigncanada.com\/fr\/wp-json\/wp\/v2\/product\/253549","targetHints":{"allow":["GET"]}}],"collection":[{"href":"https:\/\/www.avenuedesigncanada.com\/fr\/wp-json\/wp\/v2\/product"}],"about":[{"href":"https:\/\/www.avenuedesigncanada.com\/fr\/wp-json\/wp\/v2\/types\/product"}],"wp:featuredmedia":[{"embeddable":true,"href":"https:\/\/www.avenuedesigncanada.com\/fr\/wp-json\/wp\/v2\/media\/253551"}],"wp:attachment":[{"href":"https:\/\/www.avenuedesigncanada.com\/fr\/wp-json\/wp\/v2\/media?parent=253549"}],"wp:term":[{"taxonomy":"product_brand","embeddable":true,"href":"https:\/\/www.avenuedesigncanada.com\/fr\/wp-json\/wp\/v2\/product_brand?post=253549"},{"taxonomy":"product_cat","embeddable":true,"href":"https:\/\/www.avenuedesigncanada.com\/fr\/wp-json\/wp\/v2\/product_cat?post=253549"},{"taxonomy":"product_tag","embeddable":true,"href":"https:\/\/www.avenuedesigncanada.com\/fr\/wp-json\/wp\/v2\/product_tag?post=253549"}],"curies":[{"name":"wp","href":"https:\/\/api.w.org\/{rel}","templated":true}]}}