{"id":253562,"date":"2023-09-21T11:20:15","date_gmt":"2023-09-21T15:20:15","guid":{"rendered":"https:\/\/www.avenuedesigncanada.com\/?post_type=product&#038;p=253562"},"modified":"2026-02-12T10:16:56","modified_gmt":"2026-02-12T15:16:56","slug":"buffet-stratum-2","status":"publish","type":"product","link":"https:\/\/www.avenuedesigncanada.com\/fr\/product\/buffet-stratum-2\/","title":{"rendered":"Buffet Stratum"},"content":{"rendered":"<p><em>Les caract\u00e9ristiques du buffet Stratum:<\/em><\/p>\n<p>Bois massif et placage en finition Mist<\/p>\n<p>Les c\u00f4t\u00e9s et le dessus sont en fausse pierre blanc fossile, et la base repose sur deux panneaux de base en acier en finition nickel poli. Cadres d&rsquo;extr\u00e9mit\u00e9 en acier de chaque c\u00f4t\u00e9 en finition nickel poli.<\/p>\n<p>Une porte \u00e0 fermeture douce de chaque c\u00f4t\u00e9 de deux tiroirs centraux \u00e0 fermeture douce<\/p>\n<p>Derri\u00e8re chaque porte se trouvent deux tablettes ajustables\/amovibles.<\/p>\n<p>Chacun des tiroirs est dot\u00e9 de plateaux recouverts de tissu Guardian noir.<\/p>\n<p>Patins ajustables<\/p>\n<p>Kit anti-bascule et feuille d&rsquo;instructions<\/p>\n<p>Ne convient pas pour supporter un t\u00e9l\u00e9viseur.<\/p>\n<p>Vous avez des questions sur ce produit ? Nos concepteurs sont l\u00e0 pour vous aider. Appelez-nous au (514) 340-9351  <\/p>\n","protected":false},"excerpt":{"rendered":"<p>Le buffet Stratum offre une touche de glamour avec l&rsquo;\u00e9clat du m\u00e9tal poli des cadres ouverts et une quincaillerie \u00e9l\u00e9gante. La finition Mist fait ressortir un magnifique motif de grain de bois. Deux portes \u00e0 fermeture douce et deux tiroirs centraux offrent un grand espace de rangement.<\/p>\n","protected":false},"featured_media":253565,"template":"","meta":{"_kad_blocks_custom_css":"","_kad_blocks_head_custom_js":"","_kad_blocks_body_custom_js":"","_kad_blocks_footer_custom_js":"","_kad_post_transparent":"","_kad_post_title":"","_kad_post_layout":"","_kad_post_sidebar_id":"","_kad_post_content_style":"","_kad_post_vertical_padding":"","_kad_post_feature":"","_kad_post_feature_position":"","_kad_post_header":false,"_kad_post_footer":false,"_kad_post_classname":""},"product_brand":[],"product_cat":[1303],"product_tag":[1844],"class_list":{"0":"post-253562","1":"product","2":"type-product","3":"status-publish","4":"has-post-thumbnail","6":"product_cat-buffets","7":"product_tag-barcelona-cg-fr-2","9":"first","10":"instock","11":"taxable","12":"shipping-taxable","13":"product-type-simple","14":"entry","15":"content-bg","16":"loop-entry"},"taxonomy_info":{"product_cat":[{"value":1303,"label":"Buffets"}],"product_tag":[{"value":1844,"label":"BARCELONA - CG"}]},"featured_image_src_large":["https:\/\/www.avenuedesigncanada.com\/wp-content\/uploads\/2023\/09\/325134-1024x1024.jpg",1024,1024,true],"author_info":[],"comment_info":"","_links":{"self":[{"href":"https:\/\/www.avenuedesigncanada.com\/fr\/wp-json\/wp\/v2\/product\/253562","targetHints":{"allow":["GET"]}}],"collection":[{"href":"https:\/\/www.avenuedesigncanada.com\/fr\/wp-json\/wp\/v2\/product"}],"about":[{"href":"https:\/\/www.avenuedesigncanada.com\/fr\/wp-json\/wp\/v2\/types\/product"}],"wp:featuredmedia":[{"embeddable":true,"href":"https:\/\/www.avenuedesigncanada.com\/fr\/wp-json\/wp\/v2\/media\/253565"}],"wp:attachment":[{"href":"https:\/\/www.avenuedesigncanada.com\/fr\/wp-json\/wp\/v2\/media?parent=253562"}],"wp:term":[{"taxonomy":"product_brand","embeddable":true,"href":"https:\/\/www.avenuedesigncanada.com\/fr\/wp-json\/wp\/v2\/product_brand?post=253562"},{"taxonomy":"product_cat","embeddable":true,"href":"https:\/\/www.avenuedesigncanada.com\/fr\/wp-json\/wp\/v2\/product_cat?post=253562"},{"taxonomy":"product_tag","embeddable":true,"href":"https:\/\/www.avenuedesigncanada.com\/fr\/wp-json\/wp\/v2\/product_tag?post=253562"}],"curies":[{"name":"wp","href":"https:\/\/api.w.org\/{rel}","templated":true}]}}