{"id":253721,"date":"2023-09-25T11:13:38","date_gmt":"2023-09-25T15:13:38","guid":{"rendered":"https:\/\/www.avenuedesigncanada.com\/?post_type=product&#038;p=253721"},"modified":"2026-02-12T10:16:58","modified_gmt":"2026-02-12T15:16:58","slug":"table-de-bout-stratum-2","status":"publish","type":"product","link":"https:\/\/www.avenuedesigncanada.com\/fr\/product\/table-de-bout-stratum-2\/","title":{"rendered":"Table de bout Stratum"},"content":{"rendered":"<p><em>Les caract\u00e9ristiques de la table de bout Stratum:<\/em><\/p>\n<p>Plateau rond en bois ins\u00e9r\u00e9 en finition Mist<br \/>\nPanneau de support en fausse pierre en finition Fossil compos\u00e9 de deux panneaux plats assembl\u00e9s pour former un angle ext\u00e9rieur de 90 degr\u00e9s avec un int\u00e9rieur incurv\u00e9<br \/>\nBase ronde ins\u00e9r\u00e9e en fausse pierre en finition Fossil<br \/>\nPatins r\u00e9glables<\/p>\n<p>Le plateau rond encastr\u00e9 de la table d&rsquo;appoint Stratum cr\u00e9e une forme de goutte d&rsquo;eau avec les panneaux de support qui se rejoignent en un angle de 90 degr\u00e9s. Les panneaux sont incurv\u00e9s \u00e0 l&rsquo;int\u00e9rieur, suivant la courbe de la base ronde. Deux finitions compl\u00e9mentaires, Mist et Fossil, offrent des tons contrast\u00e9s.<br \/>\nVous avez des questions sur ce produit ?<br \/>\nNos designers sont l\u00e0 pour vous aider.<br \/>\nAppelez-nous au (514) 340-9351<\/p>\n","protected":false},"excerpt":{"rendered":"<p>Une forme sculpturale en goutte d&rsquo;eau \u00e9merge du plateau en bois rond en finition Mist, avec des panneaux en fausse pierre en finition Fossil qui se rejoignent \u00e0 un angle de 90 degr\u00e9s. Les finitions contrast\u00e9es mettent en valeur les courbes et les angles \u00e9l\u00e9gants, faisant de cette table une pi\u00e8ce d&rsquo;apparat saisissante. <\/p>\n","protected":false},"featured_media":253731,"template":"","meta":{"_kad_blocks_custom_css":"","_kad_blocks_head_custom_js":"","_kad_blocks_body_custom_js":"","_kad_blocks_footer_custom_js":"","_kad_post_transparent":"","_kad_post_title":"","_kad_post_layout":"","_kad_post_sidebar_id":"","_kad_post_content_style":"","_kad_post_vertical_padding":"","_kad_post_feature":"","_kad_post_feature_position":"","_kad_post_header":false,"_kad_post_footer":false,"_kad_post_classname":""},"product_brand":[],"product_cat":[1323],"product_tag":[1844],"class_list":{"0":"post-253721","1":"product","2":"type-product","3":"status-publish","4":"has-post-thumbnail","6":"product_cat-salon-tables-dappoint","7":"product_tag-barcelona-cg-fr-2","9":"first","10":"instock","11":"taxable","12":"shipping-taxable","13":"product-type-simple","14":"entry","15":"content-bg","16":"loop-entry"},"taxonomy_info":{"product_cat":[{"value":1323,"label":"Tables d'appoint"}],"product_tag":[{"value":1844,"label":"BARCELONA - CG"}]},"featured_image_src_large":["https:\/\/www.avenuedesigncanada.com\/wp-content\/uploads\/2023\/09\/325125-1024x1024.jpg",1024,1024,true],"author_info":[],"comment_info":"","_links":{"self":[{"href":"https:\/\/www.avenuedesigncanada.com\/fr\/wp-json\/wp\/v2\/product\/253721","targetHints":{"allow":["GET"]}}],"collection":[{"href":"https:\/\/www.avenuedesigncanada.com\/fr\/wp-json\/wp\/v2\/product"}],"about":[{"href":"https:\/\/www.avenuedesigncanada.com\/fr\/wp-json\/wp\/v2\/types\/product"}],"wp:featuredmedia":[{"embeddable":true,"href":"https:\/\/www.avenuedesigncanada.com\/fr\/wp-json\/wp\/v2\/media\/253731"}],"wp:attachment":[{"href":"https:\/\/www.avenuedesigncanada.com\/fr\/wp-json\/wp\/v2\/media?parent=253721"}],"wp:term":[{"taxonomy":"product_brand","embeddable":true,"href":"https:\/\/www.avenuedesigncanada.com\/fr\/wp-json\/wp\/v2\/product_brand?post=253721"},{"taxonomy":"product_cat","embeddable":true,"href":"https:\/\/www.avenuedesigncanada.com\/fr\/wp-json\/wp\/v2\/product_cat?post=253721"},{"taxonomy":"product_tag","embeddable":true,"href":"https:\/\/www.avenuedesigncanada.com\/fr\/wp-json\/wp\/v2\/product_tag?post=253721"}],"curies":[{"name":"wp","href":"https:\/\/api.w.org\/{rel}","templated":true}]}}