{"id":253735,"date":"2023-09-25T11:25:03","date_gmt":"2023-09-25T15:25:03","guid":{"rendered":"https:\/\/www.avenuedesigncanada.com\/?post_type=product&#038;p=253735"},"modified":"2026-02-12T10:16:58","modified_gmt":"2026-02-12T15:16:58","slug":"table-dappoint-stratum","status":"publish","type":"product","link":"https:\/\/www.avenuedesigncanada.com\/fr\/product\/table-dappoint-stratum\/","title":{"rendered":"Table d&rsquo;appoint Stratum"},"content":{"rendered":"<p><em>La table d&rsquo;appoint Stratum pr\u00e9sente les caract\u00e9ristiques suivantes :<\/em><br \/>\nPlateau en fausse pierre en forme de goutte d&rsquo;eau<br \/>\nBase g\u00e9om\u00e9trique en finition Fossil<br \/>\nLa base est un support conique et angulaire fix\u00e9 \u00e0 deux panneaux triangulaires verticaux joints \u00e0 un angle de 90 degr\u00e9s<br \/>\nPatins r\u00e9glables<\/p>\n<p>Avez-vous des questions \u00e0 propos de ce produit ? Nos designers sont l\u00e0 pour vous aider.  Appelez-nous au (514) 340-9351<\/p>\n","protected":false},"excerpt":{"rendered":"<p>Des triangles entrecrois\u00e9s cr\u00e9ent une base unique pour cette table d&rsquo;appoint. La table d&rsquo;appoint Stratum se compose d&rsquo;une base unique form\u00e9e d&rsquo;angles et de plans. Trois triangles entrecrois\u00e9s soutiennent un sommet en forme de goutte d&rsquo;eau. Le design moderne est compl\u00e9t\u00e9 par la finition en fausse pierre Fossil.<\/p>\n","protected":false},"featured_media":253745,"template":"","meta":{"_kad_blocks_custom_css":"","_kad_blocks_head_custom_js":"","_kad_blocks_body_custom_js":"","_kad_blocks_footer_custom_js":"","_kad_post_transparent":"","_kad_post_title":"","_kad_post_layout":"","_kad_post_sidebar_id":"","_kad_post_content_style":"","_kad_post_vertical_padding":"","_kad_post_feature":"","_kad_post_feature_position":"","_kad_post_header":false,"_kad_post_footer":false,"_kad_post_classname":""},"product_brand":[],"product_cat":[1323],"product_tag":[1844],"class_list":{"0":"post-253735","1":"product","2":"type-product","3":"status-publish","4":"has-post-thumbnail","6":"product_cat-salon-tables-dappoint","7":"product_tag-barcelona-cg-fr-2","9":"first","10":"instock","11":"taxable","12":"shipping-taxable","13":"product-type-simple","14":"entry","15":"content-bg","16":"loop-entry"},"taxonomy_info":{"product_cat":[{"value":1323,"label":"Tables d'appoint"}],"product_tag":[{"value":1844,"label":"BARCELONA - CG"}]},"featured_image_src_large":["https:\/\/www.avenuedesigncanada.com\/wp-content\/uploads\/2023\/09\/325123-1024x1024.jpg",1024,1024,true],"author_info":[],"comment_info":"","_links":{"self":[{"href":"https:\/\/www.avenuedesigncanada.com\/fr\/wp-json\/wp\/v2\/product\/253735","targetHints":{"allow":["GET"]}}],"collection":[{"href":"https:\/\/www.avenuedesigncanada.com\/fr\/wp-json\/wp\/v2\/product"}],"about":[{"href":"https:\/\/www.avenuedesigncanada.com\/fr\/wp-json\/wp\/v2\/types\/product"}],"wp:featuredmedia":[{"embeddable":true,"href":"https:\/\/www.avenuedesigncanada.com\/fr\/wp-json\/wp\/v2\/media\/253745"}],"wp:attachment":[{"href":"https:\/\/www.avenuedesigncanada.com\/fr\/wp-json\/wp\/v2\/media?parent=253735"}],"wp:term":[{"taxonomy":"product_brand","embeddable":true,"href":"https:\/\/www.avenuedesigncanada.com\/fr\/wp-json\/wp\/v2\/product_brand?post=253735"},{"taxonomy":"product_cat","embeddable":true,"href":"https:\/\/www.avenuedesigncanada.com\/fr\/wp-json\/wp\/v2\/product_cat?post=253735"},{"taxonomy":"product_tag","embeddable":true,"href":"https:\/\/www.avenuedesigncanada.com\/fr\/wp-json\/wp\/v2\/product_tag?post=253735"}],"curies":[{"name":"wp","href":"https:\/\/api.w.org\/{rel}","templated":true}]}}