{"id":253763,"date":"2023-09-25T11:48:43","date_gmt":"2023-09-25T15:48:43","guid":{"rendered":"https:\/\/www.avenuedesigncanada.com\/?post_type=product&#038;p=253763"},"modified":"2026-02-12T10:16:59","modified_gmt":"2026-02-12T15:16:59","slug":"table-console-stratum-2","status":"publish","type":"product","link":"https:\/\/www.avenuedesigncanada.com\/fr\/product\/table-console-stratum-2\/","title":{"rendered":"Table console Stratum"},"content":{"rendered":"<p><em>La table console Stratum pr\u00e9sente les caract\u00e9ristiques suivantes :<\/em><\/p>\n<p>Placage de bois d&rsquo;ing\u00e9nierie au fini Mist sur le plateau encastr\u00e9 et les deux tablettes fixes, et supports verticaux en fausse pierre au fini Fossil<\/p>\n<p>Patins r\u00e9glables<\/p>\n<p> Vous avez des questions sur ce produit ?<br \/>\nNos designers sont l\u00e0 pour vous aider.<br \/>\nAppelez-nous au (514) 340-9351<\/p>\n","protected":false},"excerpt":{"rendered":"<p>Les lignes modernes trouvent la perfection sur la table console Stratum avec une finition Mist sur un plateau en bois encastr\u00e9. Deux tablettes fixes sont soutenues par des supports d&rsquo;extr\u00e9mit\u00e9 verticaux en finition fausse pierre Fossil.<\/p>\n","protected":false},"featured_media":253765,"template":"","meta":{"_kad_blocks_custom_css":"","_kad_blocks_head_custom_js":"","_kad_blocks_body_custom_js":"","_kad_blocks_footer_custom_js":"","_kad_post_transparent":"","_kad_post_title":"","_kad_post_layout":"","_kad_post_sidebar_id":"","_kad_post_content_style":"","_kad_post_vertical_padding":"","_kad_post_feature":"","_kad_post_feature_position":"","_kad_post_header":false,"_kad_post_footer":false,"_kad_post_classname":""},"product_brand":[],"product_cat":[1328],"product_tag":[1844],"class_list":{"0":"post-253763","1":"product","2":"type-product","3":"status-publish","4":"has-post-thumbnail","6":"product_cat-consoles","7":"product_tag-barcelona-cg-fr-2","9":"first","10":"instock","11":"taxable","12":"shipping-taxable","13":"product-type-simple","14":"entry","15":"content-bg","16":"loop-entry"},"taxonomy_info":{"product_cat":[{"value":1328,"label":"Consoles"}],"product_tag":[{"value":1844,"label":"BARCELONA - CG"}]},"featured_image_src_large":["https:\/\/www.avenuedesigncanada.com\/wp-content\/uploads\/2023\/09\/325912-1024x1024.jpg",1024,1024,true],"author_info":[],"comment_info":"","_links":{"self":[{"href":"https:\/\/www.avenuedesigncanada.com\/fr\/wp-json\/wp\/v2\/product\/253763","targetHints":{"allow":["GET"]}}],"collection":[{"href":"https:\/\/www.avenuedesigncanada.com\/fr\/wp-json\/wp\/v2\/product"}],"about":[{"href":"https:\/\/www.avenuedesigncanada.com\/fr\/wp-json\/wp\/v2\/types\/product"}],"wp:featuredmedia":[{"embeddable":true,"href":"https:\/\/www.avenuedesigncanada.com\/fr\/wp-json\/wp\/v2\/media\/253765"}],"wp:attachment":[{"href":"https:\/\/www.avenuedesigncanada.com\/fr\/wp-json\/wp\/v2\/media?parent=253763"}],"wp:term":[{"taxonomy":"product_brand","embeddable":true,"href":"https:\/\/www.avenuedesigncanada.com\/fr\/wp-json\/wp\/v2\/product_brand?post=253763"},{"taxonomy":"product_cat","embeddable":true,"href":"https:\/\/www.avenuedesigncanada.com\/fr\/wp-json\/wp\/v2\/product_cat?post=253763"},{"taxonomy":"product_tag","embeddable":true,"href":"https:\/\/www.avenuedesigncanada.com\/fr\/wp-json\/wp\/v2\/product_tag?post=253763"}],"curies":[{"name":"wp","href":"https:\/\/api.w.org\/{rel}","templated":true}]}}