{"id":253798,"date":"2023-09-27T07:58:15","date_gmt":"2023-09-27T11:58:15","guid":{"rendered":"https:\/\/www.avenuedesigncanada.com\/?post_type=product&#038;p=253798"},"modified":"2026-02-12T10:17:01","modified_gmt":"2026-02-12T15:17:01","slug":"cabinet-stratum","status":"publish","type":"product","link":"https:\/\/www.avenuedesigncanada.com\/fr\/product\/cabinet-stratum\/","title":{"rendered":"Cabinet Stratum"},"content":{"rendered":"<p> <em> Le coffre \u00e0 portes Stratum pr\u00e9sente les caract\u00e9ristiques suivantes : <\/em><br \/>\n Coffre \u00e0 portes en fausse pierre en finition Fossil avec motif sculpt\u00e9 sur les fa\u00e7ades des portes en r\u00e9sine moul\u00e9e.<\/p>\n<p>Int\u00e9rieur blanc<\/p>\n<p>Deux portes \u00e0 ouverture par pression et fermeture douce<\/p>\n<p>Derri\u00e8re les portes jumel\u00e9es se trouve un compartiment sup\u00e9rieur avec des a\u00e9rations et un trou couvert dans le panneau arri\u00e8re.<\/p>\n<p>Sous une tablette fixe se trouve un tiroir \u00e0 fermeture douce avec une d\u00e9coupe pour la main.<\/p>\n<p>Deux compartiments sous le tiroir divis\u00e9s par une cloison fixe<\/p>\n<p>Deux pieds en acier finition nickel poli<\/p>\n<p>Patins ajustables<\/p>\n<p>Kit anti-bascule<\/p>\n<p>Ne convient pas pour une t\u00e9l\u00e9vision<\/p>\n<p>Vous avez des questions sur ce produit ?<\/p>\n<p>Nos concepteurs sont l\u00e0 pour vous aider. Appelez-nous au (514) 340-9351 <\/p>\n","protected":false},"excerpt":{"rendered":"<p>Les fa\u00e7ades des portes de la commode Stratum en r\u00e9sine moul\u00e9e sculpt\u00e9e pr\u00e9sentent un motif complexe inspir\u00e9 du mouvement des champs de bl\u00e9. Derri\u00e8re deux portes \u00e0 fermeture douce, se trouvent des tablettes et un tiroir. Les c\u00f4t\u00e9s et le dessus sont en fausse pierre blanc fossile, et la base repose sur deux panneaux en acier au fini nickel poli.<\/p>\n<p>&nbsp;<\/p>\n","protected":false},"featured_media":253806,"template":"","meta":{"_kad_blocks_custom_css":"","_kad_blocks_head_custom_js":"","_kad_blocks_body_custom_js":"","_kad_blocks_footer_custom_js":"","_kad_post_transparent":"","_kad_post_title":"","_kad_post_layout":"","_kad_post_sidebar_id":"","_kad_post_content_style":"","_kad_post_vertical_padding":"","_kad_post_feature":"","_kad_post_feature_position":"","_kad_post_header":false,"_kad_post_footer":false,"_kad_post_classname":""},"product_brand":[],"product_cat":[1322],"product_tag":[1844],"class_list":{"0":"post-253798","1":"product","2":"type-product","3":"status-publish","4":"has-post-thumbnail","6":"product_cat-meubles-dappoint","7":"product_tag-barcelona-cg-fr-2","9":"first","10":"instock","11":"taxable","12":"shipping-taxable","13":"product-type-simple","14":"entry","15":"content-bg","16":"loop-entry"},"taxonomy_info":{"product_cat":[{"value":1322,"label":"Meubles d'appoint"}],"product_tag":[{"value":1844,"label":"BARCELONA - CG"}]},"featured_image_src_large":["https:\/\/www.avenuedesigncanada.com\/wp-content\/uploads\/2023\/09\/325115-1024x1024.jpg",1024,1024,true],"author_info":[],"comment_info":"","_links":{"self":[{"href":"https:\/\/www.avenuedesigncanada.com\/fr\/wp-json\/wp\/v2\/product\/253798","targetHints":{"allow":["GET"]}}],"collection":[{"href":"https:\/\/www.avenuedesigncanada.com\/fr\/wp-json\/wp\/v2\/product"}],"about":[{"href":"https:\/\/www.avenuedesigncanada.com\/fr\/wp-json\/wp\/v2\/types\/product"}],"wp:featuredmedia":[{"embeddable":true,"href":"https:\/\/www.avenuedesigncanada.com\/fr\/wp-json\/wp\/v2\/media\/253806"}],"wp:attachment":[{"href":"https:\/\/www.avenuedesigncanada.com\/fr\/wp-json\/wp\/v2\/media?parent=253798"}],"wp:term":[{"taxonomy":"product_brand","embeddable":true,"href":"https:\/\/www.avenuedesigncanada.com\/fr\/wp-json\/wp\/v2\/product_brand?post=253798"},{"taxonomy":"product_cat","embeddable":true,"href":"https:\/\/www.avenuedesigncanada.com\/fr\/wp-json\/wp\/v2\/product_cat?post=253798"},{"taxonomy":"product_tag","embeddable":true,"href":"https:\/\/www.avenuedesigncanada.com\/fr\/wp-json\/wp\/v2\/product_tag?post=253798"}],"curies":[{"name":"wp","href":"https:\/\/api.w.org\/{rel}","templated":true}]}}