{"id":253810,"date":"2023-09-27T08:12:51","date_gmt":"2023-09-27T12:12:51","guid":{"rendered":"https:\/\/www.avenuedesigncanada.com\/?post_type=product&#038;p=253810"},"modified":"2026-02-12T10:17:01","modified_gmt":"2026-02-12T15:17:01","slug":"console-media-stratum","status":"publish","type":"product","link":"https:\/\/www.avenuedesigncanada.com\/fr\/product\/console-media-stratum\/","title":{"rendered":"Console m\u00e9dia Stratum"},"content":{"rendered":"<p><em>Les caract\u00e9ristiques de la console m\u00e9dia Stratum:<\/em><\/p>\n<p>Cr\u00e9dence en fausse pierre en finition Fossil avec motif sculpt\u00e9 sur les fa\u00e7ades de portes en r\u00e9sine moul\u00e9e<br \/>\nQuatre portes \u00e0 ouverture progressive,<br \/>\n Int\u00e9rieur blanc<br \/>\nDerri\u00e8re les portes \u00e0 chaque extr\u00e9mit\u00e9 se trouvent deux \u00e9tag\u00e8res r\u00e9glables\/amovibles et un panneau arri\u00e8re avec des a\u00e9rations et un trou d&rsquo;\u0153illet couvert<br \/>\nDerri\u00e8re les portes centrales jumel\u00e9es se trouve un compartiment sup\u00e9rieur avec des a\u00e9rations et un trou d&rsquo;\u0153illet couvert dans le panneau arri\u00e8re<br \/>\nDerri\u00e8re les portes centrales, sous une \u00e9tag\u00e8re fixe, se trouve \u00e9galement un tiroir \u00e0 fermeture douce avec une d\u00e9coupe pour le tirer \u00e0 la main et deux compartiments en dessous divis\u00e9s par une cloison centrale<br \/>\nLa base est compos\u00e9e de deux panneaux en acier en finition Polished Nickel<br \/>\nPatins r\u00e9glables<br \/>\nKit anti-basculement<br \/>\nConvient pour une utilisation avec un t\u00e9l\u00e9viseur, un lecteur DVD ou un lecteur DVD.<\/p>\n<p>Vous avez des questions sur ce produit ?<br \/>\nNos concepteurs sont l\u00e0 pour vous aider.<br \/>\nAppelez-nous au (514) 340-9351<\/p>\n","protected":false},"excerpt":{"rendered":"<p>Les fa\u00e7ades des portes de la cr\u00e9dence Stratum en r\u00e9sine moul\u00e9e sculpt\u00e9e pr\u00e9sentent un motif complexe inspir\u00e9 du mouvement des champs de bl\u00e9. Derri\u00e8re quatre portes qui s&rsquo;ouvrent et se ferment en douceur se trouvent des \u00e9tag\u00e8res fixes et r\u00e9glables, des trous d&rsquo;a\u00e9ration et un tiroir. Les c\u00f4t\u00e9s et le dessus sont en fausse pierre blanc fossile, et la base repose sur deux panneaux d&rsquo;acier en finition nickel poli. <\/p>\n","protected":false},"featured_media":253812,"template":"","meta":{"_kad_blocks_custom_css":"","_kad_blocks_head_custom_js":"","_kad_blocks_body_custom_js":"","_kad_blocks_footer_custom_js":"","_kad_post_transparent":"","_kad_post_title":"","_kad_post_layout":"","_kad_post_sidebar_id":"","_kad_post_content_style":"","_kad_post_vertical_padding":"","_kad_post_feature":"","_kad_post_feature_position":"","_kad_post_header":false,"_kad_post_footer":false,"_kad_post_classname":""},"product_brand":[],"product_cat":[1326],"product_tag":[1844],"class_list":{"0":"post-253810","1":"product","2":"type-product","3":"status-publish","4":"has-post-thumbnail","6":"product_cat-cabinets-media","7":"product_tag-barcelona-cg-fr-2","9":"first","10":"instock","11":"taxable","12":"shipping-taxable","13":"product-type-simple","14":"entry","15":"content-bg","16":"loop-entry"},"taxonomy_info":{"product_cat":[{"value":1326,"label":"Meubles Media"}],"product_tag":[{"value":1844,"label":"BARCELONA - CG"}]},"featured_image_src_large":["https:\/\/www.avenuedesigncanada.com\/wp-content\/uploads\/2023\/09\/325880-1024x1024.jpg",1024,1024,true],"author_info":[],"comment_info":"","_links":{"self":[{"href":"https:\/\/www.avenuedesigncanada.com\/fr\/wp-json\/wp\/v2\/product\/253810","targetHints":{"allow":["GET"]}}],"collection":[{"href":"https:\/\/www.avenuedesigncanada.com\/fr\/wp-json\/wp\/v2\/product"}],"about":[{"href":"https:\/\/www.avenuedesigncanada.com\/fr\/wp-json\/wp\/v2\/types\/product"}],"wp:featuredmedia":[{"embeddable":true,"href":"https:\/\/www.avenuedesigncanada.com\/fr\/wp-json\/wp\/v2\/media\/253812"}],"wp:attachment":[{"href":"https:\/\/www.avenuedesigncanada.com\/fr\/wp-json\/wp\/v2\/media?parent=253810"}],"wp:term":[{"taxonomy":"product_brand","embeddable":true,"href":"https:\/\/www.avenuedesigncanada.com\/fr\/wp-json\/wp\/v2\/product_brand?post=253810"},{"taxonomy":"product_cat","embeddable":true,"href":"https:\/\/www.avenuedesigncanada.com\/fr\/wp-json\/wp\/v2\/product_cat?post=253810"},{"taxonomy":"product_tag","embeddable":true,"href":"https:\/\/www.avenuedesigncanada.com\/fr\/wp-json\/wp\/v2\/product_tag?post=253810"}],"curies":[{"name":"wp","href":"https:\/\/api.w.org\/{rel}","templated":true}]}}