{"id":253840,"date":"2023-09-27T08:57:54","date_gmt":"2023-09-27T12:57:54","guid":{"rendered":"https:\/\/www.avenuedesigncanada.com\/?post_type=product&#038;p=253840"},"modified":"2026-02-12T10:17:01","modified_gmt":"2026-02-12T15:17:01","slug":"bureau-stratum","status":"publish","type":"product","link":"https:\/\/www.avenuedesigncanada.com\/fr\/product\/bureau-stratum\/","title":{"rendered":"Bureau Stratum"},"content":{"rendered":"<p><em>Les caract\u00e9ristiques du bureau Stratum:<\/em><\/p>\n<p>Trois tiroirs \u00e0 pleine extension avec boitier en bois encastr\u00e9 en finition Mist .<\/p>\n<p>Le caisson de tiroir est soutenu par deux panneaux d&rsquo;extr\u00e9mit\u00e9 en fausse pierre en finition Fossil qui s&rsquo;enroulent autour des coins arri\u00e8re du bureau.<\/p>\n<p>Poign\u00e9es de tiroir en finition Nickel poli<\/p>\n<p>Derri\u00e8re le tiroir de droite se trouve un bloc d&rsquo;alimentation avec deux ports USB et deux prises de courant, accessibles par le dessous.<\/p>\n<p><span style=\"font-size: inherit;\">Ouverture m\u00e9tallique couverte \u00e0 l&rsquo;arri\u00e8re du bureau pour la gestion des c\u00e2bles.<\/p>\n<p><\/span>Patins ajustables<\/p>\n<p>Vous avez des questions sur ce produit ?<\/p>\n<p>Nos designers sont l\u00e0 pour vous aider. Appelez-nous au (514) 340-935.<\/p>\n","protected":false},"excerpt":{"rendered":"<p>Le bureau moderne Stratum trouve son style dans une g\u00e9om\u00e9trie pr\u00e9cise d&rsquo;angles et de courbes. Un plateau rectangulaire en finition Mist est soutenu par deux panneaux d&rsquo;extr\u00e9mit\u00e9 en fausse pierre blanche qui s&rsquo;enroulent autour des coins arri\u00e8re du bureau. Trois tiroirs sont mis en valeur par des poign\u00e9es en m\u00e9tal poli. Un bloc d&rsquo;alimentation avec deux ports USB et deux prises de courant est cach\u00e9 en dessous pour plus de fonctionnalit\u00e9.<\/p>\n<p>&nbsp;<\/p>\n","protected":false},"featured_media":253842,"template":"","meta":{"_kad_blocks_custom_css":"","_kad_blocks_head_custom_js":"","_kad_blocks_body_custom_js":"","_kad_blocks_footer_custom_js":"","_kad_post_transparent":"default","_kad_post_title":"","_kad_post_layout":"default","_kad_post_sidebar_id":"","_kad_post_content_style":"default","_kad_post_vertical_padding":"default","_kad_post_feature":"","_kad_post_feature_position":"","_kad_post_header":false,"_kad_post_footer":false,"_kad_post_classname":""},"product_brand":[],"product_cat":[1310],"product_tag":[1844],"class_list":{"0":"post-253840","1":"product","2":"type-product","3":"status-publish","4":"has-post-thumbnail","6":"product_cat-bureaux","7":"product_tag-barcelona-cg-fr-2","9":"first","10":"instock","11":"taxable","12":"shipping-taxable","13":"product-type-simple","14":"entry","15":"content-bg","16":"loop-entry"},"taxonomy_info":{"product_cat":[{"value":1310,"label":"Bureaux"}],"product_tag":[{"value":1844,"label":"BARCELONA - CG"}]},"featured_image_src_large":["https:\/\/www.avenuedesigncanada.com\/wp-content\/uploads\/2023\/09\/D22514-1024x1024.jpg",1024,1024,true],"author_info":[],"comment_info":"","_links":{"self":[{"href":"https:\/\/www.avenuedesigncanada.com\/fr\/wp-json\/wp\/v2\/product\/253840","targetHints":{"allow":["GET"]}}],"collection":[{"href":"https:\/\/www.avenuedesigncanada.com\/fr\/wp-json\/wp\/v2\/product"}],"about":[{"href":"https:\/\/www.avenuedesigncanada.com\/fr\/wp-json\/wp\/v2\/types\/product"}],"wp:featuredmedia":[{"embeddable":true,"href":"https:\/\/www.avenuedesigncanada.com\/fr\/wp-json\/wp\/v2\/media\/253842"}],"wp:attachment":[{"href":"https:\/\/www.avenuedesigncanada.com\/fr\/wp-json\/wp\/v2\/media?parent=253840"}],"wp:term":[{"taxonomy":"product_brand","embeddable":true,"href":"https:\/\/www.avenuedesigncanada.com\/fr\/wp-json\/wp\/v2\/product_brand?post=253840"},{"taxonomy":"product_cat","embeddable":true,"href":"https:\/\/www.avenuedesigncanada.com\/fr\/wp-json\/wp\/v2\/product_cat?post=253840"},{"taxonomy":"product_tag","embeddable":true,"href":"https:\/\/www.avenuedesigncanada.com\/fr\/wp-json\/wp\/v2\/product_tag?post=253840"}],"curies":[{"name":"wp","href":"https:\/\/api.w.org\/{rel}","templated":true}]}}