{"id":255834,"date":"2023-10-23T09:43:25","date_gmt":"2023-10-23T13:43:25","guid":{"rendered":"https:\/\/www.avenuedesigncanada.com\/?post_type=product&#038;p=255834"},"modified":"2026-02-12T10:17:02","modified_gmt":"2026-02-12T15:17:02","slug":"lit-shelter-puro","status":"publish","type":"product","link":"https:\/\/www.avenuedesigncanada.com\/fr\/product\/lit-shelter-puro\/","title":{"rendered":"Lit Shelter Puro"},"content":{"rendered":"<p><em>Les caract\u00e9ristiques du lit Shelter Puro<\/em><\/p>\n<p>T\u00eate de lit enti\u00e8rement recouverte qui enveloppe les coins, pied de lit et panneaux lat\u00e9raux.<\/p>\n<p>Pieds en bois apparent en finition Smoke<\/p>\n<p>Tissu: 1133-010<\/p>\n<p><span style=\"font-size: inherit;\">Muni d&rsquo;un syst\u00e8me de lattes consistant de trois lattes m\u00e9talliques et des pieds de support centraux<\/p>\n<p>Disponible en format king seulement<\/span><\/p>\n<p>Options<\/p>\n<p>Disponible dans d&rsquo;autres tissus<\/p>\n<p><em>Note:<\/em> La t\u00eate de lit ne peut \u00eatre utilis\u00e9e seule. Doit \u00eatre command\u00e9 avec le pied de lit\/les panneaux lat\u00e9raux.<\/p>\n<p><span style=\"font-weight: 400;\">Vous avez des questions sur ce produit ?<\/p>\n<p><\/span><span style=\"font-weight: 400;\">Nos designers sont l\u00e0 pour vous aider.<\/span> Appelez-nous au (514) 340-9351.<\/p>\n<p>&nbsp;<\/p>\n","protected":false},"excerpt":{"rendered":"<p>Le lit Puro porte la conception traditionnelle \u00e0 de nouveaux sommets en termes de confort et de style. La t\u00eate de lit enti\u00e8rement recouverte s&rsquo;enroule aux angles et est soutenue par des pieds en bois apparent en finition Smoke. Le pied de lit et les panneaux lat\u00e9raux enti\u00e8rement recouverts poursuivent l&rsquo;histoire du confort pour un look somptueusement accueillant.<\/p>\n<p>&nbsp;<\/p>\n","protected":false},"featured_media":255845,"template":"","meta":{"_kad_blocks_custom_css":"","_kad_blocks_head_custom_js":"","_kad_blocks_body_custom_js":"","_kad_blocks_footer_custom_js":"","_kad_post_transparent":"default","_kad_post_title":"","_kad_post_layout":"default","_kad_post_sidebar_id":"","_kad_post_content_style":"default","_kad_post_vertical_padding":"default","_kad_post_feature":"","_kad_post_feature_position":"","_kad_post_header":false,"_kad_post_footer":false,"_kad_post_classname":""},"product_brand":[],"product_cat":[1296],"product_tag":[1851],"class_list":{"0":"post-255834","1":"product","2":"type-product","3":"status-publish","4":"has-post-thumbnail","6":"product_cat-lits","7":"product_tag-barcelona-fr","9":"first","10":"instock","11":"taxable","12":"shipping-taxable","13":"product-type-simple","14":"entry","15":"content-bg","16":"loop-entry"},"taxonomy_info":{"product_cat":[{"value":1296,"label":"Lits"}],"product_tag":[{"value":1851,"label":"BARCELONA"}]},"featured_image_src_large":["https:\/\/www.avenuedesigncanada.com\/wp-content\/uploads\/2023\/10\/K1902-1024x1024.jpg",1024,1024,true],"author_info":[],"comment_info":"","_links":{"self":[{"href":"https:\/\/www.avenuedesigncanada.com\/fr\/wp-json\/wp\/v2\/product\/255834","targetHints":{"allow":["GET"]}}],"collection":[{"href":"https:\/\/www.avenuedesigncanada.com\/fr\/wp-json\/wp\/v2\/product"}],"about":[{"href":"https:\/\/www.avenuedesigncanada.com\/fr\/wp-json\/wp\/v2\/types\/product"}],"wp:featuredmedia":[{"embeddable":true,"href":"https:\/\/www.avenuedesigncanada.com\/fr\/wp-json\/wp\/v2\/media\/255845"}],"wp:attachment":[{"href":"https:\/\/www.avenuedesigncanada.com\/fr\/wp-json\/wp\/v2\/media?parent=255834"}],"wp:term":[{"taxonomy":"product_brand","embeddable":true,"href":"https:\/\/www.avenuedesigncanada.com\/fr\/wp-json\/wp\/v2\/product_brand?post=255834"},{"taxonomy":"product_cat","embeddable":true,"href":"https:\/\/www.avenuedesigncanada.com\/fr\/wp-json\/wp\/v2\/product_cat?post=255834"},{"taxonomy":"product_tag","embeddable":true,"href":"https:\/\/www.avenuedesigncanada.com\/fr\/wp-json\/wp\/v2\/product_tag?post=255834"}],"curies":[{"name":"wp","href":"https:\/\/api.w.org\/{rel}","templated":true}]}}