{"id":256120,"date":"2023-10-24T12:05:25","date_gmt":"2023-10-24T16:05:25","guid":{"rendered":"https:\/\/www.avenuedesigncanada.com\/?post_type=product&#038;p=256120"},"modified":"2026-02-12T10:17:06","modified_gmt":"2026-02-12T15:17:06","slug":"console-media-kintore","status":"publish","type":"product","link":"https:\/\/www.avenuedesigncanada.com\/fr\/product\/console-media-kintore\/","title":{"rendered":"Console m\u00e9dia Kintore"},"content":{"rendered":"<p><em>Les caract\u00e9ristiques de la console m\u00e9dia Kintore:<\/em><\/p>\n<p>Cr\u00e9dence en bois avec ext\u00e9rieur rev\u00eatu de laiton et int\u00e9rieur noir<br \/>\nTrois portes \u00e0 ouverture par pression avec motif ondul\u00e9 circulaire sur les fa\u00e7ades des portes<br \/>\nDerri\u00e8re les portes jumel\u00e9es de gauche et du centre se trouvent un compartiment en haut avec des \u00e9vents et un trou d&rsquo;\u0153illet couvert au-dessus d&rsquo;une \u00e9tag\u00e8re fixe avec un tiroir en dessous<br \/>\nLe tiroir a une d\u00e9coupe pour tirer la main<br \/>\nSous le tiroir se trouvent deux compartiments s\u00e9par\u00e9s par une cloison fixe<br \/>\nDerri\u00e8re la porte de droite se trouvent deux \u00e9tag\u00e8res r\u00e9glables\/amovibles, des \u00e9vents et un \u0153illet couvert en bas<br \/>\nQuatre pieds m\u00e9talliques profil\u00e9s et effil\u00e9s<br \/>\nPatins r\u00e9glables<br \/>\nKit anti-basculement<\/p>\n<p>Vous avez des questions sur ce produit ?<br \/>\nNos concepteurs sont l\u00e0 pour vous aider.<br \/>\nAppelez-nous au (514) 340-9351<\/p>\n","protected":false},"excerpt":{"rendered":"<p>La cr\u00e9dence Kintore est une r\u00e9f\u00e9rence en mati\u00e8re de design. Elle pr\u00e9sente des ondulations et des cercles dimensionnels. Tout l&rsquo;ext\u00e9rieur est rev\u00eatu de laiton, avec trois portes \u00e0 ouverture par pression et des pieds effil\u00e9s. L&rsquo;int\u00e9rieur peint offre des tablettes ajustables\/amovibles, des \u00e9vents et un tiroir.<\/p>\n","protected":false},"featured_media":256134,"template":"","meta":{"_kad_blocks_custom_css":"","_kad_blocks_head_custom_js":"","_kad_blocks_body_custom_js":"","_kad_blocks_footer_custom_js":"","_kad_post_transparent":"","_kad_post_title":"","_kad_post_layout":"","_kad_post_sidebar_id":"","_kad_post_content_style":"","_kad_post_vertical_padding":"","_kad_post_feature":"","_kad_post_feature_position":"","_kad_post_header":false,"_kad_post_footer":false,"_kad_post_classname":""},"product_brand":[],"product_cat":[1326],"product_tag":[1844],"class_list":{"0":"post-256120","1":"product","2":"type-product","3":"status-publish","4":"has-post-thumbnail","6":"product_cat-cabinets-media","7":"product_tag-barcelona-cg-fr-2","9":"first","10":"instock","11":"taxable","12":"shipping-taxable","13":"product-type-simple","14":"entry","15":"content-bg","16":"loop-entry"},"taxonomy_info":{"product_cat":[{"value":1326,"label":"Meubles Media"}],"product_tag":[{"value":1844,"label":"BARCELONA - CG"}]},"featured_image_src_large":["https:\/\/www.avenuedesigncanada.com\/wp-content\/uploads\/2023\/10\/321872-1024x1024.jpg",1024,1024,true],"author_info":[],"comment_info":"","_links":{"self":[{"href":"https:\/\/www.avenuedesigncanada.com\/fr\/wp-json\/wp\/v2\/product\/256120","targetHints":{"allow":["GET"]}}],"collection":[{"href":"https:\/\/www.avenuedesigncanada.com\/fr\/wp-json\/wp\/v2\/product"}],"about":[{"href":"https:\/\/www.avenuedesigncanada.com\/fr\/wp-json\/wp\/v2\/types\/product"}],"wp:featuredmedia":[{"embeddable":true,"href":"https:\/\/www.avenuedesigncanada.com\/fr\/wp-json\/wp\/v2\/media\/256134"}],"wp:attachment":[{"href":"https:\/\/www.avenuedesigncanada.com\/fr\/wp-json\/wp\/v2\/media?parent=256120"}],"wp:term":[{"taxonomy":"product_brand","embeddable":true,"href":"https:\/\/www.avenuedesigncanada.com\/fr\/wp-json\/wp\/v2\/product_brand?post=256120"},{"taxonomy":"product_cat","embeddable":true,"href":"https:\/\/www.avenuedesigncanada.com\/fr\/wp-json\/wp\/v2\/product_cat?post=256120"},{"taxonomy":"product_tag","embeddable":true,"href":"https:\/\/www.avenuedesigncanada.com\/fr\/wp-json\/wp\/v2\/product_tag?post=256120"}],"curies":[{"name":"wp","href":"https:\/\/api.w.org\/{rel}","templated":true}]}}