{"id":256267,"date":"2023-10-25T17:07:45","date_gmt":"2023-10-25T21:07:45","guid":{"rendered":"https:\/\/www.avenuedesigncanada.com\/?post_type=product&#038;p=256267"},"modified":"2026-02-12T10:17:07","modified_gmt":"2026-02-12T15:17:07","slug":"console-media-penrose","status":"publish","type":"product","link":"https:\/\/www.avenuedesigncanada.com\/fr\/product\/console-media-penrose\/","title":{"rendered":"Console m\u00e9dia Penrose"},"content":{"rendered":"<p><em>La cr\u00e9dence de divertissement Penrose pr\u00e9sente les caract\u00e9ristiques suivantes :<\/em><\/p>\n<p>Finition en pl\u00e2tre blanc<br \/>\nQuatre portes \u00e0 fermeture souple avec fa\u00e7ades \u00e0 motifs floraux<br \/>\nDerri\u00e8re les portes d&rsquo;extr\u00e9mit\u00e9 se trouve une \u00e9tag\u00e8re r\u00e9glable\/amovible et un trou pour \u0153illets dans le panneau arri\u00e8re<br \/>\nDerri\u00e8re les portes centrales jumel\u00e9es se trouve une \u00e9tag\u00e8re r\u00e9glable\/amovible, un tiroir avec d\u00e9coupe manuelle et un trou pour \u0153illets dans le panneau arri\u00e8re<br \/>\nPattes en feutre derri\u00e8re les portes<br \/>\nBase en acier inoxydable poli<br \/>\nPatins r\u00e9glables<br \/>\nKit anti-basculement<br \/>\nL&rsquo;arri\u00e8re de la valise est peint en blanc<\/p>\n<p>Vous avez des questions sur ce produit ?<br \/>\nNos concepteurs sont l\u00e0 pour vous aider.<br \/>\nAppelez-nous au (514) 340-9351<\/p>\n","protected":false},"excerpt":{"rendered":"<p>Dans un \u00e9l\u00e9gant motif floral, de gracieux tourbillons se dessinent sur la fa\u00e7ade de la cr\u00e9dence Penrose. La finition en pl\u00e2tre blanc est lumineuse et rafra\u00eechissante, tandis que la base en acier inoxydable poli est \u00e9l\u00e9gante et brillante, avec des lignes nettes et modernes. Quatre portes \u00e0 fermeture douce s&rsquo;ouvrent pour d\u00e9voiler des tablettes ajustables et amovibles, ainsi que des trous pour la gestion des c\u00e2bles.<\/p>\n","protected":false},"featured_media":256283,"template":"","meta":{"_kad_blocks_custom_css":"","_kad_blocks_head_custom_js":"","_kad_blocks_body_custom_js":"","_kad_blocks_footer_custom_js":"","_kad_post_transparent":"","_kad_post_title":"","_kad_post_layout":"","_kad_post_sidebar_id":"","_kad_post_content_style":"","_kad_post_vertical_padding":"","_kad_post_feature":"","_kad_post_feature_position":"","_kad_post_header":false,"_kad_post_footer":false,"_kad_post_classname":""},"product_brand":[],"product_cat":[1326],"product_tag":[],"class_list":{"0":"post-256267","1":"product","2":"type-product","3":"status-publish","4":"has-post-thumbnail","6":"product_cat-cabinets-media","8":"first","9":"instock","10":"taxable","11":"shipping-taxable","12":"product-type-simple","13":"entry","14":"content-bg","15":"loop-entry"},"taxonomy_info":{"product_cat":[{"value":1326,"label":"Meubles Media"}]},"featured_image_src_large":["https:\/\/www.avenuedesigncanada.com\/wp-content\/uploads\/2023\/10\/301870-1024x1024.jpg",1024,1024,true],"author_info":[],"comment_info":"","_links":{"self":[{"href":"https:\/\/www.avenuedesigncanada.com\/fr\/wp-json\/wp\/v2\/product\/256267","targetHints":{"allow":["GET"]}}],"collection":[{"href":"https:\/\/www.avenuedesigncanada.com\/fr\/wp-json\/wp\/v2\/product"}],"about":[{"href":"https:\/\/www.avenuedesigncanada.com\/fr\/wp-json\/wp\/v2\/types\/product"}],"wp:featuredmedia":[{"embeddable":true,"href":"https:\/\/www.avenuedesigncanada.com\/fr\/wp-json\/wp\/v2\/media\/256283"}],"wp:attachment":[{"href":"https:\/\/www.avenuedesigncanada.com\/fr\/wp-json\/wp\/v2\/media?parent=256267"}],"wp:term":[{"taxonomy":"product_brand","embeddable":true,"href":"https:\/\/www.avenuedesigncanada.com\/fr\/wp-json\/wp\/v2\/product_brand?post=256267"},{"taxonomy":"product_cat","embeddable":true,"href":"https:\/\/www.avenuedesigncanada.com\/fr\/wp-json\/wp\/v2\/product_cat?post=256267"},{"taxonomy":"product_tag","embeddable":true,"href":"https:\/\/www.avenuedesigncanada.com\/fr\/wp-json\/wp\/v2\/product_tag?post=256267"}],"curies":[{"name":"wp","href":"https:\/\/api.w.org\/{rel}","templated":true}]}}