{"id":256336,"date":"2023-10-27T15:33:54","date_gmt":"2023-10-27T19:33:54","guid":{"rendered":"https:\/\/www.avenuedesigncanada.com\/?post_type=product&#038;p=256336"},"modified":"2026-02-12T10:17:08","modified_gmt":"2026-02-12T15:17:08","slug":"cabinet-skylar","status":"publish","type":"product","link":"https:\/\/www.avenuedesigncanada.com\/fr\/product\/cabinet-skylar\/","title":{"rendered":"Cabinet Skylar"},"content":{"rendered":"<p> <em> Le coffre \u00e0 portes Skylar pr\u00e9sente les caract\u00e9ristiques suivantes : <\/em><br \/>\n Coffret envelopp\u00e9 d&rsquo;argent allemand avec des portes et des extr\u00e9mit\u00e9s textur\u00e9es\/model\u00e9es en finition argent antique.<\/p>\n<p>Deux portes \u00e0 fermeture souple.<\/p>\n<p><span style=\"font-size: inherit;\">Derri\u00e8re chaque porte se trouve un tiroir, une \u00e9tag\u00e8re r\u00e9glable\/amovible et un trou pour passe-partout avec couvercle dans le panneau arri\u00e8re.<\/p>\n<p><\/span>Int\u00e9rieur peint en blanc.<\/p>\n<p>Panneau arri\u00e8re blanc non fini.<\/p>\n<p>Patins ajustables<\/p>\n<p>Vous avez des questions sur ce produit ?<\/p>\n<p>Nos concepteurs sont l\u00e0 pour vous aider. Appelez-nous au (514) 340-9351 <\/p>\n","protected":false},"excerpt":{"rendered":"<p>Pi\u00e8ce d&rsquo;apparat captivante, la commode Skylar est compos\u00e9e d&rsquo;un caisson en bois de manguier envelopp\u00e9e d&rsquo;argent allemand lumineux. Un motif intrigant de lignes fluides ajoute de la texture et de la profondeur, tandis que la finition en argent antique conf\u00e8re un glamour vintage. Deux portes \u00e0 fermeture douce s&rsquo;ouvrent pour r\u00e9v\u00e9ler un int\u00e9rieur blanc avec un tiroir, une tablette ajustable et amovible et un passe-fil pour la gestion des c\u00e2bles.<\/p>\n<p>&nbsp;<\/p>\n","protected":false},"featured_media":256353,"template":"","meta":{"_kad_blocks_custom_css":"","_kad_blocks_head_custom_js":"","_kad_blocks_body_custom_js":"","_kad_blocks_footer_custom_js":"","_kad_post_transparent":"","_kad_post_title":"","_kad_post_layout":"","_kad_post_sidebar_id":"","_kad_post_content_style":"","_kad_post_vertical_padding":"","_kad_post_feature":"","_kad_post_feature_position":"","_kad_post_header":false,"_kad_post_footer":false,"_kad_post_classname":""},"product_brand":[],"product_cat":[1322],"product_tag":[1844],"class_list":{"0":"post-256336","1":"product","2":"type-product","3":"status-publish","4":"has-post-thumbnail","6":"product_cat-meubles-dappoint","7":"product_tag-barcelona-cg-fr-2","9":"first","10":"instock","11":"taxable","12":"shipping-taxable","13":"product-type-simple","14":"entry","15":"content-bg","16":"loop-entry"},"taxonomy_info":{"product_cat":[{"value":1322,"label":"Meubles d'appoint"}],"product_tag":[{"value":1844,"label":"BARCELONA - CG"}]},"featured_image_src_large":["https:\/\/www.avenuedesigncanada.com\/wp-content\/uploads\/2023\/10\/301118-1-1024x1024.jpg",1024,1024,true],"author_info":[],"comment_info":"","_links":{"self":[{"href":"https:\/\/www.avenuedesigncanada.com\/fr\/wp-json\/wp\/v2\/product\/256336","targetHints":{"allow":["GET"]}}],"collection":[{"href":"https:\/\/www.avenuedesigncanada.com\/fr\/wp-json\/wp\/v2\/product"}],"about":[{"href":"https:\/\/www.avenuedesigncanada.com\/fr\/wp-json\/wp\/v2\/types\/product"}],"wp:featuredmedia":[{"embeddable":true,"href":"https:\/\/www.avenuedesigncanada.com\/fr\/wp-json\/wp\/v2\/media\/256353"}],"wp:attachment":[{"href":"https:\/\/www.avenuedesigncanada.com\/fr\/wp-json\/wp\/v2\/media?parent=256336"}],"wp:term":[{"taxonomy":"product_brand","embeddable":true,"href":"https:\/\/www.avenuedesigncanada.com\/fr\/wp-json\/wp\/v2\/product_brand?post=256336"},{"taxonomy":"product_cat","embeddable":true,"href":"https:\/\/www.avenuedesigncanada.com\/fr\/wp-json\/wp\/v2\/product_cat?post=256336"},{"taxonomy":"product_tag","embeddable":true,"href":"https:\/\/www.avenuedesigncanada.com\/fr\/wp-json\/wp\/v2\/product_tag?post=256336"}],"curies":[{"name":"wp","href":"https:\/\/api.w.org\/{rel}","templated":true}]}}