{"id":256399,"date":"2023-10-27T17:13:35","date_gmt":"2023-10-27T21:13:35","guid":{"rendered":"https:\/\/www.avenuedesigncanada.com\/?post_type=product&#038;p=256399"},"modified":"2026-02-12T10:17:08","modified_gmt":"2026-02-12T15:17:08","slug":"console-seward","status":"publish","type":"product","link":"https:\/\/www.avenuedesigncanada.com\/fr\/product\/console-seward\/","title":{"rendered":"Console Seward"},"content":{"rendered":"<p><em>La table console Seward pr\u00e9sente les caract\u00e9ristiques suivantes :  <\/em><\/p>\n<p>Console envelopp\u00e9e de cuir blanc avec couture sellier blanche<br \/>\nLe cuir est un produit 100% naturel dont la teinte et la longueur peuvent varier<br \/>\nPatins r\u00e9glables<br \/>\nKit anti-pointes<\/p>\n<p>Avez-vous des questions \u00e0 propos de ce produit ?<\/p>\n<p>Nos designers sont l\u00e0 pour vous aider. Appelez-nous au (514) 340-9351<\/p>\n","protected":false},"excerpt":{"rendered":"<p>Avenue Design propose des meubles haut de gamme avec une touche \u00e9clectique. Simple, \u00e9pur\u00e9e et \u00e9l\u00e9gante, la table console Seward est envelopp\u00e9e de peau aux poils blancs pour un aspect organique et textur\u00e9. Les coutures sellier attirent l&rsquo;attention sur la qualit\u00e9 de l&rsquo;ex\u00e9cution.<\/p>\n","protected":false},"featured_media":256407,"template":"","meta":{"_kad_blocks_custom_css":"","_kad_blocks_head_custom_js":"","_kad_blocks_body_custom_js":"","_kad_blocks_footer_custom_js":"","_kad_post_transparent":"","_kad_post_title":"","_kad_post_layout":"","_kad_post_sidebar_id":"","_kad_post_content_style":"","_kad_post_vertical_padding":"","_kad_post_feature":"","_kad_post_feature_position":"","_kad_post_header":false,"_kad_post_footer":false,"_kad_post_classname":""},"product_brand":[],"product_cat":[1328],"product_tag":[1844],"class_list":{"0":"post-256399","1":"product","2":"type-product","3":"status-publish","4":"has-post-thumbnail","6":"product_cat-consoles","7":"product_tag-barcelona-cg-fr-2","9":"first","10":"instock","11":"taxable","12":"shipping-taxable","13":"product-type-simple","14":"entry","15":"content-bg","16":"loop-entry"},"taxonomy_info":{"product_cat":[{"value":1328,"label":"Consoles"}],"product_tag":[{"value":1844,"label":"BARCELONA - CG"}]},"featured_image_src_large":["https:\/\/www.avenuedesigncanada.com\/wp-content\/uploads\/2023\/10\/379906-1024x1024.jpg",1024,1024,true],"author_info":[],"comment_info":"","_links":{"self":[{"href":"https:\/\/www.avenuedesigncanada.com\/fr\/wp-json\/wp\/v2\/product\/256399","targetHints":{"allow":["GET"]}}],"collection":[{"href":"https:\/\/www.avenuedesigncanada.com\/fr\/wp-json\/wp\/v2\/product"}],"about":[{"href":"https:\/\/www.avenuedesigncanada.com\/fr\/wp-json\/wp\/v2\/types\/product"}],"wp:featuredmedia":[{"embeddable":true,"href":"https:\/\/www.avenuedesigncanada.com\/fr\/wp-json\/wp\/v2\/media\/256407"}],"wp:attachment":[{"href":"https:\/\/www.avenuedesigncanada.com\/fr\/wp-json\/wp\/v2\/media?parent=256399"}],"wp:term":[{"taxonomy":"product_brand","embeddable":true,"href":"https:\/\/www.avenuedesigncanada.com\/fr\/wp-json\/wp\/v2\/product_brand?post=256399"},{"taxonomy":"product_cat","embeddable":true,"href":"https:\/\/www.avenuedesigncanada.com\/fr\/wp-json\/wp\/v2\/product_cat?post=256399"},{"taxonomy":"product_tag","embeddable":true,"href":"https:\/\/www.avenuedesigncanada.com\/fr\/wp-json\/wp\/v2\/product_tag?post=256399"}],"curies":[{"name":"wp","href":"https:\/\/api.w.org\/{rel}","templated":true}]}}