{"id":256719,"date":"2023-10-30T16:10:39","date_gmt":"2023-10-30T20:10:39","guid":{"rendered":"https:\/\/www.avenuedesigncanada.com\/?post_type=product&#038;p=256719"},"modified":"2026-02-12T10:17:08","modified_gmt":"2026-02-12T15:17:08","slug":"tabouret-de-comptoir-kemp-fini-brosse","status":"publish","type":"product","link":"https:\/\/www.avenuedesigncanada.com\/fr\/product\/tabouret-de-comptoir-kemp-fini-brosse\/","title":{"rendered":"Tabouret de comptoir Kemp &#8211; Wire-Brushed"},"content":{"rendered":"<p><em>Le tabouret de comptoir Kemp pr\u00e9sente les caract\u00e9ristiques suivantes :<\/em><br \/>\nCette \u00e9dition bross\u00e9e pr\u00e9sente un dossier et une assise courb\u00e9s et enti\u00e8rement rembourr\u00e9s, associ\u00e9s \u00e0 un cadre en bois robuste. Une plaque de pied en nickel brillant ajoute un accent moderne, tandis que les patins au sol assurent un mouvement sans effort. <\/p>\n<p>Options :<br \/>\nDisponible dans d&rsquo;autres tissus. Propos\u00e9 dans les finitions Glacier White, Midnight Black et Weathered Greige. \u00c9galement disponible dans des finitions non bross\u00e9es, notamment Cocoa, Portobello et Smoke.  <\/p>\n<p>Avez-vous des questions \u00e0 propos de ce produit ?<br \/>\nNos designers sont l\u00e0 pour vous aider. Appelez-nous au (514) 340-9351<\/p>\n","protected":false},"excerpt":{"rendered":"<p>Le tabouret de comptoir Kemp r\u00e9imagine une chaise \u00e0 oreilles classique dans un style plus moderne. Le si\u00e8ge enti\u00e8rement rembourr\u00e9 est soutenu par un cadre en bois bross\u00e9 qui est disponible en trois finitions : Midnight Black, Weathered Greige et Glacier White. <\/p>\n<\/div>\n<\/div>\n<\/div>\n<p>&nbsp;<\/p>\n<\/div>\n<\/div>\n<\/div>\n<\/div>\n","protected":false},"featured_media":256723,"template":"","meta":{"_kad_blocks_custom_css":"","_kad_blocks_head_custom_js":"","_kad_blocks_body_custom_js":"","_kad_blocks_footer_custom_js":"","_kad_post_transparent":"","_kad_post_title":"","_kad_post_layout":"","_kad_post_sidebar_id":"","_kad_post_content_style":"","_kad_post_vertical_padding":"","_kad_post_feature":"","_kad_post_feature_position":"","_kad_post_header":false,"_kad_post_footer":false,"_kad_post_classname":""},"product_brand":[],"product_cat":[1305],"product_tag":[1851],"class_list":{"0":"post-256719","1":"product","2":"type-product","3":"status-publish","4":"has-post-thumbnail","6":"product_cat-tabourets","7":"product_tag-barcelona-fr","9":"first","10":"instock","11":"taxable","12":"shipping-taxable","13":"product-type-simple","14":"entry","15":"content-bg","16":"loop-entry"},"taxonomy_info":{"product_cat":[{"value":1305,"label":"Tabourets"}],"product_tag":[{"value":1851,"label":"BARCELONA"}]},"featured_image_src_large":["https:\/\/www.avenuedesigncanada.com\/wp-content\/uploads\/2023\/10\/305585W_103-1024x1024.jpg",1024,1024,true],"author_info":[],"comment_info":"","_links":{"self":[{"href":"https:\/\/www.avenuedesigncanada.com\/fr\/wp-json\/wp\/v2\/product\/256719","targetHints":{"allow":["GET"]}}],"collection":[{"href":"https:\/\/www.avenuedesigncanada.com\/fr\/wp-json\/wp\/v2\/product"}],"about":[{"href":"https:\/\/www.avenuedesigncanada.com\/fr\/wp-json\/wp\/v2\/types\/product"}],"wp:featuredmedia":[{"embeddable":true,"href":"https:\/\/www.avenuedesigncanada.com\/fr\/wp-json\/wp\/v2\/media\/256723"}],"wp:attachment":[{"href":"https:\/\/www.avenuedesigncanada.com\/fr\/wp-json\/wp\/v2\/media?parent=256719"}],"wp:term":[{"taxonomy":"product_brand","embeddable":true,"href":"https:\/\/www.avenuedesigncanada.com\/fr\/wp-json\/wp\/v2\/product_brand?post=256719"},{"taxonomy":"product_cat","embeddable":true,"href":"https:\/\/www.avenuedesigncanada.com\/fr\/wp-json\/wp\/v2\/product_cat?post=256719"},{"taxonomy":"product_tag","embeddable":true,"href":"https:\/\/www.avenuedesigncanada.com\/fr\/wp-json\/wp\/v2\/product_tag?post=256719"}],"curies":[{"name":"wp","href":"https:\/\/api.w.org\/{rel}","templated":true}]}}