{"id":257022,"date":"2023-10-31T11:09:47","date_gmt":"2023-10-31T15:09:47","guid":{"rendered":"https:\/\/www.avenuedesigncanada.com\/?post_type=product&#038;p=257022"},"modified":"2026-02-12T10:17:09","modified_gmt":"2026-02-12T15:17:09","slug":"tabouret-de-bar-hyde","status":"publish","type":"product","link":"https:\/\/www.avenuedesigncanada.com\/fr\/product\/tabouret-de-bar-hyde\/","title":{"rendered":"Tabouret de bar Hyde"},"content":{"rendered":"<p><em>Le tabouret de bar Hyde pr\u00e9sente les caract\u00e9ristiques suivantes :<\/em><br \/>\nCe tabouret de bar en fil m\u00e9tallique bross\u00e9 offre un confort et une finition sur mesure gr\u00e2ce \u00e0 son rev\u00eatement en canaux horizontaux \u00e0 l&rsquo;int\u00e9rieur du dossier et \u00e0 son assise enti\u00e8rement rembourr\u00e9e. Le cadre en bois est rehauss\u00e9 d&rsquo;un rail en m\u00e9tal recouvert de poudre noire pour une touche audacieuse et contemporaine. <\/p>\n<p>Options :<br \/>\nDisponible dans d&rsquo;autres tissus.<br \/>\nPropos\u00e9 dans les finitions Glacier White, Midnight Black et Weathered Greige.<br \/>\n\u00c9galement disponible dans des finitions non bross\u00e9es, notamment Cocoa, Portobello et Smoke.<\/p>\n<p>Avez-vous des questions \u00e0 propos de ce produit ?<br \/>\nNos designers sont l\u00e0 pour vous aider. Appelez-nous au (514) 340-9351<\/p>\n","protected":false},"excerpt":{"rendered":"<p>Le tabouret de bar Hyde cr\u00e9e une v\u00e9ritable destination confort avec son assise enti\u00e8rement rembourr\u00e9e. Le cadre en bois est propos\u00e9 en trois finitions : Cacao, Portobello et Smoke. Une finition noire est appos\u00e9e sur le rail en m\u00e9tal de la barre d&rsquo;appui avant.  <\/p>\n","protected":false},"featured_media":257026,"template":"","meta":{"_kad_blocks_custom_css":"","_kad_blocks_head_custom_js":"","_kad_blocks_body_custom_js":"","_kad_blocks_footer_custom_js":"","_kad_post_transparent":"","_kad_post_title":"","_kad_post_layout":"","_kad_post_sidebar_id":"","_kad_post_content_style":"","_kad_post_vertical_padding":"","_kad_post_feature":"","_kad_post_feature_position":"","_kad_post_header":false,"_kad_post_footer":false,"_kad_post_classname":""},"product_brand":[],"product_cat":[1305],"product_tag":[1851],"class_list":{"0":"post-257022","1":"product","2":"type-product","3":"status-publish","4":"has-post-thumbnail","6":"product_cat-tabourets","7":"product_tag-barcelona-fr","9":"first","10":"instock","11":"product-type-simple","12":"entry","13":"content-bg","14":"loop-entry"},"taxonomy_info":{"product_cat":[{"value":1305,"label":"Tabourets"}],"product_tag":[{"value":1851,"label":"BARCELONA"}]},"featured_image_src_large":["https:\/\/www.avenuedesigncanada.com\/wp-content\/uploads\/2023\/10\/305588N_103-1024x1024.jpg",1024,1024,true],"author_info":[],"comment_info":"","_links":{"self":[{"href":"https:\/\/www.avenuedesigncanada.com\/fr\/wp-json\/wp\/v2\/product\/257022","targetHints":{"allow":["GET"]}}],"collection":[{"href":"https:\/\/www.avenuedesigncanada.com\/fr\/wp-json\/wp\/v2\/product"}],"about":[{"href":"https:\/\/www.avenuedesigncanada.com\/fr\/wp-json\/wp\/v2\/types\/product"}],"wp:featuredmedia":[{"embeddable":true,"href":"https:\/\/www.avenuedesigncanada.com\/fr\/wp-json\/wp\/v2\/media\/257026"}],"wp:attachment":[{"href":"https:\/\/www.avenuedesigncanada.com\/fr\/wp-json\/wp\/v2\/media?parent=257022"}],"wp:term":[{"taxonomy":"product_brand","embeddable":true,"href":"https:\/\/www.avenuedesigncanada.com\/fr\/wp-json\/wp\/v2\/product_brand?post=257022"},{"taxonomy":"product_cat","embeddable":true,"href":"https:\/\/www.avenuedesigncanada.com\/fr\/wp-json\/wp\/v2\/product_cat?post=257022"},{"taxonomy":"product_tag","embeddable":true,"href":"https:\/\/www.avenuedesigncanada.com\/fr\/wp-json\/wp\/v2\/product_tag?post=257022"}],"curies":[{"name":"wp","href":"https:\/\/api.w.org\/{rel}","templated":true}]}}