{"id":257035,"date":"2023-10-31T11:20:44","date_gmt":"2023-10-31T15:20:44","guid":{"rendered":"https:\/\/www.avenuedesigncanada.com\/?post_type=product&#038;p=257035"},"modified":"2026-02-12T10:17:10","modified_gmt":"2026-02-12T15:17:10","slug":"tabouret-de-comptoir-hyde-fini-brosse","status":"publish","type":"product","link":"https:\/\/www.avenuedesigncanada.com\/fr\/product\/tabouret-de-comptoir-hyde-fini-brosse\/","title":{"rendered":"Tabouret de comptoir Hyde &#8211; Wire-Brushed"},"content":{"rendered":"<p><em>Le tabouret de comptoir Hyde pr\u00e9sente les caract\u00e9ristiques suivantes :<\/em><br \/>\nUn design raffin\u00e9 avec un rembourrage \u00e0 canaux horizontaux \u00e0 l&rsquo;int\u00e9rieur du dossier, un ext\u00e9rieur rembourr\u00e9 lisse et un si\u00e8ge rembourr\u00e9 avec une garniture en tr\u00e9pointe. Le cadre en bois bross\u00e9 est associ\u00e9 \u00e0 un rail en m\u00e9tal recouvert de poudre noire sur le ch\u00e2ssis avant, cr\u00e9ant un look qui allie confort et modernit\u00e9. <\/p>\n<p>Options :<br \/>\nDisponible dans d&rsquo;autres tissus. Propos\u00e9 dans les finitions Glacier White, Midnight Black et Weathered Greige. \u00c9galement disponible dans des finitions non bross\u00e9es, notamment Cocoa, Portobello et Smoke.  <\/p>\n<p>Avez-vous des questions \u00e0 propos de ce produit ?<br \/>\nNos designers sont l\u00e0 pour vous aider. Appelez-nous au (514) 340-9351<\/p>\n","protected":false},"excerpt":{"rendered":"<p>Le tabouret de comptoir Hyde cr\u00e9e une destination de confort avec un dossier et une assise tapiss\u00e9s de canaux horizontaux. La structure en bois est propos\u00e9e en trois finitions : Midnight Black, Weathered Greige et Glacier White. Le rail en m\u00e9tal de la traverse avant pr\u00e9sente une finition noire.  <\/p>\n","protected":false},"featured_media":257039,"template":"","meta":{"_kad_blocks_custom_css":"","_kad_blocks_head_custom_js":"","_kad_blocks_body_custom_js":"","_kad_blocks_footer_custom_js":"","_kad_post_transparent":"","_kad_post_title":"","_kad_post_layout":"","_kad_post_sidebar_id":"","_kad_post_content_style":"","_kad_post_vertical_padding":"","_kad_post_feature":"","_kad_post_feature_position":"","_kad_post_header":false,"_kad_post_footer":false,"_kad_post_classname":""},"product_brand":[],"product_cat":[1305],"product_tag":[1851],"class_list":{"0":"post-257035","1":"product","2":"type-product","3":"status-publish","4":"has-post-thumbnail","6":"product_cat-tabourets","7":"product_tag-barcelona-fr","9":"first","10":"instock","11":"taxable","12":"shipping-taxable","13":"product-type-simple","14":"entry","15":"content-bg","16":"loop-entry"},"taxonomy_info":{"product_cat":[{"value":1305,"label":"Tabourets"}],"product_tag":[{"value":1851,"label":"BARCELONA"}]},"featured_image_src_large":["https:\/\/www.avenuedesigncanada.com\/wp-content\/uploads\/2023\/10\/305587W_103-1024x1024.jpg",1024,1024,true],"author_info":[],"comment_info":"","_links":{"self":[{"href":"https:\/\/www.avenuedesigncanada.com\/fr\/wp-json\/wp\/v2\/product\/257035","targetHints":{"allow":["GET"]}}],"collection":[{"href":"https:\/\/www.avenuedesigncanada.com\/fr\/wp-json\/wp\/v2\/product"}],"about":[{"href":"https:\/\/www.avenuedesigncanada.com\/fr\/wp-json\/wp\/v2\/types\/product"}],"wp:featuredmedia":[{"embeddable":true,"href":"https:\/\/www.avenuedesigncanada.com\/fr\/wp-json\/wp\/v2\/media\/257039"}],"wp:attachment":[{"href":"https:\/\/www.avenuedesigncanada.com\/fr\/wp-json\/wp\/v2\/media?parent=257035"}],"wp:term":[{"taxonomy":"product_brand","embeddable":true,"href":"https:\/\/www.avenuedesigncanada.com\/fr\/wp-json\/wp\/v2\/product_brand?post=257035"},{"taxonomy":"product_cat","embeddable":true,"href":"https:\/\/www.avenuedesigncanada.com\/fr\/wp-json\/wp\/v2\/product_cat?post=257035"},{"taxonomy":"product_tag","embeddable":true,"href":"https:\/\/www.avenuedesigncanada.com\/fr\/wp-json\/wp\/v2\/product_tag?post=257035"}],"curies":[{"name":"wp","href":"https:\/\/api.w.org\/{rel}","templated":true}]}}