{"id":258133,"date":"2023-11-06T13:08:15","date_gmt":"2023-11-06T18:08:15","guid":{"rendered":"https:\/\/www.avenuedesigncanada.com\/?post_type=product&#038;p=258133"},"modified":"2026-02-12T10:17:13","modified_gmt":"2026-02-12T15:17:13","slug":"chaise-edge","status":"publish","type":"product","link":"https:\/\/www.avenuedesigncanada.com\/fr\/product\/chaise-edge\/","title":{"rendered":"Cha\u00eese Edge"},"content":{"rendered":"<p><em>Les caract\u00e9ristiques de la cha\u00eese Edge:<\/em><\/p>\n<p>Assise et dossier rembourr\u00e9s attach\u00e9s<\/p>\n<p>Remplissage standard en Poly Dacron<\/p>\n<p>Bois de noyer blanchi<\/p>\n<p>Options<\/p>\n<p>Teinture, Peinture, Peinture m\u00e9tallique, Artisan, MIY, Premium Leaf<\/p>\n<p>Disponible dans une multitude de tissus ou de cuirs<\/p>\n<p>Comme montr\u00e9:<\/p>\n<p>Tissu: Tate Moonstone. Fini: Camel.<\/p>\n<p>Vous avez des questions sur ce produit ? Nos concepteurs sont l\u00e0 pour vous aider. Appelez-nous au (514) 340-9351  <\/p>\n","protected":false},"excerpt":{"rendered":"<p>Sophistiqu\u00e9. Confiante. Sans limite. La collection Edge incarne l&rsquo;attrait durable de l&rsquo;esth\u00e9tique du design organique moderne. Sa conception intuitive t\u00e9moigne d&rsquo;une affinit\u00e9 pour la beaut\u00e9 de la nature et d&rsquo;un mouvement vers les mat\u00e9riaux de base. Les lignes \u00e9pur\u00e9es et les silhouettes simplifi\u00e9es sont associ\u00e9es \u00e0 une palette multicouche comprenant des placages de ronce de mappa, des massifs de noyer blanchi, du travertin et des accents de laiton satin\u00e9. La beaut\u00e9 brute du noyer est mise en valeur par des finitions naturelles qui permettent au mat\u00e9riau de parler de lui-m\u00eame. En harmonie avec le paysage, leurs conceptions distinctives refl\u00e8tent la nature d&rsquo;une modernit\u00e9 raffin\u00e9e et sont destin\u00e9es \u00e0 occuper admirablement leur milieu.<\/p>\n","protected":false},"featured_media":258135,"template":"","meta":{"_kad_blocks_custom_css":"","_kad_blocks_head_custom_js":"","_kad_blocks_body_custom_js":"","_kad_blocks_footer_custom_js":"","_kad_post_transparent":"","_kad_post_title":"","_kad_post_layout":"","_kad_post_sidebar_id":"","_kad_post_content_style":"","_kad_post_vertical_padding":"","_kad_post_feature":"","_kad_post_feature_position":"","_kad_post_header":false,"_kad_post_footer":false,"_kad_post_classname":""},"product_brand":[],"product_cat":[1302],"product_tag":[1369],"class_list":{"0":"post-258133","1":"product","2":"type-product","3":"status-publish","4":"has-post-thumbnail","6":"product_cat-chaises","7":"product_tag-theodore-fr","9":"first","10":"instock","11":"taxable","12":"shipping-taxable","13":"product-type-simple","14":"entry","15":"content-bg","16":"loop-entry"},"taxonomy_info":{"product_cat":[{"value":1302,"label":"Chaises"}],"product_tag":[{"value":1369,"label":"THEODORE"}]},"featured_image_src_large":["https:\/\/www.avenuedesigncanada.com\/wp-content\/uploads\/2023\/11\/V1185S_CA-TATE-MOONSTONE-ANG-1024x1024.jpg",1024,1024,true],"author_info":[],"comment_info":"","_links":{"self":[{"href":"https:\/\/www.avenuedesigncanada.com\/fr\/wp-json\/wp\/v2\/product\/258133","targetHints":{"allow":["GET"]}}],"collection":[{"href":"https:\/\/www.avenuedesigncanada.com\/fr\/wp-json\/wp\/v2\/product"}],"about":[{"href":"https:\/\/www.avenuedesigncanada.com\/fr\/wp-json\/wp\/v2\/types\/product"}],"wp:featuredmedia":[{"embeddable":true,"href":"https:\/\/www.avenuedesigncanada.com\/fr\/wp-json\/wp\/v2\/media\/258135"}],"wp:attachment":[{"href":"https:\/\/www.avenuedesigncanada.com\/fr\/wp-json\/wp\/v2\/media?parent=258133"}],"wp:term":[{"taxonomy":"product_brand","embeddable":true,"href":"https:\/\/www.avenuedesigncanada.com\/fr\/wp-json\/wp\/v2\/product_brand?post=258133"},{"taxonomy":"product_cat","embeddable":true,"href":"https:\/\/www.avenuedesigncanada.com\/fr\/wp-json\/wp\/v2\/product_cat?post=258133"},{"taxonomy":"product_tag","embeddable":true,"href":"https:\/\/www.avenuedesigncanada.com\/fr\/wp-json\/wp\/v2\/product_tag?post=258133"}],"curies":[{"name":"wp","href":"https:\/\/api.w.org\/{rel}","templated":true}]}}