{"id":258238,"date":"2023-11-07T11:33:39","date_gmt":"2023-11-07T16:33:39","guid":{"rendered":"https:\/\/www.avenuedesigncanada.com\/?post_type=product&#038;p=258238"},"modified":"2026-02-12T10:17:15","modified_gmt":"2026-02-12T15:17:15","slug":"console-media-edge","status":"publish","type":"product","link":"https:\/\/www.avenuedesigncanada.com\/fr\/product\/console-media-edge\/","title":{"rendered":"Console m\u00e9dia Edge"},"content":{"rendered":"<p><em>Les caract\u00e9ristiques de la console m\u00e9dia Edge:<\/em><\/p>\n<p>Solides et placages en noyer blanchi<br \/>\nQuatre portes avec tirettes sur le bord inf\u00e9rieur<br \/>\nTrois tiroirs avec tirettes sur le bord lat\u00e9ral<br \/>\nDeux \u00e9tag\u00e8res r\u00e9glables derri\u00e8re les portes gauche et centrale<br \/>\nBase et accents en travertin<\/p>\n<p>Options :<br \/>\nStain, Paint, Metallic Paint, Artisan, MIY, Premium Leaf, Combination Finishing<\/p>\n<p>Comme illustr\u00e9 :<br \/>\nFinition : Ombre clair<\/p>\n<p>Sophistiqu\u00e9. Confiante. Sans limite.<\/p>\n<p>Vous avez des questions sur ce produit ?<br \/>\nNos concepteurs sont l\u00e0 pour vous aider.<br \/>\nAppelez-nous au (514) 340-9351<\/p>\n","protected":false},"excerpt":{"rendered":"<p>La collection Edge incarne l&rsquo;attrait durable de l&rsquo;esth\u00e9tique du design organique moderne. Sa conception intuitive t\u00e9moigne d&rsquo;une affinit\u00e9 pour la beaut\u00e9 de la nature et d&rsquo;un mouvement vers les mat\u00e9riaux de base. Les lignes \u00e9pur\u00e9es et les silhouettes simplifi\u00e9es sont associ\u00e9es \u00e0 une palette multicouche comprenant des placages de ronce de mappa, des massifs de noyer blanchi, du travertin et des accents de laiton satin\u00e9. La beaut\u00e9 brute du noyer est mise en valeur par des finitions naturelles qui permettent au mat\u00e9riau de parler de lui-m\u00eame. En harmonie avec le paysage, leurs conceptions distinctives refl\u00e8tent la nature d&rsquo;une modernit\u00e9 raffin\u00e9e et sont destin\u00e9es \u00e0 occuper admirablement leur milieu.<\/p>\n<p>&nbsp;<\/p>\n","protected":false},"featured_media":258240,"template":"","meta":{"_kad_blocks_custom_css":"","_kad_blocks_head_custom_js":"","_kad_blocks_body_custom_js":"","_kad_blocks_footer_custom_js":"","_kad_post_transparent":"","_kad_post_title":"","_kad_post_layout":"","_kad_post_sidebar_id":"","_kad_post_content_style":"","_kad_post_vertical_padding":"","_kad_post_feature":"","_kad_post_feature_position":"","_kad_post_header":false,"_kad_post_footer":false,"_kad_post_classname":""},"product_brand":[],"product_cat":[1326],"product_tag":[1369],"class_list":{"0":"post-258238","1":"product","2":"type-product","3":"status-publish","4":"has-post-thumbnail","6":"product_cat-cabinets-media","7":"product_tag-theodore-fr","9":"first","10":"instock","11":"taxable","12":"shipping-taxable","13":"product-type-simple","14":"entry","15":"content-bg","16":"loop-entry"},"taxonomy_info":{"product_cat":[{"value":1326,"label":"Meubles Media"}],"product_tag":[{"value":1369,"label":"THEODORE"}]},"featured_image_src_large":["https:\/\/www.avenuedesigncanada.com\/wp-content\/uploads\/2023\/11\/P588ET_UL-HO-1024x1024.jpg",1024,1024,true],"author_info":[],"comment_info":"","_links":{"self":[{"href":"https:\/\/www.avenuedesigncanada.com\/fr\/wp-json\/wp\/v2\/product\/258238","targetHints":{"allow":["GET"]}}],"collection":[{"href":"https:\/\/www.avenuedesigncanada.com\/fr\/wp-json\/wp\/v2\/product"}],"about":[{"href":"https:\/\/www.avenuedesigncanada.com\/fr\/wp-json\/wp\/v2\/types\/product"}],"wp:featuredmedia":[{"embeddable":true,"href":"https:\/\/www.avenuedesigncanada.com\/fr\/wp-json\/wp\/v2\/media\/258240"}],"wp:attachment":[{"href":"https:\/\/www.avenuedesigncanada.com\/fr\/wp-json\/wp\/v2\/media?parent=258238"}],"wp:term":[{"taxonomy":"product_brand","embeddable":true,"href":"https:\/\/www.avenuedesigncanada.com\/fr\/wp-json\/wp\/v2\/product_brand?post=258238"},{"taxonomy":"product_cat","embeddable":true,"href":"https:\/\/www.avenuedesigncanada.com\/fr\/wp-json\/wp\/v2\/product_cat?post=258238"},{"taxonomy":"product_tag","embeddable":true,"href":"https:\/\/www.avenuedesigncanada.com\/fr\/wp-json\/wp\/v2\/product_tag?post=258238"}],"curies":[{"name":"wp","href":"https:\/\/api.w.org\/{rel}","templated":true}]}}